{"id":380,"date":"2023-05-07T13:59:30","date_gmt":"2023-05-07T11:59:30","guid":{"rendered":"http:\/\/10.0.0.76\/?post_type=product&#038;p=380"},"modified":"2025-05-26T01:34:24","modified_gmt":"2025-05-25T23:34:24","slug":"pied-couche-inegale-38","status":"publish","type":"product","link":"https:\/\/berninabrussels.be\/?product=pied-couche-inegale-38","title":{"rendered":"Pied couche in\u00e9gale 38"},"content":{"rendered":"<h3>Pied 38 couche in\u00e9gale, velcro, mini-passepoil\u00a0BERNINA<\/h3>\n<p align=\"left\">Souvent appel\u00e9 \u00ab\u00a0pied in\u00e9gal\u00a0\u00bb, ses semelles sont d&rsquo;une hauteur diff\u00e9rente. C&rsquo;est pourquoi il est l&rsquo;outil id\u00e9al pour appliquer des passepoils fins \u00e0 moyennement \u00e9pais ainsi que pour la couture d&rsquo;\u00e9paisseurs irr\u00e9guli\u00e8res de tissus.<\/p>\n<p align=\"left\">Le c\u00f4t\u00e9 droit du pied pour passepoils est sur\u00e9lev\u00e9, ce qui facilite l&rsquo;avancement des \u00e9paisseurs de tissu lors de la couture.<\/p>\n<p align=\"left\">En plus des ouvrages de passementerie, le pied est adapt\u00e9 pour la couture de rubans \u00e9pais, de cordons ou de de bandes auto-agrippantes tel que le velcro.<\/p>\n","protected":false},"excerpt":{"rendered":"<p>Pied 38 couche in\u00e9gale, velcro, mini-passepoil\u00a0BERNINA Souvent appel\u00e9 \u00ab\u00a0pied in\u00e9gal\u00a0\u00bb, ses semelles sont d&rsquo;une hauteur diff\u00e9rente. C&rsquo;est pourquoi il est l&rsquo;outil id\u00e9al pour appliquer des passepoils fins \u00e0 moyennement \u00e9pais ainsi que pour la couture d&rsquo;\u00e9paisseurs irr\u00e9guli\u00e8res de tissus. Le c\u00f4t\u00e9 droit du pied pour passepoils est sur\u00e9lev\u00e9, ce qui facilite l&rsquo;avancement des \u00e9paisseurs de&hellip;<\/p>\n","protected":false},"featured_media":381,"comment_status":"open","ping_status":"closed","template":"","meta":{"om_disable_all_campaigns":false,"_monsterinsights_skip_tracking":false,"_monsterinsights_sitenote_active":false,"_monsterinsights_sitenote_note":"","_monsterinsights_sitenote_category":0,"_uf_show_specific_survey":0,"_uf_disable_surveys":false},"product_brand":[],"product_cat":[42,44,240,192],"product_tag":[125],"giftcard-category":[],"class_list":{"0":"post-380","1":"product","2":"type-product","3":"status-publish","4":"has-post-thumbnail","6":"product_cat-accesoires","7":"product_cat-machine-a-coudre","8":"product_cat-pieds-presseurs","9":"product_cat-autres","10":"product_tag-bernina","12":"first","13":"instock","14":"sale","15":"shipping-taxable","16":"purchasable","17":"product-type-simple"},"aioseo_notices":[],"jetpack_sharing_enabled":true,"_links":{"self":[{"href":"https:\/\/berninabrussels.be\/index.php?rest_route=\/wp\/v2\/product\/380","targetHints":{"allow":["GET"]}}],"collection":[{"href":"https:\/\/berninabrussels.be\/index.php?rest_route=\/wp\/v2\/product"}],"about":[{"href":"https:\/\/berninabrussels.be\/index.php?rest_route=\/wp\/v2\/types\/product"}],"replies":[{"embeddable":true,"href":"https:\/\/berninabrussels.be\/index.php?rest_route=%2Fwp%2Fv2%2Fcomments&post=380"}],"wp:featuredmedia":[{"embeddable":true,"href":"https:\/\/berninabrussels.be\/index.php?rest_route=\/wp\/v2\/media\/381"}],"wp:attachment":[{"href":"https:\/\/berninabrussels.be\/index.php?rest_route=%2Fwp%2Fv2%2Fmedia&parent=380"}],"wp:term":[{"taxonomy":"product_brand","embeddable":true,"href":"https:\/\/berninabrussels.be\/index.php?rest_route=%2Fwp%2Fv2%2Fproduct_brand&post=380"},{"taxonomy":"product_cat","embeddable":true,"href":"https:\/\/berninabrussels.be\/index.php?rest_route=%2Fwp%2Fv2%2Fproduct_cat&post=380"},{"taxonomy":"product_tag","embeddable":true,"href":"https:\/\/berninabrussels.be\/index.php?rest_route=%2Fwp%2Fv2%2Fproduct_tag&post=380"},{"taxonomy":"giftcard-category","embeddable":true,"href":"https:\/\/berninabrussels.be\/index.php?rest_route=%2Fwp%2Fv2%2Fgiftcard-category&post=380"}],"curies":[{"name":"wp","href":"https:\/\/api.w.org\/{rel}","templated":true}]}}