{"id":3738,"date":"2025-11-26T12:50:29","date_gmt":"2025-11-26T11:50:29","guid":{"rendered":"https:\/\/berninabrussels.be\/?product=carte-cadeau"},"modified":"2025-11-26T16:33:14","modified_gmt":"2025-11-26T15:33:14","slug":"carte-cadeau","status":"publish","type":"product","link":"https:\/\/berninabrussels.be\/?product=carte-cadeau","title":{"rendered":"Ch\u00e8que Cadeau"},"content":{"rendered":"<p data-start=\"1206\" data-end=\"1253\">Offrez le plaisir de coudre, tricoter, crocheter ou broder avec notre ch\u00e8que cadeau Mercerie La Tulipe.<\/p>\n<p data-start=\"1368\" data-end=\"1453\">\ud83e\uddf5 Utilisable sur les machines, les accessoires, les fils, les laines et les cours.<\/p>\n<p data-start=\"1460\" data-end=\"1629\">\u2705 Vous choisissez le montant (minimum 10 \u20ac).<br data-start=\"1504\" data-end=\"1507\" \/>\u2705 Le b\u00e9n\u00e9ficiaire re\u00e7oit un joli ch\u00e8que cadeau personnalis\u00e9.<br data-start=\"1569\" data-end=\"1572\" \/>\u2705 Ch\u00e8que valable 1 an \u00e0 partir de la date d\u2019\u00e9mission.<\/p>\n<p data-start=\"1460\" data-end=\"1629\">\u2705Valable en boutique ou sur le site internet<\/p>\n<blockquote data-start=\"1656\" data-end=\"1782\">\n<p data-start=\"1658\" data-end=\"1782\">\n<\/blockquote>\n","protected":false},"excerpt":{"rendered":"<p data-start=\"1631\" data-end=\"1655\"><strong data-start=\"1631\" data-end=\"1653\">Description courte<\/strong><\/p>\n<blockquote data-start=\"1656\" data-end=\"1782\">\n<p data-start=\"1658\" data-end=\"1782\">Choisissez le montant de votre ch\u00e8que cadeau (min. 10 \u20ac) et offrez-le \u00e0 la personne de votre choix. Valable 1 an en magasin ou sur le webshop<\/p>\n<\/blockquote>\n","protected":false},"featured_media":3743,"comment_status":"open","ping_status":"closed","template":"","meta":{"om_disable_all_campaigns":false,"_monsterinsights_skip_tracking":false,"_monsterinsights_sitenote_active":false,"_monsterinsights_sitenote_note":"","_monsterinsights_sitenote_category":0,"_uf_show_specific_survey":0,"_uf_disable_surveys":false},"product_brand":[],"product_cat":[15],"product_tag":[],"giftcard-category":[],"class_list":{"0":"post-3738","1":"product","2":"type-product","3":"status-publish","4":"has-post-thumbnail","6":"product_cat-non-classe","8":"first","9":"instock","10":"purchasable","11":"product-type-pw-gift-card"},"aioseo_notices":[],"jetpack_sharing_enabled":true,"_links":{"self":[{"href":"https:\/\/berninabrussels.be\/index.php?rest_route=\/wp\/v2\/product\/3738","targetHints":{"allow":["GET"]}}],"collection":[{"href":"https:\/\/berninabrussels.be\/index.php?rest_route=\/wp\/v2\/product"}],"about":[{"href":"https:\/\/berninabrussels.be\/index.php?rest_route=\/wp\/v2\/types\/product"}],"replies":[{"embeddable":true,"href":"https:\/\/berninabrussels.be\/index.php?rest_route=%2Fwp%2Fv2%2Fcomments&post=3738"}],"wp:featuredmedia":[{"embeddable":true,"href":"https:\/\/berninabrussels.be\/index.php?rest_route=\/wp\/v2\/media\/3743"}],"wp:attachment":[{"href":"https:\/\/berninabrussels.be\/index.php?rest_route=%2Fwp%2Fv2%2Fmedia&parent=3738"}],"wp:term":[{"taxonomy":"product_brand","embeddable":true,"href":"https:\/\/berninabrussels.be\/index.php?rest_route=%2Fwp%2Fv2%2Fproduct_brand&post=3738"},{"taxonomy":"product_cat","embeddable":true,"href":"https:\/\/berninabrussels.be\/index.php?rest_route=%2Fwp%2Fv2%2Fproduct_cat&post=3738"},{"taxonomy":"product_tag","embeddable":true,"href":"https:\/\/berninabrussels.be\/index.php?rest_route=%2Fwp%2Fv2%2Fproduct_tag&post=3738"},{"taxonomy":"giftcard-category","embeddable":true,"href":"https:\/\/berninabrussels.be\/index.php?rest_route=%2Fwp%2Fv2%2Fgiftcard-category&post=3738"}],"curies":[{"name":"wp","href":"https:\/\/api.w.org\/{rel}","templated":true}]}}