{"id":365,"date":"2023-05-07T12:18:45","date_gmt":"2023-05-07T10:18:45","guid":{"rendered":"https:\/\/berninabrussels.be\/?post_type=product&#038;p=365"},"modified":"2023-05-07T13:56:03","modified_gmt":"2023-05-07T11:56:03","slug":"pied-pour-cordonnet-a-3-rainures-22","status":"publish","type":"product","link":"https:\/\/berninabrussels.be\/?product=pied-pour-cordonnet-a-3-rainures-22","title":{"rendered":"Pied pour cordonnet \u00e0 3 rainures 22"},"content":{"rendered":"<h3>Pied 22 cordonnet, ganseur 3 rainures BERNINA<\/h3>\n<p align=\"left\">Pour la couture de fils, fils de laine fins ou \u00e9pais et fils \u00e9lastiques. Les fils se glissent simplement au travers du pied. Le pied est \u00e9quip\u00e9 d&rsquo;une branche mobile sur le devant qui repose horizontalement par-dessus les rainures. Basculez le bras pour lib\u00e9rer les rainures. Refermez et le pied est pr\u00eat \u00e0 coudre<\/p>\n","protected":false},"excerpt":{"rendered":"<p>Pied 22 cordonnet, ganseur 3 rainures BERNINA Pour la couture de fils, fils de laine fins ou \u00e9pais et fils \u00e9lastiques. Les fils se glissent simplement au travers du pied. Le pied est \u00e9quip\u00e9 d&rsquo;une branche mobile sur le devant qui repose horizontalement par-dessus les rainures. Basculez le bras pour lib\u00e9rer les rainures. Refermez et&hellip;<\/p>\n","protected":false},"featured_media":366,"comment_status":"open","ping_status":"closed","template":"","meta":{"om_disable_all_campaigns":false,"_monsterinsights_skip_tracking":false,"_monsterinsights_sitenote_active":false,"_monsterinsights_sitenote_note":"","_monsterinsights_sitenote_category":0,"_uf_show_specific_survey":0,"_uf_disable_surveys":false},"product_brand":[],"product_cat":[207],"product_tag":[125],"giftcard-category":[],"class_list":{"0":"post-365","1":"product","2":"type-product","3":"status-publish","4":"has-post-thumbnail","6":"product_cat-pied-cordon-cordonnet","7":"product_tag-bernina","9":"first","10":"instock","11":"sale","12":"shipping-taxable","13":"purchasable","14":"product-type-simple"},"aioseo_notices":[],"jetpack_sharing_enabled":true,"_links":{"self":[{"href":"https:\/\/berninabrussels.be\/index.php?rest_route=\/wp\/v2\/product\/365","targetHints":{"allow":["GET"]}}],"collection":[{"href":"https:\/\/berninabrussels.be\/index.php?rest_route=\/wp\/v2\/product"}],"about":[{"href":"https:\/\/berninabrussels.be\/index.php?rest_route=\/wp\/v2\/types\/product"}],"replies":[{"embeddable":true,"href":"https:\/\/berninabrussels.be\/index.php?rest_route=%2Fwp%2Fv2%2Fcomments&post=365"}],"wp:featuredmedia":[{"embeddable":true,"href":"https:\/\/berninabrussels.be\/index.php?rest_route=\/wp\/v2\/media\/366"}],"wp:attachment":[{"href":"https:\/\/berninabrussels.be\/index.php?rest_route=%2Fwp%2Fv2%2Fmedia&parent=365"}],"wp:term":[{"taxonomy":"product_brand","embeddable":true,"href":"https:\/\/berninabrussels.be\/index.php?rest_route=%2Fwp%2Fv2%2Fproduct_brand&post=365"},{"taxonomy":"product_cat","embeddable":true,"href":"https:\/\/berninabrussels.be\/index.php?rest_route=%2Fwp%2Fv2%2Fproduct_cat&post=365"},{"taxonomy":"product_tag","embeddable":true,"href":"https:\/\/berninabrussels.be\/index.php?rest_route=%2Fwp%2Fv2%2Fproduct_tag&post=365"},{"taxonomy":"giftcard-category","embeddable":true,"href":"https:\/\/berninabrussels.be\/index.php?rest_route=%2Fwp%2Fv2%2Fgiftcard-category&post=365"}],"curies":[{"name":"wp","href":"https:\/\/api.w.org\/{rel}","templated":true}]}}