{"id":3649,"date":"2025-11-19T17:45:47","date_gmt":"2025-11-19T16:45:47","guid":{"rendered":"https:\/\/berninabrussels.be\/?post_type=product&#038;p=3649"},"modified":"2025-11-19T17:45:47","modified_gmt":"2025-11-19T16:45:47","slug":"boitier-canette-jaune-httbc-serie-4-5-7","status":"publish","type":"product","link":"https:\/\/berninabrussels.be\/?product=boitier-canette-jaune-httbc-serie-4-5-7","title":{"rendered":"Boitier canette jaune HTTBC S\u00e9rie 4-5-7"},"content":{"rendered":"<h3>Bo\u00eetier de canette jaune dor\u00e9 HTTBC BERNINA<\/h3>\n<p>&nbsp;<\/p>\n<p>Parfois, vous avez besoin que la tension du fil de canette soit plus forte que d&rsquo;habitude pour broder, coudre ou quilter \u00e0 mains libres. Dans ce cas, vous avez besoin du bo\u00eetier de canette jaune dor\u00e9.<\/p>\n<div class=\"container sm-padding\">\n<div class=\"title-divider divider-stroke\">\n<h4>D\u00e9monstration du produit<\/h4>\n<\/div>\n<div class=\"col-sm-8 col-sm-offset-2\">\n<div class=\"embed-responsive embed-responsive-16by9\"><iframe src=\"https:\/\/www.youtube.com\/embed\/OyzBuFwLAxk?rel=0\" allowfullscreen=\"allowfullscreen\" data-mce-fragment=\"1\"><\/iframe><\/div>\n<\/div>\n<\/div>\n<p>&nbsp;<\/p>\n<p><b><span style=\"color: #ba213d;\">Cet accessoire est compatible avec le(s) produit(s) suivant(s) :<\/span><\/b><\/p>\n<p><b>Pour BERNINA Ea<sup>1<\/sup><\/b>\u00a0: B 700 E<br \/>\n<b>Pour BERNINA Ea<sup>2<\/sup><\/b>\u00a0: B 720 &#8211; B 735<br \/>\n<b>Pour BERNINA Ea<sup>3<\/sup><\/b>\u00a0: B 740<br \/>\n<b>Pour BERNINA Ea<sup>4<\/sup><\/b>\u00a0: B 770 QE &#8211; B 790 &#8211; B790PLUS<\/p>\n<p>&nbsp;<\/p>\n<p><b>Pour BERNINA Ea<sup>1<\/sup><\/b>\u00a0: B 500 E<br \/>\n<b>Pour BERNINA Ea<sup>2<\/sup><\/b>\u00a0: B 535<br \/>\n<b>Pour BERNINA Ea<sup>3<\/sup><\/b>\u00a0: B 540<br \/>\n<b>Pour BERNINA Ea<sup>4<\/sup><\/b>\u00a0: B 570 QE &#8211; B 590<\/p>\n<p>&nbsp;<\/p>\n<p><b>Pour BERNINA Ec<sup>1<\/sup><\/b>\u00a0: B 435<br \/>\n<b>Pour BERNINA Ec<sup>2<\/sup><\/b>\u00a0: B 475 QE &#8211; B 485<br \/>\n<b>Pour BERNINA Ec<sup>3<\/sup><\/b>\u00a0: B 480<\/p>\n","protected":false},"excerpt":{"rendered":"<p>Bo\u00eetier de canette jaune dor\u00e9 HTTBC BERNINA &nbsp; Parfois, vous avez besoin que la tension du fil de canette soit plus forte que d&rsquo;habitude pour broder, coudre ou quilter \u00e0 mains libres. Dans ce cas, vous avez besoin du bo\u00eetier de canette jaune dor\u00e9. D\u00e9monstration du produit &nbsp; Cet accessoire est compatible avec le(s) produit(s)&hellip;<\/p>\n","protected":false},"featured_media":3650,"comment_status":"open","ping_status":"closed","template":"","meta":{"om_disable_all_campaigns":false,"_monsterinsights_skip_tracking":false,"_monsterinsights_sitenote_active":false,"_monsterinsights_sitenote_note":"","_monsterinsights_sitenote_category":0,"_uf_show_specific_survey":0,"_uf_disable_surveys":false},"product_brand":[],"product_cat":[42,101],"product_tag":[],"giftcard-category":[],"class_list":{"0":"post-3649","1":"product","2":"type-product","3":"status-publish","4":"has-post-thumbnail","6":"product_cat-accesoires","7":"product_cat-boitier-de-cannette","9":"first","10":"instock","11":"shipping-taxable","12":"purchasable","13":"product-type-simple"},"aioseo_notices":[],"jetpack_sharing_enabled":true,"_links":{"self":[{"href":"https:\/\/berninabrussels.be\/index.php?rest_route=\/wp\/v2\/product\/3649","targetHints":{"allow":["GET"]}}],"collection":[{"href":"https:\/\/berninabrussels.be\/index.php?rest_route=\/wp\/v2\/product"}],"about":[{"href":"https:\/\/berninabrussels.be\/index.php?rest_route=\/wp\/v2\/types\/product"}],"replies":[{"embeddable":true,"href":"https:\/\/berninabrussels.be\/index.php?rest_route=%2Fwp%2Fv2%2Fcomments&post=3649"}],"wp:featuredmedia":[{"embeddable":true,"href":"https:\/\/berninabrussels.be\/index.php?rest_route=\/wp\/v2\/media\/3650"}],"wp:attachment":[{"href":"https:\/\/berninabrussels.be\/index.php?rest_route=%2Fwp%2Fv2%2Fmedia&parent=3649"}],"wp:term":[{"taxonomy":"product_brand","embeddable":true,"href":"https:\/\/berninabrussels.be\/index.php?rest_route=%2Fwp%2Fv2%2Fproduct_brand&post=3649"},{"taxonomy":"product_cat","embeddable":true,"href":"https:\/\/berninabrussels.be\/index.php?rest_route=%2Fwp%2Fv2%2Fproduct_cat&post=3649"},{"taxonomy":"product_tag","embeddable":true,"href":"https:\/\/berninabrussels.be\/index.php?rest_route=%2Fwp%2Fv2%2Fproduct_tag&post=3649"},{"taxonomy":"giftcard-category","embeddable":true,"href":"https:\/\/berninabrussels.be\/index.php?rest_route=%2Fwp%2Fv2%2Fgiftcard-category&post=3649"}],"curies":[{"name":"wp","href":"https:\/\/api.w.org\/{rel}","templated":true}]}}