{"id":3645,"date":"2025-11-19T17:35:46","date_gmt":"2025-11-19T16:35:46","guid":{"rendered":"https:\/\/berninabrussels.be\/?post_type=product&#038;p=3645"},"modified":"2025-11-19T17:35:47","modified_gmt":"2025-11-19T16:35:47","slug":"boitier-a-canette-bernina-rl-broderie","status":"publish","type":"product","link":"https:\/\/berninabrussels.be\/?product=boitier-a-canette-bernina-rl-broderie","title":{"rendered":"Boitier \u00e0 canette Bernina RL broderie"},"content":{"rendered":"<h3>Boitier \u00e0 canette RL broderie (C) BERNINA<\/h3>\n<p>&nbsp;<\/p>\n<p>Bo\u00eetier broderie pour machine avec un crochet RL<\/p>\n<p>Pour la broderie avec le module de broderie, le bo\u00eetier est \u00e9quip\u00e9 d&rsquo;une languette dor\u00e9e<\/p>\n<p><b><span style=\"color: #ba213d;\">Cet accessoire est compatible avec le(s) produit(s) suivant(s) :<\/span><\/b><\/p>\n<p><b>Pour BERNINA C1 :\u00a0<\/b>180 &#8211; 185<\/p>\n<p><b>Pour BERNINA C2 :\u00a0<\/b>200 &#8211; 730<\/p>\n<p><b>Pour BERNINA C3 :\u00a0<\/b>435 &#8211; 450 &#8211; B 560 &#8211; B 580 &#8211; 640<\/p>\n","protected":false},"excerpt":{"rendered":"<p>Boitier \u00e0 canette RL broderie (C) BERNINA &nbsp; Bo\u00eetier broderie pour machine avec un crochet RL Pour la broderie avec le module de broderie, le bo\u00eetier est \u00e9quip\u00e9 d&rsquo;une languette dor\u00e9e Cet accessoire est compatible avec le(s) produit(s) suivant(s) : Pour BERNINA C1 :\u00a0180 &#8211; 185 Pour BERNINA C2 :\u00a0200 &#8211; 730 Pour BERNINA C3&hellip;<\/p>\n","protected":false},"featured_media":3647,"comment_status":"open","ping_status":"closed","template":"","meta":{"om_disable_all_campaigns":false,"_monsterinsights_skip_tracking":false,"_monsterinsights_sitenote_active":false,"_monsterinsights_sitenote_note":"","_monsterinsights_sitenote_category":0,"_uf_show_specific_survey":0,"_uf_disable_surveys":false},"product_brand":[],"product_cat":[42,101],"product_tag":[],"giftcard-category":[],"class_list":{"0":"post-3645","1":"product","2":"type-product","3":"status-publish","4":"has-post-thumbnail","6":"product_cat-accesoires","7":"product_cat-boitier-de-cannette","9":"first","10":"instock","11":"sale","12":"shipping-taxable","13":"purchasable","14":"product-type-simple"},"aioseo_notices":[],"jetpack_sharing_enabled":true,"_links":{"self":[{"href":"https:\/\/berninabrussels.be\/index.php?rest_route=\/wp\/v2\/product\/3645","targetHints":{"allow":["GET"]}}],"collection":[{"href":"https:\/\/berninabrussels.be\/index.php?rest_route=\/wp\/v2\/product"}],"about":[{"href":"https:\/\/berninabrussels.be\/index.php?rest_route=\/wp\/v2\/types\/product"}],"replies":[{"embeddable":true,"href":"https:\/\/berninabrussels.be\/index.php?rest_route=%2Fwp%2Fv2%2Fcomments&post=3645"}],"wp:featuredmedia":[{"embeddable":true,"href":"https:\/\/berninabrussels.be\/index.php?rest_route=\/wp\/v2\/media\/3647"}],"wp:attachment":[{"href":"https:\/\/berninabrussels.be\/index.php?rest_route=%2Fwp%2Fv2%2Fmedia&parent=3645"}],"wp:term":[{"taxonomy":"product_brand","embeddable":true,"href":"https:\/\/berninabrussels.be\/index.php?rest_route=%2Fwp%2Fv2%2Fproduct_brand&post=3645"},{"taxonomy":"product_cat","embeddable":true,"href":"https:\/\/berninabrussels.be\/index.php?rest_route=%2Fwp%2Fv2%2Fproduct_cat&post=3645"},{"taxonomy":"product_tag","embeddable":true,"href":"https:\/\/berninabrussels.be\/index.php?rest_route=%2Fwp%2Fv2%2Fproduct_tag&post=3645"},{"taxonomy":"giftcard-category","embeddable":true,"href":"https:\/\/berninabrussels.be\/index.php?rest_route=%2Fwp%2Fv2%2Fgiftcard-category&post=3645"}],"curies":[{"name":"wp","href":"https:\/\/api.w.org\/{rel}","templated":true}]}}