{"id":363,"date":"2023-05-07T12:14:17","date_gmt":"2023-05-07T10:14:17","guid":{"rendered":"https:\/\/berninabrussels.be\/?post_type=product&#038;p=363"},"modified":"2025-05-25T19:42:27","modified_gmt":"2025-05-25T17:42:27","slug":"pied-pour-la-couture-de-rubans-21","status":"publish","type":"product","link":"https:\/\/berninabrussels.be\/?product=pied-pour-la-couture-de-rubans-21","title":{"rendered":"Pied pour la couture de rubans 21"},"content":{"rendered":"<h3>Pied 21 paillettes, ruban, galons BERNINA<\/h3>\n<p align=\"left\">Le pied pour la couture de ruban facilite la couture de rubans fins, de cordons et de galons. Gr\u00e2ce \u00e0 son espace inclin\u00e9 laissant passer rubans et fils d&rsquo;un diam\u00e8tre pouvant atteindre jusqu&rsquo;\u00e0 3 mm, le pied pour la couture de rubans permet de r\u00e9aliser des piq\u00fbres r\u00e9guli\u00e8res et nettes.<\/p>\n<p>&nbsp;<\/p>\n","protected":false},"excerpt":{"rendered":"<p>Pied 21 paillettes, ruban, galons BERNINA Le pied pour la couture de ruban facilite la couture de rubans fins, de cordons et de galons. Gr\u00e2ce \u00e0 son espace inclin\u00e9 laissant passer rubans et fils d&rsquo;un diam\u00e8tre pouvant atteindre jusqu&rsquo;\u00e0 3 mm, le pied pour la couture de rubans permet de r\u00e9aliser des piq\u00fbres r\u00e9guli\u00e8res et&hellip;<\/p>\n","protected":false},"featured_media":364,"comment_status":"open","ping_status":"closed","template":"","meta":{"om_disable_all_campaigns":false,"_monsterinsights_skip_tracking":false,"_monsterinsights_sitenote_active":false,"_monsterinsights_sitenote_note":"","_monsterinsights_sitenote_category":0,"_uf_show_specific_survey":0,"_uf_disable_surveys":false},"product_brand":[],"product_cat":[42,44,240,192],"product_tag":[125],"giftcard-category":[],"class_list":{"0":"post-363","1":"product","2":"type-product","3":"status-publish","4":"has-post-thumbnail","6":"product_cat-accesoires","7":"product_cat-machine-a-coudre","8":"product_cat-pieds-presseurs","9":"product_cat-autres","10":"product_tag-bernina","12":"first","13":"instock","14":"sale","15":"shipping-taxable","16":"purchasable","17":"product-type-simple"},"aioseo_notices":[],"jetpack_sharing_enabled":true,"_links":{"self":[{"href":"https:\/\/berninabrussels.be\/index.php?rest_route=\/wp\/v2\/product\/363","targetHints":{"allow":["GET"]}}],"collection":[{"href":"https:\/\/berninabrussels.be\/index.php?rest_route=\/wp\/v2\/product"}],"about":[{"href":"https:\/\/berninabrussels.be\/index.php?rest_route=\/wp\/v2\/types\/product"}],"replies":[{"embeddable":true,"href":"https:\/\/berninabrussels.be\/index.php?rest_route=%2Fwp%2Fv2%2Fcomments&post=363"}],"wp:featuredmedia":[{"embeddable":true,"href":"https:\/\/berninabrussels.be\/index.php?rest_route=\/wp\/v2\/media\/364"}],"wp:attachment":[{"href":"https:\/\/berninabrussels.be\/index.php?rest_route=%2Fwp%2Fv2%2Fmedia&parent=363"}],"wp:term":[{"taxonomy":"product_brand","embeddable":true,"href":"https:\/\/berninabrussels.be\/index.php?rest_route=%2Fwp%2Fv2%2Fproduct_brand&post=363"},{"taxonomy":"product_cat","embeddable":true,"href":"https:\/\/berninabrussels.be\/index.php?rest_route=%2Fwp%2Fv2%2Fproduct_cat&post=363"},{"taxonomy":"product_tag","embeddable":true,"href":"https:\/\/berninabrussels.be\/index.php?rest_route=%2Fwp%2Fv2%2Fproduct_tag&post=363"},{"taxonomy":"giftcard-category","embeddable":true,"href":"https:\/\/berninabrussels.be\/index.php?rest_route=%2Fwp%2Fv2%2Fgiftcard-category&post=363"}],"curies":[{"name":"wp","href":"https:\/\/api.w.org\/{rel}","templated":true}]}}