{"id":337,"date":"2023-05-07T11:45:32","date_gmt":"2023-05-07T09:45:32","guid":{"rendered":"https:\/\/berninabrussels.be\/?post_type=product&#038;p=337"},"modified":"2023-05-07T11:47:06","modified_gmt":"2023-05-07T09:47:06","slug":"pied-ouvert-pour-broderie-application","status":"publish","type":"product","link":"https:\/\/berninabrussels.be\/?product=pied-ouvert-pour-broderie-application","title":{"rendered":"Pied ouvert pour broderie, application"},"content":{"rendered":"<h3>Pied ouvert pour broderie, application BERNETTE\/SINGER<\/h3>\n<p>Ce pied facilite l&rsquo;ex\u00e9cution d&rsquo;appliqu\u00e9s et d&rsquo;ouvrages de broderie et la surpiq\u00fbre de lignes ou de motifs. Sa forme ouverte garantit une visibilit\u00e9 optimale de l&rsquo;ourlet, ce qui le rend id\u00e9al pour coudre des bandes ou des rubans.<\/p>\n","protected":false},"excerpt":{"rendered":"<p>Pied ouvert pour broderie, application BERNETTE\/SINGER Ce pied facilite l&rsquo;ex\u00e9cution d&rsquo;appliqu\u00e9s et d&rsquo;ouvrages de broderie et la surpiq\u00fbre de lignes ou de motifs. Sa forme ouverte garantit une visibilit\u00e9 optimale de l&rsquo;ourlet, ce qui le rend id\u00e9al pour coudre des bandes ou des rubans.<\/p>\n","protected":false},"featured_media":339,"comment_status":"open","ping_status":"closed","template":"","meta":{"om_disable_all_campaigns":false,"_monsterinsights_skip_tracking":false,"_monsterinsights_sitenote_active":false,"_monsterinsights_sitenote_note":"","_monsterinsights_sitenote_category":0,"_uf_show_specific_survey":0,"_uf_disable_surveys":false},"product_brand":[],"product_cat":[202],"product_tag":[],"giftcard-category":[],"class_list":{"0":"post-337","1":"product","2":"type-product","3":"status-publish","4":"has-post-thumbnail","6":"product_cat-pied-ouvert","8":"first","9":"instock","10":"sale","11":"shipping-taxable","12":"purchasable","13":"product-type-simple"},"aioseo_notices":[],"jetpack_sharing_enabled":true,"_links":{"self":[{"href":"https:\/\/berninabrussels.be\/index.php?rest_route=\/wp\/v2\/product\/337","targetHints":{"allow":["GET"]}}],"collection":[{"href":"https:\/\/berninabrussels.be\/index.php?rest_route=\/wp\/v2\/product"}],"about":[{"href":"https:\/\/berninabrussels.be\/index.php?rest_route=\/wp\/v2\/types\/product"}],"replies":[{"embeddable":true,"href":"https:\/\/berninabrussels.be\/index.php?rest_route=%2Fwp%2Fv2%2Fcomments&post=337"}],"wp:featuredmedia":[{"embeddable":true,"href":"https:\/\/berninabrussels.be\/index.php?rest_route=\/wp\/v2\/media\/339"}],"wp:attachment":[{"href":"https:\/\/berninabrussels.be\/index.php?rest_route=%2Fwp%2Fv2%2Fmedia&parent=337"}],"wp:term":[{"taxonomy":"product_brand","embeddable":true,"href":"https:\/\/berninabrussels.be\/index.php?rest_route=%2Fwp%2Fv2%2Fproduct_brand&post=337"},{"taxonomy":"product_cat","embeddable":true,"href":"https:\/\/berninabrussels.be\/index.php?rest_route=%2Fwp%2Fv2%2Fproduct_cat&post=337"},{"taxonomy":"product_tag","embeddable":true,"href":"https:\/\/berninabrussels.be\/index.php?rest_route=%2Fwp%2Fv2%2Fproduct_tag&post=337"},{"taxonomy":"giftcard-category","embeddable":true,"href":"https:\/\/berninabrussels.be\/index.php?rest_route=%2Fwp%2Fv2%2Fgiftcard-category&post=337"}],"curies":[{"name":"wp","href":"https:\/\/api.w.org\/{rel}","templated":true}]}}