{"id":332,"date":"2023-05-07T11:40:14","date_gmt":"2023-05-07T09:40:14","guid":{"rendered":"https:\/\/berninabrussels.be\/?post_type=product&#038;p=332"},"modified":"2023-05-07T11:44:21","modified_gmt":"2023-05-07T09:44:21","slug":"pied-ourleur","status":"publish","type":"product","link":"https:\/\/berninabrussels.be\/?product=pied-ourleur","title":{"rendered":"PIED OURLEUR"},"content":{"rendered":"<p>Le pied ourleur Bernette est un pied sp\u00e9cial pour confectionner les ourlets sur des v\u00eatements et textiles d&rsquo;int\u00e9rieur d&rsquo;aspect professionnel. Ce pied-de-biche rabat le tissu deux fois \u00e0 l&rsquo;aide d&rsquo;un guide et d&rsquo;un ergot. Le r\u00e9sultat : un ourlet joliment arrondi que l&rsquo;aiguille fixe ensuite avec un point droit bien net. Gr\u00e2ce au pied ourleur, les d\u00e9butantes parviendront \u00e0 confectionner facilement des ourlets r\u00e9guliers sur des tissus l\u00e9gers \u00e0 mi-lourds. Le r\u00e9sultat : des textiles aux bords r\u00e9sistants, dont la finition en impressionnera plus d&rsquo;un(e).<\/p>\n","protected":false},"excerpt":{"rendered":"<p>Le pied ourleur Bernette est un pied sp\u00e9cial pour confectionner les ourlets sur des v\u00eatements et textiles d&rsquo;int\u00e9rieur d&rsquo;aspect professionnel. Ce pied-de-biche rabat le tissu deux fois \u00e0 l&rsquo;aide d&rsquo;un guide et d&rsquo;un ergot. Le r\u00e9sultat : un ourlet joliment arrondi que l&rsquo;aiguille fixe ensuite avec un point droit bien net. Gr\u00e2ce au pied ourleur,&hellip;<\/p>\n","protected":false},"featured_media":335,"comment_status":"open","ping_status":"closed","template":"","meta":{"om_disable_all_campaigns":false,"_monsterinsights_skip_tracking":false,"_monsterinsights_sitenote_active":false,"_monsterinsights_sitenote_note":"","_monsterinsights_sitenote_category":0,"_uf_show_specific_survey":0,"_uf_disable_surveys":false},"product_brand":[],"product_cat":[42,44,240,194],"product_tag":[],"giftcard-category":[],"class_list":{"0":"post-332","1":"product","2":"type-product","3":"status-publish","4":"has-post-thumbnail","6":"product_cat-accesoires","7":"product_cat-machine-a-coudre","8":"product_cat-pieds-presseurs","9":"product_cat-pied-ourleur","11":"first","12":"instock","13":"sale","14":"shipping-taxable","15":"purchasable","16":"product-type-simple"},"aioseo_notices":[],"jetpack_sharing_enabled":true,"_links":{"self":[{"href":"https:\/\/berninabrussels.be\/index.php?rest_route=\/wp\/v2\/product\/332","targetHints":{"allow":["GET"]}}],"collection":[{"href":"https:\/\/berninabrussels.be\/index.php?rest_route=\/wp\/v2\/product"}],"about":[{"href":"https:\/\/berninabrussels.be\/index.php?rest_route=\/wp\/v2\/types\/product"}],"replies":[{"embeddable":true,"href":"https:\/\/berninabrussels.be\/index.php?rest_route=%2Fwp%2Fv2%2Fcomments&post=332"}],"wp:featuredmedia":[{"embeddable":true,"href":"https:\/\/berninabrussels.be\/index.php?rest_route=\/wp\/v2\/media\/335"}],"wp:attachment":[{"href":"https:\/\/berninabrussels.be\/index.php?rest_route=%2Fwp%2Fv2%2Fmedia&parent=332"}],"wp:term":[{"taxonomy":"product_brand","embeddable":true,"href":"https:\/\/berninabrussels.be\/index.php?rest_route=%2Fwp%2Fv2%2Fproduct_brand&post=332"},{"taxonomy":"product_cat","embeddable":true,"href":"https:\/\/berninabrussels.be\/index.php?rest_route=%2Fwp%2Fv2%2Fproduct_cat&post=332"},{"taxonomy":"product_tag","embeddable":true,"href":"https:\/\/berninabrussels.be\/index.php?rest_route=%2Fwp%2Fv2%2Fproduct_tag&post=332"},{"taxonomy":"giftcard-category","embeddable":true,"href":"https:\/\/berninabrussels.be\/index.php?rest_route=%2Fwp%2Fv2%2Fgiftcard-category&post=332"}],"curies":[{"name":"wp","href":"https:\/\/api.w.org\/{rel}","templated":true}]}}