{"id":327,"date":"2023-05-07T11:29:05","date_gmt":"2023-05-07T09:29:05","guid":{"rendered":"https:\/\/berninabrussels.be\/?post_type=product&#038;p=327"},"modified":"2024-01-24T23:54:39","modified_gmt":"2024-01-24T22:54:39","slug":"bernette-79-2-modules-du-logiciel-bernina-toolbox","status":"publish","type":"product","link":"https:\/\/berninabrussels.be\/?product=bernette-79-2-modules-du-logiciel-bernina-toolbox","title":{"rendered":"BERNETTE 79 + 2 MODULES DU LOGICIEL BERNINA TOOLBOX"},"content":{"rendered":"<ul>\n<li>\u00c9cran couleur tactile pour une navigation intuitive<\/li>\n<li>Fonctionnement facile et rapide gr\u00e2ce aux boutons multifonction<\/li>\n<li>Grande surface de couture et de broderie<\/li>\n<li>500 points et des possibilit\u00e9s infinies avec le Designer de point<\/li>\n<li>Double entra\u00eenement pour un avancement uniforme du tissu<\/li>\n<li>P\u00e9dale programmable avec fonction \u00abback-kick\u00bb (de retour)<\/li>\n<li>Module de broderie avec 3 cadres et une fonction de d\u00e9tection du cadre de broderie<\/li>\n<li>2 modules du logiciel BERNINA Toolbox inclus<\/li>\n<\/ul>\n","protected":false},"excerpt":{"rendered":"<p>\u00c9cran couleur tactile pour une navigation intuitive Fonctionnement facile et rapide gr\u00e2ce aux boutons multifonction Grande surface de couture et de broderie 500 points et des possibilit\u00e9s infinies avec le Designer de point Double entra\u00eenement pour un avancement uniforme du tissu P\u00e9dale programmable avec fonction \u00abback-kick\u00bb (de retour) Module de broderie avec 3 cadres et&hellip;<\/p>\n","protected":false},"featured_media":329,"comment_status":"open","ping_status":"closed","template":"","meta":{"om_disable_all_campaigns":false,"_monsterinsights_skip_tracking":false,"_monsterinsights_sitenote_active":false,"_monsterinsights_sitenote_note":"","_monsterinsights_sitenote_category":0,"_uf_show_specific_survey":0,"_uf_disable_surveys":false},"product_brand":[],"product_cat":[75,29],"product_tag":[],"giftcard-category":[],"class_list":{"0":"post-327","1":"product","2":"type-product","3":"status-publish","4":"has-post-thumbnail","6":"product_cat-machine-combinee-couture-et-broderie","7":"product_cat-machines","9":"first","10":"instock","11":"sale","12":"shipping-taxable","13":"purchasable","14":"product-type-simple"},"aioseo_notices":[],"jetpack_sharing_enabled":true,"_links":{"self":[{"href":"https:\/\/berninabrussels.be\/index.php?rest_route=\/wp\/v2\/product\/327","targetHints":{"allow":["GET"]}}],"collection":[{"href":"https:\/\/berninabrussels.be\/index.php?rest_route=\/wp\/v2\/product"}],"about":[{"href":"https:\/\/berninabrussels.be\/index.php?rest_route=\/wp\/v2\/types\/product"}],"replies":[{"embeddable":true,"href":"https:\/\/berninabrussels.be\/index.php?rest_route=%2Fwp%2Fv2%2Fcomments&post=327"}],"wp:featuredmedia":[{"embeddable":true,"href":"https:\/\/berninabrussels.be\/index.php?rest_route=\/wp\/v2\/media\/329"}],"wp:attachment":[{"href":"https:\/\/berninabrussels.be\/index.php?rest_route=%2Fwp%2Fv2%2Fmedia&parent=327"}],"wp:term":[{"taxonomy":"product_brand","embeddable":true,"href":"https:\/\/berninabrussels.be\/index.php?rest_route=%2Fwp%2Fv2%2Fproduct_brand&post=327"},{"taxonomy":"product_cat","embeddable":true,"href":"https:\/\/berninabrussels.be\/index.php?rest_route=%2Fwp%2Fv2%2Fproduct_cat&post=327"},{"taxonomy":"product_tag","embeddable":true,"href":"https:\/\/berninabrussels.be\/index.php?rest_route=%2Fwp%2Fv2%2Fproduct_tag&post=327"},{"taxonomy":"giftcard-category","embeddable":true,"href":"https:\/\/berninabrussels.be\/index.php?rest_route=%2Fwp%2Fv2%2Fgiftcard-category&post=327"}],"curies":[{"name":"wp","href":"https:\/\/api.w.org\/{rel}","templated":true}]}}