{"id":317,"date":"2023-05-07T11:11:32","date_gmt":"2023-05-07T09:11:32","guid":{"rendered":"https:\/\/berninabrussels.be\/?post_type=product&#038;p=317"},"modified":"2023-05-07T11:14:01","modified_gmt":"2023-05-07T09:14:01","slug":"brodeuse-veritas-florence","status":"publish","type":"product","link":"https:\/\/berninabrussels.be\/?product=brodeuse-veritas-florence","title":{"rendered":"BRODEUSE VERITAS FLORENCE"},"content":{"rendered":"<h2>Votre machine 2 en 1 pour des broderies faciles<\/h2>\n<p>Cr\u00e9ez facilement vos motifs sur tablette (IOS ou andro\u00efd) ou t\u00e9l\u00e9chargez des fichiers libres sur Internet.<br \/>\nFlorence est compatible avec les principaux standards du march\u00e9.<br \/>\nChoisissez entre deux tailles de cadres fournis avec la machine.<\/p>\n","protected":false},"excerpt":{"rendered":"<p>Votre machine 2 en 1 pour des broderies faciles Cr\u00e9ez facilement vos motifs sur tablette (IOS ou andro\u00efd) ou t\u00e9l\u00e9chargez des fichiers libres sur Internet. Florence est compatible avec les principaux standards du march\u00e9. Choisissez entre deux tailles de cadres fournis avec la machine.<\/p>\n","protected":false},"featured_media":318,"comment_status":"open","ping_status":"closed","template":"","meta":{"om_disable_all_campaigns":false,"_monsterinsights_skip_tracking":false,"_monsterinsights_sitenote_active":false,"_monsterinsights_sitenote_note":"","_monsterinsights_sitenote_category":0,"_uf_show_specific_survey":0,"_uf_disable_surveys":false},"product_brand":[],"product_cat":[72],"product_tag":[],"giftcard-category":[],"class_list":{"0":"post-317","1":"product","2":"type-product","3":"status-publish","4":"has-post-thumbnail","6":"product_cat-machine-a-broder","8":"first","9":"instock","10":"sale","11":"shipping-taxable","12":"purchasable","13":"product-type-simple"},"aioseo_notices":[],"jetpack_sharing_enabled":true,"_links":{"self":[{"href":"https:\/\/berninabrussels.be\/index.php?rest_route=\/wp\/v2\/product\/317","targetHints":{"allow":["GET"]}}],"collection":[{"href":"https:\/\/berninabrussels.be\/index.php?rest_route=\/wp\/v2\/product"}],"about":[{"href":"https:\/\/berninabrussels.be\/index.php?rest_route=\/wp\/v2\/types\/product"}],"replies":[{"embeddable":true,"href":"https:\/\/berninabrussels.be\/index.php?rest_route=%2Fwp%2Fv2%2Fcomments&post=317"}],"wp:featuredmedia":[{"embeddable":true,"href":"https:\/\/berninabrussels.be\/index.php?rest_route=\/wp\/v2\/media\/318"}],"wp:attachment":[{"href":"https:\/\/berninabrussels.be\/index.php?rest_route=%2Fwp%2Fv2%2Fmedia&parent=317"}],"wp:term":[{"taxonomy":"product_brand","embeddable":true,"href":"https:\/\/berninabrussels.be\/index.php?rest_route=%2Fwp%2Fv2%2Fproduct_brand&post=317"},{"taxonomy":"product_cat","embeddable":true,"href":"https:\/\/berninabrussels.be\/index.php?rest_route=%2Fwp%2Fv2%2Fproduct_cat&post=317"},{"taxonomy":"product_tag","embeddable":true,"href":"https:\/\/berninabrussels.be\/index.php?rest_route=%2Fwp%2Fv2%2Fproduct_tag&post=317"},{"taxonomy":"giftcard-category","embeddable":true,"href":"https:\/\/berninabrussels.be\/index.php?rest_route=%2Fwp%2Fv2%2Fgiftcard-category&post=317"}],"curies":[{"name":"wp","href":"https:\/\/api.w.org\/{rel}","templated":true}]}}