{"id":315,"date":"2023-05-07T11:06:31","date_gmt":"2023-05-07T09:06:31","guid":{"rendered":"https:\/\/berninabrussels.be\/?post_type=product&#038;p=315"},"modified":"2024-04-09T17:57:17","modified_gmt":"2024-04-09T15:57:17","slug":"machine-a-broder-bernette-70","status":"publish","type":"product","link":"https:\/\/berninabrussels.be\/?product=machine-a-broder-bernette-70","title":{"rendered":"Machine \u00e0 broder BERNETTE 70"},"content":{"rendered":"<p>La machine b70 DECO est une vraie sp\u00e9cialiste. Cette machine\u00a0<b>exclusivement capable de broder,<\/b>\u00a0poss\u00e8de toutes les fonctionnalit\u00e9s requises pour personnaliser tes v\u00eatements ou tes accessoires. Avec\u00a0<b>plus de 200 motifs de broderie,<\/b>\u00a0vous pourrez positionner le motif de vos r\u00eaves en un tour de main. Et en plus, vous pouvez modifier directement le motif choisi sur\u00a0<b>l&rsquo;\u00e9cran tactile.<\/b><\/p>\n","protected":false},"excerpt":{"rendered":"<p>La machine b70 DECO est une vraie sp\u00e9cialiste. Cette machine\u00a0exclusivement capable de broder,\u00a0poss\u00e8de toutes les fonctionnalit\u00e9s requises pour personnaliser tes v\u00eatements ou tes accessoires. Avec\u00a0plus de 200 motifs de broderie,\u00a0vous pourrez positionner le motif de vos r\u00eaves en un tour de main. Et en plus, vous pouvez modifier directement le motif choisi sur\u00a0l&rsquo;\u00e9cran tactile.<\/p>\n","protected":false},"featured_media":1901,"comment_status":"open","ping_status":"closed","template":"","meta":{"om_disable_all_campaigns":false,"_monsterinsights_skip_tracking":false,"_monsterinsights_sitenote_active":false,"_monsterinsights_sitenote_note":"","_monsterinsights_sitenote_category":0,"_uf_show_specific_survey":0,"_uf_disable_surveys":false},"product_brand":[],"product_cat":[72,29],"product_tag":[],"giftcard-category":[],"class_list":{"0":"post-315","1":"product","2":"type-product","3":"status-publish","4":"has-post-thumbnail","6":"product_cat-machine-a-broder","7":"product_cat-machines","9":"first","10":"instock","11":"sale","12":"shipping-taxable","13":"purchasable","14":"product-type-simple"},"aioseo_notices":[],"jetpack_sharing_enabled":true,"_links":{"self":[{"href":"https:\/\/berninabrussels.be\/index.php?rest_route=\/wp\/v2\/product\/315","targetHints":{"allow":["GET"]}}],"collection":[{"href":"https:\/\/berninabrussels.be\/index.php?rest_route=\/wp\/v2\/product"}],"about":[{"href":"https:\/\/berninabrussels.be\/index.php?rest_route=\/wp\/v2\/types\/product"}],"replies":[{"embeddable":true,"href":"https:\/\/berninabrussels.be\/index.php?rest_route=%2Fwp%2Fv2%2Fcomments&post=315"}],"wp:featuredmedia":[{"embeddable":true,"href":"https:\/\/berninabrussels.be\/index.php?rest_route=\/wp\/v2\/media\/1901"}],"wp:attachment":[{"href":"https:\/\/berninabrussels.be\/index.php?rest_route=%2Fwp%2Fv2%2Fmedia&parent=315"}],"wp:term":[{"taxonomy":"product_brand","embeddable":true,"href":"https:\/\/berninabrussels.be\/index.php?rest_route=%2Fwp%2Fv2%2Fproduct_brand&post=315"},{"taxonomy":"product_cat","embeddable":true,"href":"https:\/\/berninabrussels.be\/index.php?rest_route=%2Fwp%2Fv2%2Fproduct_cat&post=315"},{"taxonomy":"product_tag","embeddable":true,"href":"https:\/\/berninabrussels.be\/index.php?rest_route=%2Fwp%2Fv2%2Fproduct_tag&post=315"},{"taxonomy":"giftcard-category","embeddable":true,"href":"https:\/\/berninabrussels.be\/index.php?rest_route=%2Fwp%2Fv2%2Fgiftcard-category&post=315"}],"curies":[{"name":"wp","href":"https:\/\/api.w.org\/{rel}","templated":true}]}}