{"id":313,"date":"2023-05-07T11:03:30","date_gmt":"2023-05-07T09:03:30","guid":{"rendered":"https:\/\/berninabrussels.be\/?post_type=product&#038;p=313"},"modified":"2023-05-07T11:06:22","modified_gmt":"2023-05-07T09:06:22","slug":"module-a-broderie-bernina-s","status":"publish","type":"product","link":"https:\/\/berninabrussels.be\/?product=module-a-broderie-bernina-s","title":{"rendered":"MODULE \u00c0 BRODERIE BERNINA S"},"content":{"rendered":"<div class=\"r-show-product-title\">\n<h1 class=\"accessory-h1\">MODULE DE BRODERIE S<\/h1>\n<div id=\"p_lt_zoneContent_pageplaceholder_p_lt_zoneHeader_Bernina_ParagraphHeaderImage_presserFootCategoryIconsDesktop_pnlItems\" class=\"presser-foot-category-icons\"><\/div>\n<p class=\"r-lead\">Pour des broderies d&rsquo;une pr\u00e9cision et d&rsquo;une qualit\u00e9 \u00e9poustouflantes<\/p>\n<\/div>\n<ul class=\"r-link-list\">\n<li><span class=\"r-icon r-link-arrow\">Pour les machines BERNINA s\u00e9lectionn\u00e9es<\/span><\/li>\n<li><span class=\"r-icon r-link-arrow\">Pour des motifs de broderie de petite \u00e0 grande taille<\/span><\/li>\n<li><span class=\"r-icon r-link-arrow\">Broderie \u00e0 bras libre possible gr\u00e2ce \u00e0 des adaptateurs en option<\/span><\/li>\n<li><span class=\"r-icon r-link-arrow\">Vaste s\u00e9lection de cadres de broderie BERNINA<\/span><\/li>\n<\/ul>\n<section class=\"row\">\n<div class=\"content-width\">\n<div class=\"keyfeatures-medium\">\n<div class=\"row clearfix scrollmagic aos-init aos-animate\" data-aos=\"fade-up\">\n<div class=\"text\">\n<p>Le module de broderie S transforme la machine \u00e0 coudre BERNINA en machine capable de broder afin d&rsquo;obtenir des broderies magnifiques en un rien de temps. Tous les ouvrages de broderie peuvent \u00eatre r\u00e9alis\u00e9s en b\u00e9n\u00e9ficiant d&rsquo;un confort ultime gr\u00e2ce \u00e0 la vaste zone de broderie. BERNINA propose \u00e9galement une vaste gamme de cadres de broderie de tailles et de formes diff\u00e9rentes.<\/p>\n<p>Gr\u00e2ce aux adaptateurs disponibles en option pour la broderie \u00e0 mains libres, il est possible de broder facilement les ouvrages de couture ferm\u00e9s et tubulaires tels que les jambes de pantalons, les chemisiers, les poches de manteaux et les petits t-shirts.<\/p>\n<\/div>\n<\/div>\n<\/div>\n<\/div>\n<\/section>\n","protected":false},"excerpt":{"rendered":"<h3 id=\"p_lt_zoneContent_pageplaceholder_p_lt_ctl00_zoneOverviewKeyFeaturesMedium_Bernina_ParagraphTitleText_litTitleH3\">Compatibilit\u00e9 avec les mod\u00e8les BERNINA suivants :<\/h3>\n<ul>\n<li>artista 200,\u00a0artista 630,\u00a0artista 640,<\/li>\n<li>aurora 430,\u00a0aurora 440 QE,\u00a0aurora 450<\/li>\n<li>B 555,\u00a0B 570 QE,\u00a0B 560,\u00a0B 580<\/li>\n<\/ul>\n","protected":false},"featured_media":314,"comment_status":"open","ping_status":"closed","template":"","meta":{"om_disable_all_campaigns":false,"_monsterinsights_skip_tracking":false,"_monsterinsights_sitenote_active":false,"_monsterinsights_sitenote_note":"","_monsterinsights_sitenote_category":0,"_uf_show_specific_survey":0,"_uf_disable_surveys":false},"product_brand":[],"product_cat":[72,29],"product_tag":[],"giftcard-category":[],"class_list":{"0":"post-313","1":"product","2":"type-product","3":"status-publish","4":"has-post-thumbnail","6":"product_cat-machine-a-broder","7":"product_cat-machines","9":"first","10":"instock","11":"sale","12":"shipping-taxable","13":"purchasable","14":"product-type-simple"},"aioseo_notices":[],"jetpack_sharing_enabled":true,"_links":{"self":[{"href":"https:\/\/berninabrussels.be\/index.php?rest_route=\/wp\/v2\/product\/313","targetHints":{"allow":["GET"]}}],"collection":[{"href":"https:\/\/berninabrussels.be\/index.php?rest_route=\/wp\/v2\/product"}],"about":[{"href":"https:\/\/berninabrussels.be\/index.php?rest_route=\/wp\/v2\/types\/product"}],"replies":[{"embeddable":true,"href":"https:\/\/berninabrussels.be\/index.php?rest_route=%2Fwp%2Fv2%2Fcomments&post=313"}],"wp:featuredmedia":[{"embeddable":true,"href":"https:\/\/berninabrussels.be\/index.php?rest_route=\/wp\/v2\/media\/314"}],"wp:attachment":[{"href":"https:\/\/berninabrussels.be\/index.php?rest_route=%2Fwp%2Fv2%2Fmedia&parent=313"}],"wp:term":[{"taxonomy":"product_brand","embeddable":true,"href":"https:\/\/berninabrussels.be\/index.php?rest_route=%2Fwp%2Fv2%2Fproduct_brand&post=313"},{"taxonomy":"product_cat","embeddable":true,"href":"https:\/\/berninabrussels.be\/index.php?rest_route=%2Fwp%2Fv2%2Fproduct_cat&post=313"},{"taxonomy":"product_tag","embeddable":true,"href":"https:\/\/berninabrussels.be\/index.php?rest_route=%2Fwp%2Fv2%2Fproduct_tag&post=313"},{"taxonomy":"giftcard-category","embeddable":true,"href":"https:\/\/berninabrussels.be\/index.php?rest_route=%2Fwp%2Fv2%2Fgiftcard-category&post=313"}],"curies":[{"name":"wp","href":"https:\/\/api.w.org\/{rel}","templated":true}]}}