{"id":3075,"date":"2025-01-07T14:34:41","date_gmt":"2025-01-07T13:34:41","guid":{"rendered":"https:\/\/berninabrussels.be\/?post_type=product&#038;p=3075"},"modified":"2025-12-17T16:42:25","modified_gmt":"2025-12-17T15:42:25","slug":"jack-f5","status":"publish","type":"product","link":"https:\/\/berninabrussels.be\/?product=jack-f5","title":{"rendered":"JACK F5 + b\u00e2ti europ\u00e9en -plus disponible remplac\u00e9 par F6"},"content":{"rendered":"","protected":false},"excerpt":{"rendered":"<div class=\"container sm-padding\">\n<div class=\"col-sm-6 col-xs-12\">\n<h2><em>plus disponible remplac\u00e9 par\u00a0 Jack F6 en janvier 2026<\/em><\/h2>\n<h2><\/h2>\n<h2>Pourquoi choisir cette piqueuse classique ?<\/h2>\n<p>Optez pour la simplicit\u00e9 et l\u2019efficacit\u00e9 avec notre piqueuse classique, con\u00e7ue pour r\u00e9pondre \u00e0 vos besoins de couture sans superflu. Id\u00e9ale pour les amateurs de couture comme pour les professionnels, elle combine une fabrication robuste, une utilisation intuitive, et une garantie imbattable de 2 ans. Ce mod\u00e8le est parfait pour ceux qui recherchent un produit fiable \u00e0 un prix accessible.<\/p>\n<h2>Caract\u00e9ristiques cl\u00e9s qui font la diff\u00e9rence<\/h2>\n<p>Cette piqueuse classique est dot\u00e9e de fonctionnalit\u00e9s essentielles qui en font une solution de confiance au quotidien. Sa conception ergonomique garantit un usage confortable, m\u00eame pendant des heures de travail. Que vous confectionniez des v\u00eatements, ajustiez des textiles ou r\u00e9alisiez des projets cr\u00e9atifs, cette machine excelle dans les travaux de couture standard. De plus, sa construction durable est pens\u00e9e pour durer, avec un entretien minimal requis.<\/p>\n<h2>Le meilleur rapport qualit\u00e9-prix du march\u00e9<\/h2>\n<p>Avec cette piqueuse, profitez de la haute qualit\u00e9 \u00e0 un prix imbattable. Vous n\u2019avez plus \u00e0 compromettre votre budget pour obtenir une machine fiable et performante. En plus d&rsquo;\u00eatre \u00e9conomiquement avantageuse, chaque achat est assorti d\u2019une garantie de 2 ans, vous offrant une tranquillit\u00e9 d&rsquo;esprit et une s\u00e9curit\u00e9 suppl\u00e9mentaire. Il n\u2019a jamais \u00e9t\u00e9 aussi facile de trouver une piqueuse simple et classique qui convient parfaitement \u00e0 vos besoins.<\/p>\n<p>Ne cherchez plus et transformez vos projets de couture gr\u00e2ce \u00e0 cette piqueuse classique au prix accessible, con\u00e7ue pour durer.<\/p>\n<p>Machine \u00e0 point nou\u00e9 \u00e0 1 aiguille pour la couture de mat\u00e9riaux l\u00e9gers et moyens (\u00e9galement disponible en sous-classe H pour la couture lourde). Equip\u00e9e d&rsquo;un moteur \u00e0 \u00e9conomie d&rsquo;\u00e9nergie mont\u00e9 dans la t\u00eate (Direct Drive), qui garantit un fonctionnement silencieux et fiable et une consommation d&rsquo;\u00e9nergie r\u00e9duite. La piqueuse Jack F5 est \u00e9galement \u00e9quip\u00e9e d&rsquo;un panneau de commande simple d&rsquo;utilisation pour le contr\u00f4le de la vitesse, le positionnement de l&rsquo;aiguille et le retour rapide aux r\u00e9glages d&rsquo;usine. La machine \u00e0 coudre industrielle Jack F5 est \u00e9quip\u00e9e d&rsquo;une lampe LED int\u00e9gr\u00e9e avec choix du niveau d&rsquo;intensit\u00e9 lumineuse.<\/p>\n<p><b>Param\u00e8tres techniques<\/b><\/p>\n<ul>\n<li><i class=\"fa fa-check fa-fw text-success\"><\/i>\u00a0Vitesse de couture maximale : 5000 points \/ minute<\/li>\n<li><i class=\"fa fa-check fa-fw text-success\"><\/i>\u00a0Longueur de point maximale : 5 mm<\/li>\n<li><i class=\"fa fa-check fa-fw text-success\"><\/i>\u00a0Relevage maximal du pied presseur : 5 mm \u00e0 la main, 13 mm \u00e0 l&rsquo;aide d&rsquo;une p\u00e9dale (\u00e9lectronique)<\/li>\n<\/ul>\n<\/div>\n<div class=\"col-sm-6 col-xs-12\">\n<div class=\"embed-responsive embed-responsive-16by9\"><\/div>\n<\/div>\n<\/div>\n<p>&nbsp;<\/p>\n<div class=\"row irow-sm text-center cards-color cards-border cards-images divtable\">\n<div class=\"col-sm-6 card card-image card-color divcell\">\n<div align=\"center\"><img decoding=\"async\" src=\"https:\/\/www.stecker.be\/Images\/ImageDescriptionArticle\/machines\/jack\/jack-f5\/economie-energie-machine-a-coudre-industrielle-jack-f5.jpg\" alt=\"Economie d'\u00e9nergie - Jack F5\" \/><\/div>\n<\/div>\n<div class=\"col-sm-6 card card-image card-color divcell\">\n<h3>\u00c9conomie d&rsquo;\u00e9nergie<\/h3>\n<div class=\"heading-divider\"><\/div>\n<p>Moteur \u00e0 \u00e9conomie d&rsquo;\u00e9nergie int\u00e9gr\u00e9 qui permet d&rsquo;\u00e9conomiser jusqu&rsquo;\u00e0 71 % d&rsquo;\u00e9nergie par rapport \u00e0 un moteur \u00e0 embrayage et mode veille intelligent qui \u00e9teint la machine lorsqu&rsquo;elle est inactive.<\/p>\n<\/div>\n<\/div>\n<p>&nbsp;<\/p>\n<div class=\"row irow-sm text-center cards-color cards-border cards-images divtable\">\n<div class=\"col-sm-6 card card-image card-color divcell\">\n<h3>Panneau de contr\u00f4le<\/h3>\n<div class=\"heading-divider\"><\/div>\n<p>Panneau de commande facile \u00e0 utiliser avec contr\u00f4le de la vitesse, positionnement de l&rsquo;aiguille et fonction de r\u00e9initialisation pour r\u00e9tablir les param\u00e8tres d&rsquo;usine.<\/p>\n<\/div>\n<div class=\"col-sm-6 card card-image card-color divcell\">\n<div align=\"center\"><img decoding=\"async\" src=\"https:\/\/www.stecker.be\/Images\/ImageDescriptionArticle\/machines\/jack\/jack-f5\/panneau-controle-machine-a-coudre-industrielle-jack-f5.jpg\" alt=\"Panneau de contr\u00f4le - Jack F5\" \/><\/div>\n<\/div>\n<\/div>\n<p>&nbsp;<\/p>\n<div class=\"row irow-sm text-center cards-color cards-border cards-images divtable\">\n<div class=\"col-sm-6 card card-image card-color divcell\">\n<div align=\"center\"><img decoding=\"async\" src=\"https:\/\/www.stecker.be\/Images\/ImageDescriptionArticle\/machines\/jack\/jack-f5\/option-ajout-points-machine-a-coudre-industrielle-jack-f5.jpg\" alt=\"Option d'ajout de points - Jack F5\" \/><\/div>\n<\/div>\n<div class=\"col-sm-6 card card-image card-color divcell\">\n<h3>Option d&rsquo;ajout de points<\/h3>\n<div class=\"heading-divider\"><\/div>\n<p>Des points peuvent \u00eatre facilement ajout\u00e9s \u00e0 l&rsquo;aide d&rsquo;un bouton d\u00e9di\u00e9.<\/p>\n<\/div>\n<\/div>\n<p>&nbsp;<\/p>\n<div class=\"row irow-sm text-center cards-color cards-border cards-images divtable\">\n<div class=\"col-sm-6 card card-image card-color divcell\">\n<h3>Pour tissus lourds et l\u00e9gers<\/h3>\n<div class=\"heading-divider\"><\/div>\n<p>\u00c9largissez la gamme de tissus dans laquelle vous travaillez. Cette machine est adapt\u00e9e \u00e0 diff\u00e9rents types de tissus tels que le jeans et autres tissus fins. Max 10 mm<\/p>\n<\/div>\n<div class=\"col-sm-6 card card-image card-color divcell\">\n<div align=\"center\"><img decoding=\"async\" src=\"https:\/\/www.stecker.be\/Images\/ImageDescriptionArticle\/machines\/jack\/jack-f5\/couture-tissu-lourd-leger-machine-a-coudre-industrielle-jack-f5.jpg\" alt=\"Pour tissus lourds et l\u00e9gers - Jack F5\" \/><\/div>\n<\/div>\n<\/div>\n<p>&nbsp;<\/p>\n<div class=\"row irow-sm text-center cards-color cards-border cards-images divtable\">\n<div class=\"col-sm-6 card card-image card-color divcell\">\n<div align=\"center\"><img decoding=\"async\" src=\"https:\/\/www.stecker.be\/Images\/ImageDescriptionArticle\/machines\/jack\/jack-f5\/interrupteur-securite-machine-a-coudre-industrielle-jack-f5.jpg\" alt=\"Interrupteur de s\u00e9curit\u00e9 - Jack F5\" \/><\/div>\n<\/div>\n<div class=\"col-sm-6 card card-image card-color divcell\">\n<h3>Interrupteur de s\u00e9curit\u00e9<\/h3>\n<div class=\"heading-divider\"><\/div>\n<p>nterrupteur qui d\u00e9connecte la machine pendant les activit\u00e9s d\u2019entretien, assurant la s\u00e9curit\u00e9 de l\u2019op\u00e9rateur.<\/p>\n<\/div>\n<\/div>\n<p>&nbsp;<\/p>\n<h3>Sp\u00e9cifications techniques<\/h3>\n<div class=\"heading-divider\"><\/div>\n<table class=\"table table-striped\">\n<thead align=\"center\">\n<tr>\n<th>Mod\u00e8les<\/th>\n<th>Type d&rsquo;aiguille<\/th>\n<th>Nombre de fils<\/th>\n<th>Longueur de point (mm)<\/th>\n<th>Relevage de pied<\/th>\n<th>Vitesse de couture : points\/min<\/th>\n<\/tr>\n<\/thead>\n<tbody align=\"center\">\n<tr>\n<td>F5<\/td>\n<td>DPx1 11-18#<\/td>\n<td>2<\/td>\n<td>5<\/td>\n<td>5-13<\/td>\n<td>5000<\/td>\n<\/tr>\n<tr>\n<td>F5-H<\/td>\n<td>DPx5 18-21#<\/td>\n<td>2<\/td>\n<td>5<\/td>\n<td>5-13<\/td>\n<td>3500<\/td>\n<\/tr>\n<tr>\n<td>F5-HL-7<\/td>\n<td>DPx5 18-21#<\/td>\n<td>2<\/td>\n<td>7<\/td>\n<td>5-13<\/td>\n<td>3500<\/td>\n<\/tr>\n<tr>\n<td>F5-7<\/td>\n<td>DPx1 11-18#<\/td>\n<td>2<\/td>\n<td>7<\/td>\n<td>5-13<\/td>\n<td>3500<\/td>\n<\/tr>\n<tr>\n<td>F5-H-7<\/td>\n<td>DPx1 18-21#<\/td>\n<td>2<\/td>\n<td>7<\/td>\n<td>5-13<\/td>\n<td>3500<\/td>\n<\/tr>\n<\/tbody>\n<\/table>\n","protected":false},"featured_media":3076,"comment_status":"open","ping_status":"closed","template":"","meta":{"om_disable_all_campaigns":false,"_monsterinsights_skip_tracking":false,"_monsterinsights_sitenote_active":false,"_monsterinsights_sitenote_note":"","_monsterinsights_sitenote_category":0,"_uf_show_specific_survey":0,"_uf_disable_surveys":false},"product_brand":[],"product_cat":[67],"product_tag":[],"giftcard-category":[],"class_list":{"0":"post-3075","1":"product","2":"type-product","3":"status-publish","4":"has-post-thumbnail","6":"product_cat-piqueuse-industrielle","8":"first","9":"instock","10":"sale","11":"shipping-taxable","12":"purchasable","13":"product-type-simple"},"aioseo_notices":[],"jetpack_sharing_enabled":true,"_links":{"self":[{"href":"https:\/\/berninabrussels.be\/index.php?rest_route=\/wp\/v2\/product\/3075","targetHints":{"allow":["GET"]}}],"collection":[{"href":"https:\/\/berninabrussels.be\/index.php?rest_route=\/wp\/v2\/product"}],"about":[{"href":"https:\/\/berninabrussels.be\/index.php?rest_route=\/wp\/v2\/types\/product"}],"replies":[{"embeddable":true,"href":"https:\/\/berninabrussels.be\/index.php?rest_route=%2Fwp%2Fv2%2Fcomments&post=3075"}],"wp:featuredmedia":[{"embeddable":true,"href":"https:\/\/berninabrussels.be\/index.php?rest_route=\/wp\/v2\/media\/3076"}],"wp:attachment":[{"href":"https:\/\/berninabrussels.be\/index.php?rest_route=%2Fwp%2Fv2%2Fmedia&parent=3075"}],"wp:term":[{"taxonomy":"product_brand","embeddable":true,"href":"https:\/\/berninabrussels.be\/index.php?rest_route=%2Fwp%2Fv2%2Fproduct_brand&post=3075"},{"taxonomy":"product_cat","embeddable":true,"href":"https:\/\/berninabrussels.be\/index.php?rest_route=%2Fwp%2Fv2%2Fproduct_cat&post=3075"},{"taxonomy":"product_tag","embeddable":true,"href":"https:\/\/berninabrussels.be\/index.php?rest_route=%2Fwp%2Fv2%2Fproduct_tag&post=3075"},{"taxonomy":"giftcard-category","embeddable":true,"href":"https:\/\/berninabrussels.be\/index.php?rest_route=%2Fwp%2Fv2%2Fgiftcard-category&post=3075"}],"curies":[{"name":"wp","href":"https:\/\/api.w.org\/{rel}","templated":true}]}}