{"id":304,"date":"2023-05-07T10:36:44","date_gmt":"2023-05-07T08:36:44","guid":{"rendered":"https:\/\/berninabrussels.be\/?post_type=product&#038;p=304"},"modified":"2024-09-27T14:44:46","modified_gmt":"2024-09-27T12:44:46","slug":"surjeteuse-pfaff-hobbylock-2-0","status":"publish","type":"product","link":"https:\/\/berninabrussels.be\/?product=surjeteuse-pfaff-hobbylock-2-0","title":{"rendered":"Surjeteuse PFAFF Hobbylock 2.0 cours de prise en main"},"content":{"rendered":"<h3>Surjeteuse Pfaff Hobbylock 2.0<\/h3>\n<h4>COUSEZ COMME UNE PROFESSIONNELLE !<\/h4>\n<p>Des fonctions fantastiques et un grand choix de points !<\/p>\n<p>La surjeteuse hobbylock\u2122 2.0 est une surjeteuse moderne, facile \u00e0 utiliser, avec de nombreuses fonctions pratiques : 15 points inclus, longueur de point r\u00e9glable, le bord-roul\u00e9 int\u00e9gr\u00e9, le bras libre pour manches et jambes de pantalon, contr\u00f4le de vitesse \u00e9lectronique, et bien plus.<\/p>\n","protected":false},"excerpt":{"rendered":"<p>Surjeteuse Pfaff Hobbylock 2.0 COUSEZ COMME UNE PROFESSIONNELLE ! Des fonctions fantastiques et un grand choix de points ! La surjeteuse hobbylock\u2122 2.0 est une surjeteuse moderne, facile \u00e0 utiliser, avec de nombreuses fonctions pratiques : 15 points inclus, longueur de point r\u00e9glable, le bord-roul\u00e9 int\u00e9gr\u00e9, le bras libre pour manches et jambes de pantalon,&hellip;<\/p>\n","protected":false},"featured_media":306,"comment_status":"open","ping_status":"closed","template":"","meta":{"om_disable_all_campaigns":false,"_monsterinsights_skip_tracking":false,"_monsterinsights_sitenote_active":false,"_monsterinsights_sitenote_note":"","_monsterinsights_sitenote_category":0,"_uf_show_specific_survey":0,"_uf_disable_surveys":false},"product_brand":[],"product_cat":[29,45,53],"product_tag":[],"giftcard-category":[],"class_list":{"0":"post-304","1":"product","2":"type-product","3":"status-publish","4":"has-post-thumbnail","6":"product_cat-machines","7":"product_cat-surjeteuse-accesoires","8":"product_cat-surjeteuse-recouvreuse","10":"first","11":"instock","12":"sale","13":"shipping-taxable","14":"purchasable","15":"product-type-simple"},"aioseo_notices":[],"jetpack_sharing_enabled":true,"_links":{"self":[{"href":"https:\/\/berninabrussels.be\/index.php?rest_route=\/wp\/v2\/product\/304","targetHints":{"allow":["GET"]}}],"collection":[{"href":"https:\/\/berninabrussels.be\/index.php?rest_route=\/wp\/v2\/product"}],"about":[{"href":"https:\/\/berninabrussels.be\/index.php?rest_route=\/wp\/v2\/types\/product"}],"replies":[{"embeddable":true,"href":"https:\/\/berninabrussels.be\/index.php?rest_route=%2Fwp%2Fv2%2Fcomments&post=304"}],"wp:featuredmedia":[{"embeddable":true,"href":"https:\/\/berninabrussels.be\/index.php?rest_route=\/wp\/v2\/media\/306"}],"wp:attachment":[{"href":"https:\/\/berninabrussels.be\/index.php?rest_route=%2Fwp%2Fv2%2Fmedia&parent=304"}],"wp:term":[{"taxonomy":"product_brand","embeddable":true,"href":"https:\/\/berninabrussels.be\/index.php?rest_route=%2Fwp%2Fv2%2Fproduct_brand&post=304"},{"taxonomy":"product_cat","embeddable":true,"href":"https:\/\/berninabrussels.be\/index.php?rest_route=%2Fwp%2Fv2%2Fproduct_cat&post=304"},{"taxonomy":"product_tag","embeddable":true,"href":"https:\/\/berninabrussels.be\/index.php?rest_route=%2Fwp%2Fv2%2Fproduct_tag&post=304"},{"taxonomy":"giftcard-category","embeddable":true,"href":"https:\/\/berninabrussels.be\/index.php?rest_route=%2Fwp%2Fv2%2Fgiftcard-category&post=304"}],"curies":[{"name":"wp","href":"https:\/\/api.w.org\/{rel}","templated":true}]}}