{"id":302,"date":"2023-05-07T10:26:44","date_gmt":"2023-05-07T08:26:44","guid":{"rendered":"https:\/\/berninabrussels.be\/?post_type=product&#038;p=302"},"modified":"2024-09-27T14:45:04","modified_gmt":"2024-09-27T12:45:04","slug":"surjeteuse-pfaff-admire-air-5000","status":"publish","type":"product","link":"https:\/\/berninabrussels.be\/?product=surjeteuse-pfaff-admire-air-5000","title":{"rendered":"Surjeteuse PFAFF Admire Air 5000 +  cours de prise en main"},"content":{"rendered":"<h3>Surjeteuse PFAFF Admire Air 5000<\/h3>\n<h4>Un air artistique &#8230;<\/h4>\n<p>L&rsquo;enfilage n&rsquo;a jamais \u00e9t\u00e9 aussi rapide et facile. D\u00e9couvrez le confort du syst\u00e8me d&rsquo;enfilage \u00e0 air automatique PFAFF\u00ae admire\u2122 air 5000.<\/p>\n","protected":false},"excerpt":{"rendered":"<p>Surjeteuse PFAFF Admire Air 5000 Un air artistique &#8230; L&rsquo;enfilage n&rsquo;a jamais \u00e9t\u00e9 aussi rapide et facile. D\u00e9couvrez le confort du syst\u00e8me d&rsquo;enfilage \u00e0 air automatique PFAFF\u00ae admire\u2122 air 5000.<\/p>\n","protected":false},"featured_media":303,"comment_status":"open","ping_status":"closed","template":"","meta":{"om_disable_all_campaigns":false,"_monsterinsights_skip_tracking":false,"_monsterinsights_sitenote_active":false,"_monsterinsights_sitenote_note":"","_monsterinsights_sitenote_category":0,"_uf_show_specific_survey":0,"_uf_disable_surveys":false},"product_brand":[],"product_cat":[29,45,53],"product_tag":[],"giftcard-category":[],"class_list":{"0":"post-302","1":"product","2":"type-product","3":"status-publish","4":"has-post-thumbnail","6":"product_cat-machines","7":"product_cat-surjeteuse-accesoires","8":"product_cat-surjeteuse-recouvreuse","10":"first","11":"instock","12":"shipping-taxable","13":"purchasable","14":"product-type-simple"},"aioseo_notices":[],"jetpack_sharing_enabled":true,"_links":{"self":[{"href":"https:\/\/berninabrussels.be\/index.php?rest_route=\/wp\/v2\/product\/302","targetHints":{"allow":["GET"]}}],"collection":[{"href":"https:\/\/berninabrussels.be\/index.php?rest_route=\/wp\/v2\/product"}],"about":[{"href":"https:\/\/berninabrussels.be\/index.php?rest_route=\/wp\/v2\/types\/product"}],"replies":[{"embeddable":true,"href":"https:\/\/berninabrussels.be\/index.php?rest_route=%2Fwp%2Fv2%2Fcomments&post=302"}],"wp:featuredmedia":[{"embeddable":true,"href":"https:\/\/berninabrussels.be\/index.php?rest_route=\/wp\/v2\/media\/303"}],"wp:attachment":[{"href":"https:\/\/berninabrussels.be\/index.php?rest_route=%2Fwp%2Fv2%2Fmedia&parent=302"}],"wp:term":[{"taxonomy":"product_brand","embeddable":true,"href":"https:\/\/berninabrussels.be\/index.php?rest_route=%2Fwp%2Fv2%2Fproduct_brand&post=302"},{"taxonomy":"product_cat","embeddable":true,"href":"https:\/\/berninabrussels.be\/index.php?rest_route=%2Fwp%2Fv2%2Fproduct_cat&post=302"},{"taxonomy":"product_tag","embeddable":true,"href":"https:\/\/berninabrussels.be\/index.php?rest_route=%2Fwp%2Fv2%2Fproduct_tag&post=302"},{"taxonomy":"giftcard-category","embeddable":true,"href":"https:\/\/berninabrussels.be\/index.php?rest_route=%2Fwp%2Fv2%2Fgiftcard-category&post=302"}],"curies":[{"name":"wp","href":"https:\/\/api.w.org\/{rel}","templated":true}]}}