{"id":2972,"date":"2024-04-04T17:54:17","date_gmt":"2024-04-04T15:54:17","guid":{"rendered":"https:\/\/berninabrussels.be\/?post_type=product&#038;p=2972"},"modified":"2025-10-09T05:57:25","modified_gmt":"2025-10-09T03:57:25","slug":"bernette-68-airlock-combi","status":"publish","type":"product","link":"https:\/\/berninabrussels.be\/?product=bernette-68-airlock-combi","title":{"rendered":"Bernette 68 airlock combi + Cours de prise en main offert (sur rdv)"},"content":{"rendered":"<article class=\"node-single clearfix\">\n<h1>bernette 68 AIRLOCK<\/h1>\n<h2>La machine combin\u00e9e \u00e0 point de surjet et \u00e0 point enveloppant avec un enfilage \u00e0 air facile<\/h2>\n<p>La bernette 68 est une machine combin\u00e9e avec des points de surjet, des points enveloppants, des points de cha\u00eenette et des points combin\u00e9s. Ses nombreux atouts incluent un enfileur \u00e0 air pour faciliter l&rsquo;enfilage des fils du boucleur, un espace de 130 mm \u00e0 droite de l&rsquo;aiguille pour la couture confortable de grands ouvrages (en particulier pour la couture au point enveloppant), un bras libre int\u00e9gr\u00e9 pour la piq\u00fbre de manchettes, un \u00e9clairage lumineux de la zone de couture avec 5 LEDs et un levier de genou pour abaisser et relever temporairement le pied-de-biche. Avec 31 points diff\u00e9rents, tous vous besoins seront satisfaits.<\/p>\n<ul>\n<li>Enfileur \u00e0 air automatique pour les fils du boucleur<\/li>\n<li>Chemins d&rsquo;enfilage color\u00e9s pour un enfilage facile<\/li>\n<li>Points de surjet \u00e0 2, 3, 4 et 5 fils<\/li>\n<li>Espace de travail spacieux (5&Prime;\/130 mm)<\/li>\n<li>Grande table rallonge<\/li>\n<li>5 lumi\u00e8res LED pour une meilleure visibilit\u00e9<\/li>\n<li>Qualit\u00e9 de point \u00e9lev\u00e9e avec des vitesses jusqu&rsquo;\u00e0 1 300 points par minute<\/li>\n<li>Syst\u00e8me de contr\u00f4le de fil mtc (Micro Thread Control)<\/li>\n<li>Levier pour genoux<\/li>\n<li>Grand collecteur de chutes de tissus<\/li>\n<\/ul>\n<\/article>\n","protected":false},"excerpt":{"rendered":"<p>bernette 68 AIRLOCK La machine combin\u00e9e \u00e0 point de surjet et \u00e0 point enveloppant avec un enfilage \u00e0 air facile La bernette 68 est une machine combin\u00e9e avec des points de surjet, des points enveloppants, des points de cha\u00eenette et des points combin\u00e9s. Ses nombreux atouts incluent un enfileur \u00e0 air pour faciliter l&rsquo;enfilage des&hellip;<\/p>\n","protected":false},"featured_media":2973,"comment_status":"open","ping_status":"closed","template":"","meta":{"om_disable_all_campaigns":false,"_monsterinsights_skip_tracking":false,"_monsterinsights_sitenote_active":false,"_monsterinsights_sitenote_note":"","_monsterinsights_sitenote_category":0,"_uf_show_specific_survey":0,"_uf_disable_surveys":false},"product_brand":[],"product_cat":[54,29],"product_tag":[],"giftcard-category":[],"class_list":{"0":"post-2972","1":"product","2":"type-product","3":"status-publish","4":"has-post-thumbnail","6":"product_cat-combine","7":"product_cat-machines","9":"first","10":"instock","11":"sale","12":"shipping-taxable","13":"purchasable","14":"product-type-simple"},"aioseo_notices":[],"jetpack_sharing_enabled":true,"_links":{"self":[{"href":"https:\/\/berninabrussels.be\/index.php?rest_route=\/wp\/v2\/product\/2972","targetHints":{"allow":["GET"]}}],"collection":[{"href":"https:\/\/berninabrussels.be\/index.php?rest_route=\/wp\/v2\/product"}],"about":[{"href":"https:\/\/berninabrussels.be\/index.php?rest_route=\/wp\/v2\/types\/product"}],"replies":[{"embeddable":true,"href":"https:\/\/berninabrussels.be\/index.php?rest_route=%2Fwp%2Fv2%2Fcomments&post=2972"}],"wp:featuredmedia":[{"embeddable":true,"href":"https:\/\/berninabrussels.be\/index.php?rest_route=\/wp\/v2\/media\/2973"}],"wp:attachment":[{"href":"https:\/\/berninabrussels.be\/index.php?rest_route=%2Fwp%2Fv2%2Fmedia&parent=2972"}],"wp:term":[{"taxonomy":"product_brand","embeddable":true,"href":"https:\/\/berninabrussels.be\/index.php?rest_route=%2Fwp%2Fv2%2Fproduct_brand&post=2972"},{"taxonomy":"product_cat","embeddable":true,"href":"https:\/\/berninabrussels.be\/index.php?rest_route=%2Fwp%2Fv2%2Fproduct_cat&post=2972"},{"taxonomy":"product_tag","embeddable":true,"href":"https:\/\/berninabrussels.be\/index.php?rest_route=%2Fwp%2Fv2%2Fproduct_tag&post=2972"},{"taxonomy":"giftcard-category","embeddable":true,"href":"https:\/\/berninabrussels.be\/index.php?rest_route=%2Fwp%2Fv2%2Fgiftcard-category&post=2972"}],"curies":[{"name":"wp","href":"https:\/\/api.w.org\/{rel}","templated":true}]}}