{"id":295,"date":"2023-05-07T09:52:53","date_gmt":"2023-05-07T07:52:53","guid":{"rendered":"https:\/\/berninabrussels.be\/?post_type=product&#038;p=295"},"modified":"2026-03-19T18:43:58","modified_gmt":"2026-03-19T17:43:58","slug":"machine-a-coudre-jack-a5-e","status":"publish","type":"product","link":"https:\/\/berninabrussels.be\/?product=machine-a-coudre-jack-a5-e","title":{"rendered":"JACK A5E-B+ b\u00e2ti europ\u00e9en + livraison gratuite sur Bruxelles"},"content":{"rendered":"<div class=\"row irow-sm text-center cards-color cards-border cards-images divtable\">\n<h2 data-section-id=\"31tfdg\" data-start=\"884\" data-end=\"958\">Jack A5E-B AMH2 \u2013 Machine industrielle intelligente nouvelle g\u00e9n\u00e9ration<\/h2>\n<p data-start=\"960\" data-end=\"1177\">La <strong data-start=\"963\" data-end=\"982\">Jack A5E-B AMH2<\/strong> est la version la plus avanc\u00e9e de la s\u00e9rie A5.<br data-start=\"1029\" data-end=\"1032\" \/>Elle int\u00e8gre les derni\u00e8res innovations en mati\u00e8re d\u2019intelligence artificielle pour offrir une couture pr\u00e9cise, rapide et sans r\u00e9glages complexes.<\/p>\n<hr data-start=\"1179\" data-end=\"1182\" \/>\n<h2 data-section-id=\"n2jl5f\" data-start=\"1184\" data-end=\"1220\">\ud83e\udde0 Intelligence artificielle AMH2<\/h2>\n<p data-start=\"1222\" data-end=\"1308\">Gr\u00e2ce \u00e0 son <strong data-start=\"1234\" data-end=\"1272\">chip dual-core nouvelle g\u00e9n\u00e9ration<\/strong>, la machine analyse en temps r\u00e9el :<\/p>\n<ul data-start=\"1309\" data-end=\"1381\">\n<li data-section-id=\"qep8uv\" data-start=\"1309\" data-end=\"1333\">\n<p data-start=\"1311\" data-end=\"1333\">l\u2019\u00e9paisseur du tissu<\/p>\n<\/li>\n<li data-section-id=\"yvd70f\" data-start=\"1334\" data-end=\"1363\">\n<p data-start=\"1336\" data-end=\"1363\">les variations de mati\u00e8re<\/p>\n<\/li>\n<li data-section-id=\"j24aay\" data-start=\"1364\" data-end=\"1381\">\n<p data-start=\"1366\" data-end=\"1381\">la r\u00e9sistance<\/p>\n<\/li>\n<\/ul>\n<p data-start=\"1383\" data-end=\"1464\">\ud83d\udc49 Elle adapte automatiquement ses param\u00e8tres pour garantir une couture parfaite.<\/p>\n<hr data-start=\"1466\" data-end=\"1469\" \/>\n<h2 data-section-id=\"grff27\" data-start=\"1471\" data-end=\"1499\">\u26a1 Puissance &amp; performance<\/h2>\n<p data-start=\"1501\" data-end=\"1541\">\u00c9quip\u00e9e d\u2019un moteur <strong data-start=\"1521\" data-end=\"1539\">APE Dual-Drive<\/strong> :<\/p>\n<ul data-start=\"1542\" data-end=\"1662\">\n<li data-section-id=\"1f86fa9\" data-start=\"1542\" data-end=\"1570\">\n<p data-start=\"1544\" data-end=\"1570\">R\u00e9activit\u00e9 4x sup\u00e9rieure<\/p>\n<\/li>\n<li data-section-id=\"1smiiwq\" data-start=\"1571\" data-end=\"1607\">\n<p data-start=\"1573\" data-end=\"1607\">Couple \u00e9lev\u00e9 jusqu\u2019\u00e0 <strong data-start=\"1594\" data-end=\"1605\">11,3 Nm<\/strong><\/p>\n<\/li>\n<li data-section-id=\"mnmjz2\" data-start=\"1608\" data-end=\"1662\">\n<p data-start=\"1610\" data-end=\"1662\">Capable de coudre du tissu fin jusqu\u2019au cuir l\u00e9ger<\/p>\n<\/li>\n<\/ul>\n<p data-start=\"1664\" data-end=\"1714\">\ud83d\udc49 Une machine polyvalente pour tous les ateliers.<\/p>\n<hr data-start=\"1716\" data-end=\"1719\" \/>\n<h2 data-section-id=\"11xqrds\" data-start=\"1721\" data-end=\"1764\">\ud83e\uddfc Couture propre (technologie semi-dry)<\/h2>\n<ul data-start=\"1766\" data-end=\"1854\">\n<li data-section-id=\"164089e\" data-start=\"1766\" data-end=\"1780\">\n<p data-start=\"1768\" data-end=\"1780\">T\u00eate s\u00e8che<\/p>\n<\/li>\n<li data-section-id=\"164vafc\" data-start=\"1781\" data-end=\"1820\">\n<p data-start=\"1783\" data-end=\"1820\">Lubrification uniquement au crochet<\/p>\n<\/li>\n<li data-section-id=\"1wbnt07\" data-start=\"1821\" data-end=\"1854\">\n<p data-start=\"1823\" data-end=\"1854\">Aucun risque de tache d\u2019huile<\/p>\n<\/li>\n<\/ul>\n<p data-start=\"1856\" data-end=\"1896\">\ud83d\udc49 Id\u00e9al pour tissus clairs et d\u00e9licats.<\/p>\n<hr data-start=\"1898\" data-end=\"1901\" \/>\n<h2 data-section-id=\"gvfn8u\" data-start=\"1903\" data-end=\"1927\">\ud83d\udccf Confort de travail<\/h2>\n<ul data-start=\"1929\" data-end=\"2038\">\n<li data-section-id=\"m8scg3\" data-start=\"1929\" data-end=\"1968\">\n<p data-start=\"1931\" data-end=\"1968\">Grand espace sous bras : <strong data-start=\"1956\" data-end=\"1966\">305 mm<\/strong><\/p>\n<\/li>\n<li data-section-id=\"y9ynvz\" data-start=\"1969\" data-end=\"2014\">\n<p data-start=\"1971\" data-end=\"2014\">Meilleure manipulation des grandes pi\u00e8ces<\/p>\n<\/li>\n<li data-section-id=\"1e46gj2\" data-start=\"2015\" data-end=\"2038\">\n<p data-start=\"2017\" data-end=\"2038\">Ergonomie optimis\u00e9e<\/p>\n<\/li>\n<\/ul>\n<hr data-start=\"2040\" data-end=\"2043\" \/>\n<h2 data-section-id=\"17exilw\" data-start=\"2045\" data-end=\"2073\">\u2699\ufe0f Fonctions automatiques<\/h2>\n<ul data-start=\"2075\" data-end=\"2273\">\n<li data-section-id=\"1et65o5\" data-start=\"2075\" data-end=\"2100\">\n<p data-start=\"2077\" data-end=\"2100\">Coupe-fil automatique<\/p>\n<\/li>\n<li data-section-id=\"lb8ieo\" data-start=\"2101\" data-end=\"2142\">\n<p data-start=\"2103\" data-end=\"2142\">Relevage automatique du pied presseur<\/p>\n<\/li>\n<li data-section-id=\"qmmp8c\" data-start=\"2143\" data-end=\"2171\">\n<p data-start=\"2145\" data-end=\"2171\">R\u00e9glage digital du point<\/p>\n<\/li>\n<li data-section-id=\"16z10nj\" data-start=\"2172\" data-end=\"2190\">\n<p data-start=\"2174\" data-end=\"2190\">Marche arri\u00e8re<\/p>\n<\/li>\n<li data-section-id=\"3p0zxu\" data-start=\"2191\" data-end=\"2240\">\n<p data-start=\"2193\" data-end=\"2240\">Ouverture \u00e9lectronique des disques de tension<\/p>\n<\/li>\n<li data-section-id=\"1go1jzd\" data-start=\"2241\" data-end=\"2273\">\n<p data-start=\"2243\" data-end=\"2273\">Point par point &amp; demi-point<\/p>\n<\/li>\n<\/ul>\n<hr data-start=\"2275\" data-end=\"2278\" \/>\n<h2 data-section-id=\"16xmpud\" data-start=\"2280\" data-end=\"2312\">\ud83d\udd04 \u00c9volution : A5E-A vs A5E-B<\/h2>\n<p data-start=\"2314\" data-end=\"2396\">La <strong data-start=\"2317\" data-end=\"2326\">A5E-A<\/strong> introduisait d\u00e9j\u00e0 l\u2019intelligence artificielle avec la puce Octopus.<\/p>\n<p data-start=\"2398\" data-end=\"2430\">La <strong data-start=\"2401\" data-end=\"2423\">A5E-B va plus loin<\/strong> avec :<\/p>\n<ul data-start=\"2431\" data-end=\"2573\">\n<li data-section-id=\"x5yctl\" data-start=\"2431\" data-end=\"2464\">\n<p data-start=\"2433\" data-end=\"2464\">Chip IA Dual-Core plus rapide<\/p>\n<\/li>\n<li data-section-id=\"6h6a4s\" data-start=\"2465\" data-end=\"2500\">\n<p data-start=\"2467\" data-end=\"2500\">Moteur Dual-Drive plus puissant<\/p>\n<\/li>\n<li data-section-id=\"1b0f98b\" data-start=\"2501\" data-end=\"2524\">\n<p data-start=\"2503\" data-end=\"2524\">Meilleure stabilit\u00e9<\/p>\n<\/li>\n<li data-section-id=\"1d18abw\" data-start=\"2525\" data-end=\"2549\">\n<p data-start=\"2527\" data-end=\"2549\">Interface simplifi\u00e9e<\/p>\n<\/li>\n<li data-section-id=\"rzzmby\" data-start=\"2550\" data-end=\"2573\">\n<p data-start=\"2552\" data-end=\"2573\">Pince-fil optimis\u00e9e<\/p>\n<\/li>\n<\/ul>\n<p data-start=\"2575\" data-end=\"2649\">\ud83d\udc49 R\u00e9sultat : une machine encore plus fiable, plus pr\u00e9cise et plus rapide.<\/p>\n<hr data-start=\"2651\" data-end=\"2654\" \/>\n<h2 data-section-id=\"a2wtbw\" data-start=\"2656\" data-end=\"2672\">\ud83c\udfaf Pour qui ?<\/h2>\n<ul data-start=\"2674\" data-end=\"2781\">\n<li data-section-id=\"p0yk4m\" data-start=\"2674\" data-end=\"2700\">\n<p data-start=\"2676\" data-end=\"2700\">Ateliers de confection<\/p>\n<\/li>\n<li data-section-id=\"1x6d2nr\" data-start=\"2701\" data-end=\"2731\">\n<p data-start=\"2703\" data-end=\"2731\">Retouches professionnelles<\/p>\n<\/li>\n<li data-section-id=\"1l5gr86\" data-start=\"2732\" data-end=\"2754\">\n<p data-start=\"2734\" data-end=\"2754\">Production textile<\/p>\n<\/li>\n<li data-section-id=\"1rtzd64\" data-start=\"2755\" data-end=\"2781\">\n<p data-start=\"2757\" data-end=\"2781\">Utilisateurs exigeants<\/p>\n<\/li>\n<\/ul>\n<hr data-start=\"2783\" data-end=\"2786\" \/>\n<h2 data-section-id=\"v3gxs9\" data-start=\"2788\" data-end=\"2826\">\ud83d\udca1 Pourquoi choisir la Jack A5E-B ?<\/h2>\n<p data-start=\"2828\" data-end=\"2942\">\u2714 Gain de temps<br data-start=\"2843\" data-end=\"2846\" \/>\u2714 Moins de r\u00e9glages<br data-start=\"2865\" data-end=\"2868\" \/>\u2714 Couture constante<br data-start=\"2887\" data-end=\"2890\" \/>\u2714 Adaptation automatique<br data-start=\"2914\" data-end=\"2917\" \/>\u2714 Technologie de pointe<\/p>\n<\/div>\n<div class=\"TyagGW_tableContainer\">\n<div class=\"group TyagGW_tableWrapper flex flex-col-reverse w-fit\" tabindex=\"-1\">\n<table class=\"w-fit min-w-(--thread-content-width)\" data-start=\"1506\" data-end=\"2163\">\n<thead data-start=\"1506\" data-end=\"1620\">\n<tr data-start=\"1506\" data-end=\"1620\">\n<th class=\"\" data-start=\"1506\" data-end=\"1515\" data-col-size=\"sm\">Mod\u00e8le<\/th>\n<th class=\"\" data-start=\"1515\" data-end=\"1529\" data-col-size=\"sm\">Utilisation<\/th>\n<th class=\"\" data-start=\"1529\" data-end=\"1549\" data-col-size=\"sm\">Longueur de point<\/th>\n<th class=\"\" data-start=\"1549\" data-end=\"1562\" data-col-size=\"sm\">Dimensions<\/th>\n<th class=\"\" data-start=\"1562\" data-end=\"1570\" data-col-size=\"sm\">Poids<\/th>\n<th class=\"\" data-start=\"1570\" data-end=\"1581\" data-col-size=\"sm\">Aiguille<\/th>\n<th class=\"\" data-start=\"1581\" data-end=\"1595\" data-col-size=\"sm\">Vitesse max<\/th>\n<th class=\"\" data-start=\"1595\" data-end=\"1620\" data-col-size=\"sm\">Hauteur pied presseur<\/th>\n<\/tr>\n<\/thead>\n<tbody data-start=\"1733\" data-end=\"2163\">\n<tr data-start=\"1733\" data-end=\"1830\">\n<td data-start=\"1733\" data-end=\"1741\" data-col-size=\"sm\">A5E-B<\/td>\n<td data-col-size=\"sm\" data-start=\"1741\" data-end=\"1757\">L\u00e9ger \/ Moyen<\/td>\n<td data-col-size=\"sm\" data-start=\"1757\" data-end=\"1764\">5 mm<\/td>\n<td data-col-size=\"sm\" data-start=\"1764\" data-end=\"1778\">690\u00d7295\u00d7550<\/td>\n<td data-col-size=\"sm\" data-start=\"1778\" data-end=\"1795\">42.5 \/ 48.6 kg<\/td>\n<td data-col-size=\"sm\" data-start=\"1795\" data-end=\"1804\">16&#215;231<\/td>\n<td data-col-size=\"sm\" data-start=\"1804\" data-end=\"1819\">5.000 tr\/min<\/td>\n<td data-col-size=\"sm\" data-start=\"1819\" data-end=\"1830\">1\u201313 mm<\/td>\n<\/tr>\n<tr data-start=\"1831\" data-end=\"1945\">\n<td data-start=\"1831\" data-end=\"1841\" data-col-size=\"sm\">A5E-B-N<\/td>\n<td data-col-size=\"sm\" data-start=\"1841\" data-end=\"1876\">L\u00e9ger \/ Moyen (d\u00e9marrage propre)<\/td>\n<td data-col-size=\"sm\" data-start=\"1876\" data-end=\"1883\">5 mm<\/td>\n<td data-col-size=\"sm\" data-start=\"1883\" data-end=\"1897\">690\u00d7295\u00d7550<\/td>\n<td data-col-size=\"sm\" data-start=\"1897\" data-end=\"1910\">43 \/ 49 kg<\/td>\n<td data-col-size=\"sm\" data-start=\"1910\" data-end=\"1919\">16&#215;231<\/td>\n<td data-col-size=\"sm\" data-start=\"1919\" data-end=\"1934\">5.000 tr\/min<\/td>\n<td data-col-size=\"sm\" data-start=\"1934\" data-end=\"1945\">1\u201313 mm<\/td>\n<\/tr>\n<tr data-start=\"1946\" data-end=\"2050\">\n<td data-start=\"1946\" data-end=\"1958\" data-col-size=\"sm\">A5E-B-H-7<\/td>\n<td data-col-size=\"sm\" data-start=\"1958\" data-end=\"1979\">Lourd (point long)<\/td>\n<td data-col-size=\"sm\" data-start=\"1979\" data-end=\"1986\">5 mm<\/td>\n<td data-col-size=\"sm\" data-start=\"1986\" data-end=\"2000\">690\u00d7295\u00d7550<\/td>\n<td data-col-size=\"sm\" data-start=\"2000\" data-end=\"2017\">42.5 \/ 48.6 kg<\/td>\n<td data-col-size=\"sm\" data-start=\"2017\" data-end=\"2024\">134R<\/td>\n<td data-col-size=\"sm\" data-start=\"2024\" data-end=\"2039\">3.500 tr\/min<\/td>\n<td data-col-size=\"sm\" data-start=\"2039\" data-end=\"2050\">1\u201313 mm<\/td>\n<\/tr>\n<tr data-start=\"2051\" data-end=\"2163\">\n<td data-start=\"2051\" data-end=\"2061\" data-col-size=\"sm\">A5E-B-7<\/td>\n<td data-col-size=\"sm\" data-start=\"2061\" data-end=\"2090\">L\u00e9ger \/ Moyen (point long)<\/td>\n<td data-col-size=\"sm\" data-start=\"2090\" data-end=\"2097\">5 mm<\/td>\n<td data-col-size=\"sm\" data-start=\"2097\" data-end=\"2111\">690\u00d7295\u00d7550<\/td>\n<td data-col-size=\"sm\" data-start=\"2111\" data-end=\"2128\">42.5 \/ 48.6 kg<\/td>\n<td data-col-size=\"sm\" data-start=\"2128\" data-end=\"2137\">16&#215;231<\/td>\n<td data-col-size=\"sm\" data-start=\"2137\" data-end=\"2152\">3.500 tr\/min<\/td>\n<td data-col-size=\"sm\" data-start=\"2152\" data-end=\"2163\">1\u201313 mm<\/td>\n<\/tr>\n<\/tbody>\n<\/table>\n<\/div>\n<\/div>\n<div class=\"row irow-sm text-center cards-color cards-border cards-images divtable\">\n<div class=\"col-sm-6 card card-image card-color divcell\">\n<h3>Transport gratuite sur Bruxelles et p\u00e9riph\u00e9rie<\/h3>\n<div class=\"heading-divider\"><\/div>\n<p>Nos machines \u00e0 coudre industrielles sont livr\u00e9es , avec un soin particulier apport\u00e9 \u00e0 l\u2019emballage pour garantir qu&rsquo;elles vous parviennent en parfait \u00e9tat. La livraison s\u2019effectue au rez-de-chauss\u00e9e, au pied de l\u2019immeuble, \u00e0 l\u2019adresse indiqu\u00e9e.<\/p>\n<\/div>\n<\/div>\n","protected":false},"excerpt":{"rendered":"<p data-start=\"255\" data-end=\"393\">Kit de d\u00e9marrage Jack industrie en cadeau! &#8212;-&gt;30\/04\/2026<\/p>\n<p data-start=\"255\" data-end=\"393\">La <strong data-start=\"258\" data-end=\"277\">Jack A5E-B AMH2<\/strong> est une machine \u00e0 coudre industrielle intelligente \u00e9quip\u00e9e d\u2019un syst\u00e8me adaptatif avec intelligence artificielle.<\/p>\n<p data-start=\"395\" data-end=\"580\">Gr\u00e2ce \u00e0 son <strong data-start=\"407\" data-end=\"425\">chip dual-core<\/strong> et son moteur <strong data-start=\"440\" data-end=\"458\">Dual-Drive APE<\/strong>, elle ajuste automatiquement ses r\u00e9glages selon le tissu pour garantir une couture parfaite, du plus fin au plus \u00e9pais.<\/p>\n<p data-start=\"582\" data-end=\"730\">\u2714 Adaptation automatique au tissu<br data-start=\"615\" data-end=\"618\" \/>\u2714 Puissance \u00e9lev\u00e9e (11,3 Nm)<br data-start=\"646\" data-end=\"649\" \/>\u2714 T\u00eate s\u00e8che (sans tache)<br data-start=\"674\" data-end=\"677\" \/>\u2714 Coupe-fil automatique<br data-start=\"700\" data-end=\"703\" \/>\u2714 Espace sous bras 305 mm<\/p>\n<p data-start=\"732\" data-end=\"818\">\ud83d\udc49 Id\u00e9ale pour les professionnels recherchant performance, pr\u00e9cision et gain de temps.<\/p>\n","protected":false},"featured_media":10660,"comment_status":"open","ping_status":"closed","template":"","meta":{"om_disable_all_campaigns":false,"_monsterinsights_skip_tracking":false,"_monsterinsights_sitenote_active":false,"_monsterinsights_sitenote_note":"","_monsterinsights_sitenote_category":0,"_uf_show_specific_survey":0,"_uf_disable_surveys":false},"product_brand":[],"product_cat":[29,32,67],"product_tag":[],"giftcard-category":[],"class_list":{"0":"post-295","1":"product","2":"type-product","3":"status-publish","4":"has-post-thumbnail","6":"product_cat-machines","7":"product_cat-machines-professionnelles","8":"product_cat-piqueuse-industrielle","10":"first","11":"instock","12":"featured","13":"shipping-taxable","14":"purchasable","15":"product-type-simple"},"aioseo_notices":[],"jetpack_sharing_enabled":true,"_links":{"self":[{"href":"https:\/\/berninabrussels.be\/index.php?rest_route=\/wp\/v2\/product\/295","targetHints":{"allow":["GET"]}}],"collection":[{"href":"https:\/\/berninabrussels.be\/index.php?rest_route=\/wp\/v2\/product"}],"about":[{"href":"https:\/\/berninabrussels.be\/index.php?rest_route=\/wp\/v2\/types\/product"}],"replies":[{"embeddable":true,"href":"https:\/\/berninabrussels.be\/index.php?rest_route=%2Fwp%2Fv2%2Fcomments&post=295"}],"wp:featuredmedia":[{"embeddable":true,"href":"https:\/\/berninabrussels.be\/index.php?rest_route=\/wp\/v2\/media\/10660"}],"wp:attachment":[{"href":"https:\/\/berninabrussels.be\/index.php?rest_route=%2Fwp%2Fv2%2Fmedia&parent=295"}],"wp:term":[{"taxonomy":"product_brand","embeddable":true,"href":"https:\/\/berninabrussels.be\/index.php?rest_route=%2Fwp%2Fv2%2Fproduct_brand&post=295"},{"taxonomy":"product_cat","embeddable":true,"href":"https:\/\/berninabrussels.be\/index.php?rest_route=%2Fwp%2Fv2%2Fproduct_cat&post=295"},{"taxonomy":"product_tag","embeddable":true,"href":"https:\/\/berninabrussels.be\/index.php?rest_route=%2Fwp%2Fv2%2Fproduct_tag&post=295"},{"taxonomy":"giftcard-category","embeddable":true,"href":"https:\/\/berninabrussels.be\/index.php?rest_route=%2Fwp%2Fv2%2Fgiftcard-category&post=295"}],"curies":[{"name":"wp","href":"https:\/\/api.w.org\/{rel}","templated":true}]}}