{"id":2949,"date":"2024-02-22T18:33:26","date_gmt":"2024-02-22T17:33:26","guid":{"rendered":"https:\/\/berninabrussels.be\/?post_type=product&#038;p=2949"},"modified":"2024-11-10T18:08:27","modified_gmt":"2024-11-10T17:08:27","slug":"surjeteuse-couturama-garantie-5-ans-pieces","status":"publish","type":"product","link":"https:\/\/berninabrussels.be\/?product=surjeteuse-couturama-garantie-5-ans-pieces","title":{"rendered":"Surjeteuse Couturama (Garantie 5 ans pi\u00e8ces)+ Cours de prise en main offert (sur rdv)"},"content":{"rendered":"<p>La technique &amp; la simplicit\u00e9 d&rsquo;utilisation: la couturama 858 est au service de tous les utilisateurs !<\/p>\n<p>Surjeteuse \u00e0 2 aiguilles, 3\/4 fils ,avec roulott\u00e9 3 fils automatique, diff\u00e9rentiel et collecteur de d\u00e9chets.<\/p>\n<p>Tr\u00e8s belle surjeteuse hyper fiable \u00e0 petit prix. Garantie (ans sur les pi\u00e8ces (hors couteaux)<\/p>\n<h3><\/h3>\n<h3><\/h3>\n<h3>D\u00e9scription :<\/h3>\n<p>&nbsp;<\/p>\n<table border=\"0\" cellpadding=\"0\">\n<tbody>\n<tr>\n<td>\n<h4>Diff\u00e9rentiel r\u00e9glable :<\/h4>\n<p>Facilement contr\u00f4l\u00e9 et ajust\u00e9 gr\u00e2ce \u00e0 une molette situ\u00e9e sur l&rsquo;ext\u00e9rieur, du c\u00f4t\u00e9 gauche de la machine.<\/td>\n<td><img data-recalc-dims=\"1\" decoding=\"async\" src=\"https:\/\/i0.wp.com\/www.machine-a-coudre.fr\/_data\/improd\/juki\/mo-50\/juki-mo50e-differentiel-ajustable.jpg?resize=140%2C93&#038;ssl=1\" alt=\"Diff\u00e9rentiel r\u00e9glable\" width=\"140\" height=\"93\" \/><\/td>\n<\/tr>\n<tr>\n<td>\n<h4>Roulott\u00e9 automatique :<\/h4>\n<p>Permet d&rsquo;enfilage facile en quelques secondes &#8211; il suffit de pousser l&rsquo;enfileur automatique et puis thread passe creux automatiquement.<\/td>\n<td><img data-recalc-dims=\"1\" decoding=\"async\" src=\"https:\/\/i0.wp.com\/www.machine-a-coudre.fr\/_data\/improd\/juki\/mo-50\/juki-mo50e-roulotte-automatique.jpg?resize=140%2C93&#038;ssl=1\" alt=\"Roulott\u00e9 automatique \" width=\"140\" height=\"93\" \/><\/td>\n<\/tr>\n<tr>\n<td>\n<h4>Enfilage automatique du boucleur inf\u00e9rieur :<\/h4>\n<p>Permet un enfilage facile en quelques secondes &#8211; il suffit de pousser l&rsquo;enfileur automatique et puis le boucleur s&rsquo;enfile automatiquement.<\/td>\n<td><img data-recalc-dims=\"1\" decoding=\"async\" src=\"https:\/\/i0.wp.com\/www.machine-a-coudre.fr\/_data\/improd\/juki\/mo-50\/juki-mo50e-enfilage-automatique-boucleur-inferieur.jpg?resize=140%2C93&#038;ssl=1\" alt=\"Enfilage automatique du boucleur inf\u00e9rieur\" width=\"140\" height=\"93\" \/><\/td>\n<\/tr>\n<tr>\n<td>\n<h4>Couteau sup\u00e9rieur r\u00e9tractable :<\/h4>\n<p>L&rsquo;enfilage est rendu plus s\u00fbr et plus facile.<\/td>\n<td><img data-recalc-dims=\"1\" loading=\"lazy\" decoding=\"async\" src=\"https:\/\/i0.wp.com\/www.machine-a-coudre.fr\/_data\/improd\/juki\/mo-50\/juki-mo50e-couteau-superieur-retractable.jpg?resize=140%2C93&#038;ssl=1\" alt=\"Couteau sup\u00e9rieur r\u00e9tractable \" width=\"140\" height=\"93\" \/><\/td>\n<\/tr>\n<tr>\n<td>\n<h4>Couteau inf\u00e9rieur r\u00e9glable :<\/h4>\n<p>Possibilit\u00e9 d&rsquo;ajuster la largeur de coupe afin de l&rsquo;adapter \u00e0 son ouvrage et permettre un surfilage et un roulott\u00e9 parfait.<\/td>\n<td><img data-recalc-dims=\"1\" loading=\"lazy\" decoding=\"async\" src=\"https:\/\/i0.wp.com\/www.machine-a-coudre.fr\/_data\/improd\/juki\/mo-50\/juki-mo50e-couteau-inferieur-reglable.jpg?resize=140%2C93&#038;ssl=1\" alt=\"Couteau inf\u00e9rieur r\u00e9glable \" width=\"140\" height=\"93\" \/><\/td>\n<\/tr>\n<tr>\n<td>\n<h4>Enfilage :<\/h4>\n<p>Les rep\u00e8res de couleur permettent un enfilage facile et rapide.<\/td>\n<td><img data-recalc-dims=\"1\" loading=\"lazy\" decoding=\"async\" src=\"https:\/\/i0.wp.com\/www.machine-a-coudre.fr\/_data\/improd\/juki\/mo-50\/juki-mo50e-enfilage-couleurs.jpg?resize=140%2C93&#038;ssl=1\" alt=\"Enfilage\" width=\"140\" height=\"93\" \/><\/td>\n<\/tr>\n<tr>\n<td>\n<h4>Longueur de point ajustable :<\/h4>\n<p>Tourner le bouton ext\u00e9rieur \u00e0 cot\u00e9 du volant &#8211; plage de r\u00e9glage de 1 \u00e0 4 mm.<\/td>\n<td><img data-recalc-dims=\"1\" loading=\"lazy\" decoding=\"async\" src=\"https:\/\/i0.wp.com\/www.machine-a-coudre.fr\/_data\/improd\/juki\/mo-50\/juki-mo50e-longueur-points.jpg?resize=140%2C93&#038;ssl=1\" alt=\"Longueur de point ajustable \" width=\"140\" height=\"93\" \/><\/td>\n<\/tr>\n<tr>\n<td>\n<h4>Bac \u00e0 d\u00e9chets et \u00e9clairage<\/h4>\n<\/td>\n<td><img data-recalc-dims=\"1\" loading=\"lazy\" decoding=\"async\" src=\"https:\/\/i0.wp.com\/www.machine-a-coudre.fr\/_data\/improd\/juki\/mo-50\/juki-mo50e-eclairage.jpg?resize=140%2C93&#038;ssl=1\" alt=\"Bac \u00e0 d\u00e9chets et \u00e9clairage\" width=\"140\" height=\"93\" \/><\/td>\n<\/tr>\n<\/tbody>\n<\/table>\n<p>&nbsp;<\/p>\n<p>&nbsp;<\/p>\n<h3>Caract\u00e9ristiques :<\/h3>\n<ul>\n<li>Vitesse: 1.300 tr\/min<\/li>\n<li>Nombre de fils: 3\/4 fils<\/li>\n<li>Aiguille: ELx705<\/li>\n<li>Largeur standard ourlet: aiguille gauche 6mm, aiguille droite 4mm, ourlet roulott\u00e9 2mm<\/li>\n<li>Diff\u00e9rentiel: 0.8 &#8211; 2.0<\/li>\n<li>Roulott\u00e9 incorpor\u00e9: aiguille de droite\/3 fils<\/li>\n<li>Flatlock d\u00e9coratif: aiguille droite ou gauche\/3 fils<\/li>\n<li>Relevage du pied presseur: max 6mm<\/li>\n<li>Dimensions: 292 mm (l) x 295 mm (p) x 290 mm (h)<\/li>\n<li>Poids: 7,4Kg<\/li>\n<\/ul>\n<p>&nbsp;<\/p>\n<h3>Accessoires :<\/h3>\n<p>&nbsp;<\/p>\n<table border=\"0\" cellpadding=\"0\">\n<tbody>\n<tr>\n<td><img data-recalc-dims=\"1\" loading=\"lazy\" decoding=\"async\" src=\"https:\/\/i0.wp.com\/www.machine-a-coudre.fr\/_data\/improd\/juki\/mo-50\/juki-mo50e-accessoires.jpg?resize=350%2C299&#038;ssl=1\" width=\"350\" height=\"299\" \/><\/td>\n<td>1. Tournevis<br \/>\n2. Brucelles<br \/>\n3. Huile<br \/>\n4. Brosse de nettoyage<br \/>\n5. Jeu d&rsquo;aiguilles ELx705<br \/>\n6. Filets<br \/>\n7. Supports pour bobines<br \/>\n8. Bac \u00e0 d\u00e9chets<br \/>\n9. Cl\u00e9 hexagonale<br \/>\n10. Couteau sup\u00e9rieur<\/td>\n<\/tr>\n<\/tbody>\n<\/table>\n<p>&nbsp;<\/p>\n<h3><\/h3>\n<h3>Set de 6 pieds en OPTION :<\/h3>\n<p>&nbsp;<\/p>\n<h3><\/h3>\n<p>&nbsp;<\/p>\n<p><img data-recalc-dims=\"1\" loading=\"lazy\" decoding=\"async\" src=\"https:\/\/i0.wp.com\/www.machine-a-coudre.fr\/_data\/improd\/accessoires\/set-6-pieds-option.jpg?resize=590%2C332&#038;ssl=1\" alt=\"Set de 6 pieds en option\" width=\"590\" height=\"332\" \/><\/p>\n","protected":false},"excerpt":{"rendered":"<p>La technique &amp; la simplicit\u00e9 d&rsquo;utilisation: la couturama 858 est au service de tous les utilisateurs ! Surjeteuse \u00e0 2 aiguilles, 3\/4 fils ,avec roulott\u00e9 3 fils automatique, diff\u00e9rentiel et collecteur de d\u00e9chets. Tr\u00e8s belle surjeteuse hyper fiable \u00e0 petit prix. Garantie (ans sur les pi\u00e8ces (hors couteaux) D\u00e9scription : &nbsp; Diff\u00e9rentiel r\u00e9glable : Facilement&hellip;<\/p>\n","protected":false},"featured_media":2950,"comment_status":"open","ping_status":"closed","template":"","meta":{"om_disable_all_campaigns":false,"_monsterinsights_skip_tracking":false,"_monsterinsights_sitenote_active":false,"_monsterinsights_sitenote_note":"","_monsterinsights_sitenote_category":0,"_uf_show_specific_survey":0,"_uf_disable_surveys":false},"product_brand":[],"product_cat":[45],"product_tag":[],"giftcard-category":[],"class_list":{"0":"post-2949","1":"product","2":"type-product","3":"status-publish","4":"has-post-thumbnail","6":"product_cat-surjeteuse-accesoires","8":"first","9":"instock","10":"sale","11":"shipping-taxable","12":"purchasable","13":"product-type-simple"},"aioseo_notices":[],"jetpack_sharing_enabled":true,"_links":{"self":[{"href":"https:\/\/berninabrussels.be\/index.php?rest_route=\/wp\/v2\/product\/2949","targetHints":{"allow":["GET"]}}],"collection":[{"href":"https:\/\/berninabrussels.be\/index.php?rest_route=\/wp\/v2\/product"}],"about":[{"href":"https:\/\/berninabrussels.be\/index.php?rest_route=\/wp\/v2\/types\/product"}],"replies":[{"embeddable":true,"href":"https:\/\/berninabrussels.be\/index.php?rest_route=%2Fwp%2Fv2%2Fcomments&post=2949"}],"wp:featuredmedia":[{"embeddable":true,"href":"https:\/\/berninabrussels.be\/index.php?rest_route=\/wp\/v2\/media\/2950"}],"wp:attachment":[{"href":"https:\/\/berninabrussels.be\/index.php?rest_route=%2Fwp%2Fv2%2Fmedia&parent=2949"}],"wp:term":[{"taxonomy":"product_brand","embeddable":true,"href":"https:\/\/berninabrussels.be\/index.php?rest_route=%2Fwp%2Fv2%2Fproduct_brand&post=2949"},{"taxonomy":"product_cat","embeddable":true,"href":"https:\/\/berninabrussels.be\/index.php?rest_route=%2Fwp%2Fv2%2Fproduct_cat&post=2949"},{"taxonomy":"product_tag","embeddable":true,"href":"https:\/\/berninabrussels.be\/index.php?rest_route=%2Fwp%2Fv2%2Fproduct_tag&post=2949"},{"taxonomy":"giftcard-category","embeddable":true,"href":"https:\/\/berninabrussels.be\/index.php?rest_route=%2Fwp%2Fv2%2Fgiftcard-category&post=2949"}],"curies":[{"name":"wp","href":"https:\/\/api.w.org\/{rel}","templated":true}]}}