{"id":2887,"date":"2024-01-25T00:07:10","date_gmt":"2024-01-24T23:07:10","guid":{"rendered":"https:\/\/berninabrussels.be\/?post_type=product&#038;p=2887"},"modified":"2026-04-25T12:09:56","modified_gmt":"2026-04-25T10:09:56","slug":"bernina-500","status":"publish","type":"product","link":"https:\/\/berninabrussels.be\/?product=bernina-500","title":{"rendered":"Bernina 500 + programme Creator V9, Cours de prise en main offert (sur rdv)"},"content":{"rendered":"<h3>Machine \u00e0 broder BERNINA 500 &#8211; S\u00e9rie 5<\/h3>\n<h4>Avec module \u00e0 broder inclus<\/h4>\n<p>&nbsp;<\/p>\n<div class=\"row irow-xs\">\n<div class=\"col-sm-6\">\n<ul>\n<li><i class=\"fa fa-check fa-fw text-success\"><\/i>\u00a0Plus d&rsquo;espace pour de plus grands projets de broderie<\/li>\n<li><i class=\"fa fa-check fa-fw text-success\"><\/i>\u00a0Bobine Jumbo \u00e0 broder plus longtemps<\/li>\n<li><i class=\"fa fa-check fa-fw text-success\"><\/i>\u00a0Modifier les motifs de broderie via un \u00e9cran tactile<\/li>\n<\/ul>\n<\/div>\n<div class=\"col-sm-6\">\n<ul>\n<li><i class=\"fa fa-check fa-fw text-success\"><\/i>\u00a0Positionnez votre design exactement l\u00e0 o\u00f9 vous voulez<\/li>\n<li><i class=\"fa fa-check fa-fw text-success\"><\/i>\u00a0Obtenez les meilleurs r\u00e9sultats de broderie<\/li>\n<\/ul>\n<\/div>\n<\/div>\n<div class=\"row irow-xs cards\">\n<div class=\"col-sm-6\">\n<h4>La libert\u00e9 de cr\u00e9er une infinit\u00e9 de combinaisons de motifs.<\/h4>\n<div class=\"heading-divider\"><\/div>\n<p>Qu\u2019est-ce que des artistes de cosplay extr\u00eamement talentueux adorent dans la machine B 500 ? Tout. Elle est incroyablement rapide. Elle est suffisamment puissante pour travailler avec des mati\u00e8res originales. Ses fonctionnalit\u00e9s de broderies sont quasi-illimit\u00e9es. Les cosplayers sont fascin\u00e9s par cette machine. Vous aussi vous allez l\u2018adorer!<\/p>\n<\/div>\n<div class=\"col-sm-6\">\n<div class=\"embed-responsive embed-responsive-16by9\"><iframe src=\"https:\/\/www.youtube.com\/embed\/etJ_ZXcjbfY?rel=0\" frameborder=\"0\" allowfullscreen=\"allowfullscreen\" data-mce-fragment=\"1\"><\/iframe><\/div>\n<\/div>\n<\/div>\n<p>&nbsp;<\/p>\n<h4>Les fonctions de broderie de la machine B 500 que vous allez aimer:<\/h4>\n<p>&nbsp;<\/p>\n<div class=\"row irow-xs cards\">\n<div class=\"col-sm-6\">\n<div class=\"card card-image\">\n<figure><center><img data-recalc-dims=\"1\" decoding=\"async\" src=\"https:\/\/i0.wp.com\/www.stecker.be\/Images\/ImageDescriptionArticle\/machines\/bernina\/bernina-500\/espace-broderie-machine-a-broder-bernina-500.jpg?w=1140&#038;ssl=1\" alt=\"Espace de broderie - Bernina B 500\" \/><\/center><\/figure>\n<\/div>\n<\/div>\n<div class=\"col-sm-6\">\n<h4>Plus d&rsquo;espace pour une plus grande libert\u00e9 de cr\u00e9er<\/h4>\n<div class=\"heading-divider\"><\/div>\n<ul>\n<li><i class=\"fa fa-caret-right text-danger\"><\/i>\u00a0G\u00e9rez les grands ouvrages avec aisance<\/li>\n<li><i class=\"fa fa-caret-right text-danger\"><\/i>\u00a0Cr\u00e9ez une infinit\u00e9 de motifs en b\u00e9n\u00e9ficiant d&rsquo;un grand confort<\/li>\n<li><i class=\"fa fa-caret-right text-danger\"><\/i>\u00a0Nouveau design du module de broderie<\/li>\n<\/ul>\n<p>Le bras libre \u00e9tendu dispose de 21,6 cm \u00e0 droite de l&rsquo;aiguille. Vous b\u00e9n\u00e9ficiez d&rsquo;une vaste zone de broderie de 40 cm x 15 cm pour donner vie \u00e0 vos broderies.<\/p>\n<p><b>La surface de broderie par d\u00e9faut est de 145 x 255 mm<\/b>\u00a0mais il est possible de broder jusqu&rsquo;\u00e0 150x400mm gr\u00e2ce au\u00a0cadre \u00e0 broder Mega Hoop Bernina (en option).<\/p>\n<\/div>\n<\/div>\n<p>&nbsp;<\/p>\n<div class=\"row irow-xs cards\">\n<div class=\"col-sm-6\">\n<h4>Modifiez simplement vos motifs<\/h4>\n<div class=\"heading-divider\"><\/div>\n<ul>\n<li><i class=\"fa fa-caret-right text-danger\"><\/i>\u00a0Nouvelles \u00e9tapes simples pour d\u00e9faire &amp; r\u00e9tablir<\/li>\n<li><i class=\"fa fa-caret-right text-danger\"><\/i>\u00a0Modifiez les motifs group\u00e9s ou dissoci\u00e9s<\/li>\n<li><i class=\"fa fa-caret-right text-danger\"><\/i>\u00a0Personnalisez la s\u00e9quence des couches \u00e0 piquer<\/li>\n<\/ul>\n<p>Gr\u00e2ce aux fonctionnalit\u00e9s avanc\u00e9es de modification, vous pouvez cr\u00e9er vos id\u00e9es directement sur l&rsquo;\u00e9cran pour dessiner de nouveaux motifs.<\/p>\n<\/div>\n<div class=\"col-sm-6\">\n<div class=\"card card-image\">\n<figure><center><img data-recalc-dims=\"1\" decoding=\"async\" src=\"https:\/\/i0.wp.com\/www.stecker.be\/Images\/ImageDescriptionArticle\/machines\/bernina\/bernina-500\/modifications-motifs-brodeuse-bernina-500.jpg?w=1140&#038;ssl=1\" alt=\"Modification motifs - Bernina B 500\" \/><\/center><\/figure>\n<\/div>\n<\/div>\n<\/div>\n<p>&nbsp;<\/p>\n<div class=\"row irow-xs cards\">\n<div class=\"col-sm-6\">\n<div class=\"card card-image\">\n<figure><center><img data-recalc-dims=\"1\" decoding=\"async\" src=\"https:\/\/i0.wp.com\/www.stecker.be\/Images\/ImageDescriptionArticle\/machines\/bernina\/bernina-500\/positionnement-motif-machine-a-broder-bernina-500.jpg?w=1140&#038;ssl=1\" alt=\"Positionnement facile du motif - Bernina B 500\" \/><\/center><\/figure>\n<\/div>\n<\/div>\n<div class=\"col-sm-6\">\n<h4>Positionnement facile du motif<\/h4>\n<div class=\"heading-divider\"><\/div>\n<ul>\n<li><i class=\"fa fa-caret-right text-danger\"><\/i>\u00a0Positionnement facile et pr\u00e9cise des motifs<\/li>\n<li><i class=\"fa fa-caret-right text-danger\"><\/i>\u00a0Le gabarit devient superflu<\/li>\n<li><i class=\"fa fa-caret-right text-danger\"><\/i>\u00a0Des r\u00e9sultats parfaits en un temps record<\/li>\n<\/ul>\n<p>La fonction Positionnement exact sert \u00e0 placer le motif avec pr\u00e9cision: s\u00e9lectionnez deux points sur l&rsquo;\u00e9cran et faites-les co\u00efncider avec les rep\u00e8res marqu\u00e9s sur le tissu tendu dans le cadre.<\/p>\n<\/div>\n<\/div>\n<p>&nbsp;<\/p>\n<div class=\"row irow-xs text-center cards cards-inside cards-images\">\n<div class=\"col-sm-4\">\n<figure class=\"figure\"><img data-recalc-dims=\"1\" decoding=\"async\" src=\"https:\/\/i0.wp.com\/www.stecker.be\/Images\/ImageDescriptionArticle\/machines\/bernina\/bernina-500\/fonctionnalites-automatisees-brodeuse-bernina-500.jpg?w=1140&#038;ssl=1\" alt=\"Fonctionnalit\u00e9s automatis\u00e9es de la Bernina 500\" \/><\/figure>\n<div class=\"figure-info\" align=\"left\">\n<p>&nbsp;<\/p>\n<h4>Les fonctionnalit\u00e9s automatis\u00e9es permettent de gagner du temps<\/h4>\n<div class=\"heading-divider\"><\/div>\n<p>&nbsp;<\/p>\n<ul>\n<li><i class=\"fa fa-caret-right text-danger\"><\/i>\u00a0Coupe-fil automatique<\/li>\n<li><i class=\"fa fa-caret-right text-danger\"><\/i>\u00a0L&rsquo;aiguille se rel\u00e8ve automatiquement<\/li>\n<li><i class=\"fa fa-caret-right text-danger\"><\/i>\u00a0Commande simple gr\u00e2ce \u00e0 un seul bouton<\/li>\n<\/ul>\n<p>Le coupe-fil automatique ex\u00e9cute deux \u00e9tapes en une : il coupe le fil et rel\u00e8ve l&rsquo;aiguille.<\/p>\n<\/div>\n<\/div>\n<div class=\"col-sm-4\">\n<figure class=\"figure\"><img data-recalc-dims=\"1\" decoding=\"async\" src=\"https:\/\/i0.wp.com\/www.stecker.be\/Images\/ImageDescriptionArticle\/machines\/bernina\/bernina-500\/coupe-fil-zones-machine-a-broder-bernina-500.jpg?w=1140&#038;ssl=1\" alt=\"Coupe fil entre les zones de broderie avec la Bernina 500\" \/><\/figure>\n<div class=\"figure-info\" align=\"left\">\n<p>&nbsp;<\/p>\n<h4>La perfection est la nouvelle norme<\/h4>\n<div class=\"heading-divider\"><\/div>\n<p>&nbsp;<\/p>\n<ul>\n<li><i class=\"fa fa-caret-right text-danger\"><\/i>\u00a0La coupe du fil devient un jeu d&rsquo;enfant<\/li>\n<li><i class=\"fa fa-caret-right text-danger\"><\/i>\u00a0Pas de coupe n\u00e9cessaire \u00e0 la main sur la surface<\/li>\n<li><i class=\"fa fa-caret-right text-danger\"><\/i>\u00a0Des r\u00e9sultats de broderie exceptionnels<\/li>\n<\/ul>\n<p>Le mode \u00c9limination du fil permet de repousser les fils sous la face inf\u00e9rieure du tissu pour une finition tr\u00e8s nette en surface.<\/p>\n<\/div>\n<\/div>\n<div class=\"col-sm-4\">\n<figure class=\"figure\"><img data-recalc-dims=\"1\" decoding=\"async\" src=\"https:\/\/i0.wp.com\/www.stecker.be\/Images\/ImageDescriptionArticle\/machines\/bernina\/bernina-500\/canette-jumbo-machine-a-broder-bernina-500.jpg?w=1140&#038;ssl=1\" alt=\"Canette Jumbo de la brodeuse Bernina 500\" \/><\/figure>\n<div class=\"figure-info\" align=\"left\">\n<p>&nbsp;<\/p>\n<h4>La broderie est d&rsquo;une pr\u00e9cision exceptionnelle<\/h4>\n<div class=\"heading-divider\"><\/div>\n<p>&nbsp;<\/p>\n<ul>\n<li><i class=\"fa fa-caret-right text-danger\"><\/i>\u00a0Des points parfaits, une ex\u00e9cution rapide et silencieuse<\/li>\n<li><i class=\"fa fa-caret-right text-danger\"><\/i>\u00a0Canette Jumbo pour coudre plus longtemps<\/li>\n<li><i class=\"fa fa-caret-right text-danger\"><\/i>\u00a0Chargement frontal de la canette avec un nouveau fil<\/li>\n<\/ul>\n<p>Le crochet BERNINA garantit la r\u00e9gularit\u00e9 et la pr\u00e9cision du point \u00e0 une vitesse maximale de 1 000 points par minute.<\/p>\n<\/div>\n<\/div>\n<\/div>\n","protected":false},"excerpt":{"rendered":"<p>Machine \u00e0 broder BERNINA 500 &#8211; S\u00e9rie 5 Avec module \u00e0 broder inclus &nbsp; \u00a0Plus d&rsquo;espace pour de plus grands projets de broderie \u00a0Bobine Jumbo \u00e0 broder plus longtemps \u00a0Modifier les motifs de broderie via un \u00e9cran tactile \u00a0Positionnez votre design exactement l\u00e0 o\u00f9 vous voulez \u00a0Obtenez les meilleurs r\u00e9sultats de broderie La libert\u00e9 de&hellip;<\/p>\n","protected":false},"featured_media":2888,"comment_status":"open","ping_status":"closed","template":"","meta":{"om_disable_all_campaigns":false,"_monsterinsights_skip_tracking":false,"_monsterinsights_sitenote_active":false,"_monsterinsights_sitenote_note":"","_monsterinsights_sitenote_category":0,"_uf_show_specific_survey":0,"_uf_disable_surveys":false},"product_brand":[],"product_cat":[72,16],"product_tag":[],"giftcard-category":[],"class_list":{"0":"post-2887","1":"product","2":"type-product","3":"status-publish","4":"has-post-thumbnail","6":"product_cat-machine-a-broder","7":"product_cat-machines-menageres","9":"first","10":"instock","11":"sale","12":"shipping-taxable","13":"purchasable","14":"product-type-simple"},"aioseo_notices":[],"jetpack_sharing_enabled":true,"_links":{"self":[{"href":"https:\/\/berninabrussels.be\/index.php?rest_route=\/wp\/v2\/product\/2887","targetHints":{"allow":["GET"]}}],"collection":[{"href":"https:\/\/berninabrussels.be\/index.php?rest_route=\/wp\/v2\/product"}],"about":[{"href":"https:\/\/berninabrussels.be\/index.php?rest_route=\/wp\/v2\/types\/product"}],"replies":[{"embeddable":true,"href":"https:\/\/berninabrussels.be\/index.php?rest_route=%2Fwp%2Fv2%2Fcomments&post=2887"}],"wp:featuredmedia":[{"embeddable":true,"href":"https:\/\/berninabrussels.be\/index.php?rest_route=\/wp\/v2\/media\/2888"}],"wp:attachment":[{"href":"https:\/\/berninabrussels.be\/index.php?rest_route=%2Fwp%2Fv2%2Fmedia&parent=2887"}],"wp:term":[{"taxonomy":"product_brand","embeddable":true,"href":"https:\/\/berninabrussels.be\/index.php?rest_route=%2Fwp%2Fv2%2Fproduct_brand&post=2887"},{"taxonomy":"product_cat","embeddable":true,"href":"https:\/\/berninabrussels.be\/index.php?rest_route=%2Fwp%2Fv2%2Fproduct_cat&post=2887"},{"taxonomy":"product_tag","embeddable":true,"href":"https:\/\/berninabrussels.be\/index.php?rest_route=%2Fwp%2Fv2%2Fproduct_tag&post=2887"},{"taxonomy":"giftcard-category","embeddable":true,"href":"https:\/\/berninabrussels.be\/index.php?rest_route=%2Fwp%2Fv2%2Fgiftcard-category&post=2887"}],"curies":[{"name":"wp","href":"https:\/\/api.w.org\/{rel}","templated":true}]}}