{"id":277,"date":"2023-05-07T09:33:30","date_gmt":"2023-05-07T07:33:30","guid":{"rendered":"https:\/\/berninabrussels.be\/?post_type=product&#038;p=277"},"modified":"2025-12-17T17:15:21","modified_gmt":"2025-12-17T16:15:21","slug":"machine-a-coudre-jack-a2","status":"publish","type":"product","link":"https:\/\/berninabrussels.be\/?product=machine-a-coudre-jack-a2","title":{"rendered":"MACHINE A COUDRE JACK A2C"},"content":{"rendered":"<h2 data-start=\"44\" data-end=\"60\">DESCRIPTION<\/h2>\n<p data-start=\"61\" data-end=\"1211\"><strong data-start=\"61\" data-end=\"73\">Jack A2C<\/strong><br data-start=\"73\" data-end=\"76\" \/>Machine \u00e0 coudre industrielle point nou\u00e9 \u00e0 une aiguille, \u00e9quip\u00e9e d\u2019un <strong data-start=\"146\" data-end=\"171\">coupe-fil automatique<\/strong>. Elle dispose d\u2019un levier de point d\u2019arr\u00eat manuel, d\u2019un relevage du pied presseur par genouill\u00e8re et d\u2019un bac \u00e0 huile ouvert.<br data-start=\"297\" data-end=\"300\" \/>Le coupe-fil automatique am\u00e9liore la productivit\u00e9 de <strong data-start=\"353\" data-end=\"361\">30 %<\/strong> et permet d\u2019\u00e9conomiser <strong data-start=\"385\" data-end=\"410\">4 cm de fil par coupe<\/strong>.<br data-start=\"411\" data-end=\"414\" \/>Le nouveau panneau de commande informatis\u00e9 permet d\u2019activer les fonctions les plus utilis\u00e9es, telles que la position de l\u2019aiguille, l\u2019activation du coupe-fil et la r\u00e9initialisation, ainsi que de modifier les param\u00e8tres de fonctionnement.<br data-start=\"651\" data-end=\"654\" \/>Le nouveau moteur int\u00e9gr\u00e9 \u00e0 la plateforme <strong data-start=\"696\" data-end=\"703\">APE<\/strong> permet de p\u00e9n\u00e9trer jusqu\u2019\u00e0 <strong data-start=\"731\" data-end=\"750\">100 feuilles A4<\/strong> ou <strong data-start=\"754\" data-end=\"816\">10 \u00e9paisseurs de denim combin\u00e9es \u00e0 une feuille d\u2019aluminium<\/strong>, en d\u00e9veloppant un couple allant jusqu\u2019\u00e0 <strong data-start=\"858\" data-end=\"868\">5,5 Nm<\/strong>. La capacit\u00e9 de couture sur coutures crois\u00e9es et mat\u00e9riaux \u00e9pais a augment\u00e9 de <strong data-start=\"948\" data-end=\"956\">14 %<\/strong>.<br data-start=\"957\" data-end=\"960\" \/>Le nouveau bo\u00eetier de commande \u00e9lectronique <strong data-start=\"1004\" data-end=\"1016\">Fortress<\/strong> garantit des performances fiables sur une large plage de tension de <strong data-start=\"1085\" data-end=\"1102\">110 V \u00e0 295 V<\/strong> et r\u00e9siste aux d\u00e9charges \u00e9lectrostatiques jusqu\u2019\u00e0 <strong data-start=\"1153\" data-end=\"1165\">12 000 V<\/strong>, augmentant ainsi la long\u00e9vit\u00e9 de la machine.<\/p>\n<hr data-start=\"1213\" data-end=\"1216\" \/>\n<h2 data-start=\"1218\" data-end=\"1239\">CARACT\u00c9RISTIQUES<\/h2>\n<ul data-start=\"1240\" data-end=\"1727\">\n<li data-start=\"1240\" data-end=\"1265\">\n<p data-start=\"1242\" data-end=\"1265\">Coupe-fil automatique<\/p>\n<\/li>\n<li data-start=\"1266\" data-end=\"1300\">\n<p data-start=\"1268\" data-end=\"1300\">Levier de point d\u2019arr\u00eat manuel<\/p>\n<\/li>\n<li data-start=\"1301\" data-end=\"1338\">\n<p data-start=\"1303\" data-end=\"1338\">Position de l\u2019aiguille haut \/ bas<\/p>\n<\/li>\n<li data-start=\"1339\" data-end=\"1359\">\n<p data-start=\"1341\" data-end=\"1359\">Bobineur int\u00e9gr\u00e9<\/p>\n<\/li>\n<li data-start=\"1360\" data-end=\"1386\">\n<p data-start=\"1362\" data-end=\"1386\">Bouton point par point<\/p>\n<\/li>\n<li data-start=\"1387\" data-end=\"1409\">\n<p data-start=\"1389\" data-end=\"1409\">Bac \u00e0 huile ouvert<\/p>\n<\/li>\n<li data-start=\"1410\" data-end=\"1447\">\n<p data-start=\"1412\" data-end=\"1447\">Nouveau moteur sur plateforme APE<\/p>\n<\/li>\n<li data-start=\"1448\" data-end=\"1478\">\n<p data-start=\"1450\" data-end=\"1478\">Couple \u00e9lev\u00e9 de <strong data-start=\"1466\" data-end=\"1476\">5,5 Nm<\/strong><\/p>\n<\/li>\n<li data-start=\"1479\" data-end=\"1510\">\n<p data-start=\"1481\" data-end=\"1510\">Nouveau panneau de commande<\/p>\n<\/li>\n<li data-start=\"1511\" data-end=\"1530\">\n<p data-start=\"1513\" data-end=\"1530\">Touches rapides<\/p>\n<\/li>\n<li data-start=\"1531\" data-end=\"1569\">\n<p data-start=\"1533\" data-end=\"1569\">\u00c9clairage LED \u00e0 intensit\u00e9 r\u00e9glable<\/p>\n<\/li>\n<li data-start=\"1570\" data-end=\"1596\">\n<p data-start=\"1572\" data-end=\"1596\">Large plage de tension<\/p>\n<\/li>\n<li data-start=\"1597\" data-end=\"1648\">\n<p data-start=\"1599\" data-end=\"1648\">R\u00e9sistance \u00e9lectrostatique jusqu\u2019\u00e0 <strong data-start=\"1634\" data-end=\"1646\">12 000 V<\/strong><\/p>\n<\/li>\n<li data-start=\"1649\" data-end=\"1683\">\n<p data-start=\"1651\" data-end=\"1683\">Composants de couture <strong data-start=\"1673\" data-end=\"1681\">AMH1<\/strong><\/p>\n<\/li>\n<li data-start=\"1684\" data-end=\"1727\">\n<p data-start=\"1686\" data-end=\"1727\">Remplace les mod\u00e8les <strong data-start=\"1707\" data-end=\"1725\">A2 \/ A2B \/ A2B<\/strong><\/p>\n<\/li>\n<\/ul>\n<hr data-start=\"1729\" data-end=\"1732\" \/>\n<h2 data-start=\"1734\" data-end=\"1753\">SP\u00c9CIFICATIONS<\/h2>\n<div class=\"TyagGW_tableContainer\">\n<div class=\"group TyagGW_tableWrapper flex w-fit flex-col-reverse\" tabindex=\"-1\">\n<table class=\"w-fit min-w-(--thread-content-width)\" data-start=\"1755\" data-end=\"2243\">\n<thead data-start=\"1755\" data-end=\"1877\">\n<tr data-start=\"1755\" data-end=\"1877\">\n<th data-start=\"1755\" data-end=\"1769\" data-col-size=\"sm\">Mod\u00e8le<\/th>\n<th data-start=\"1769\" data-end=\"1788\" data-col-size=\"sm\">Destination<\/th>\n<th data-start=\"1788\" data-end=\"1808\" data-col-size=\"sm\">Longueur de point<\/th>\n<th data-start=\"1808\" data-end=\"1823\" data-col-size=\"sm\">Vitesse max.<\/th>\n<th data-start=\"1823\" data-end=\"1841\" data-col-size=\"sm\">Hauteur du pied<\/th>\n<th data-start=\"1841\" data-end=\"1856\" data-col-size=\"sm\">Poids<\/th>\n<th data-start=\"1856\" data-end=\"1877\" data-col-size=\"sm\">Dimensions<\/th>\n<\/tr>\n<\/thead>\n<tbody data-start=\"1998\" data-end=\"2243\">\n<tr data-start=\"1998\" data-end=\"2120\">\n<td data-start=\"1998\" data-end=\"2014\" data-col-size=\"sm\"><strong data-start=\"2000\" data-end=\"2009\">A2C-C<\/strong><\/td>\n<td data-start=\"2014\" data-end=\"2034\" data-col-size=\"sm\">L\u00e9ger \/ Moyen<\/td>\n<td data-start=\"2034\" data-end=\"2053\" data-col-size=\"sm\">5 mm<\/td>\n<td data-start=\"2053\" data-end=\"2068\" data-col-size=\"sm\">5 000 tr\/min<\/td>\n<td data-start=\"2068\" data-end=\"2086\" data-col-size=\"sm\">1\u201313 mm<\/td>\n<td data-start=\"2086\" data-end=\"2101\" data-col-size=\"sm\">30 \/ 36,5 kg<\/td>\n<td data-start=\"2101\" data-end=\"2120\" data-col-size=\"sm\">645 \u00d7 248 \u00d7 550<\/td>\n<\/tr>\n<tr data-start=\"2121\" data-end=\"2243\">\n<td data-start=\"2121\" data-end=\"2137\" data-col-size=\"sm\"><strong data-start=\"2123\" data-end=\"2135\">A2C-CH-7<\/strong><\/td>\n<td data-start=\"2137\" data-end=\"2157\" data-col-size=\"sm\">Lourd<\/td>\n<td data-start=\"2157\" data-end=\"2176\" data-col-size=\"sm\">7 mm<\/td>\n<td data-start=\"2176\" data-end=\"2191\" data-col-size=\"sm\">3 500 tr\/min<\/td>\n<td data-start=\"2191\" data-end=\"2209\" data-col-size=\"sm\">1\u201313 mm<\/td>\n<td data-start=\"2209\" data-end=\"2224\" data-col-size=\"sm\">30 \/ 36,5 kg<\/td>\n<td data-start=\"2224\" data-end=\"2243\" data-col-size=\"sm\">645 \u00d7 248 \u00d7 550<\/td>\n<\/tr>\n<\/tbody>\n<\/table>\n<\/div>\n<\/div>\n","protected":false},"excerpt":{"rendered":"<p>Piqueuse plate coupe fil Jack A2C<\/p>\n<p>&nbsp;<\/p>\n<ul>\n<li>mont\u00e9e sur b\u00e2ti renforc\u00e9 europ\u00e9en<\/li>\n<li>Garantie 2 ans<\/li>\n<li>Livraison Gratuite sur Bruxelles et p\u00e9riph\u00e9rie<\/li>\n<li>Livraison toute la Belgique sur devis<\/li>\n<li>Pieds tirettes offerts<\/li>\n<\/ul>\n","protected":false},"featured_media":10560,"comment_status":"open","ping_status":"closed","template":"","meta":{"om_disable_all_campaigns":false,"_monsterinsights_skip_tracking":false,"_monsterinsights_sitenote_active":false,"_monsterinsights_sitenote_note":"","_monsterinsights_sitenote_category":0,"_uf_show_specific_survey":0,"_uf_disable_surveys":false},"product_brand":[],"product_cat":[29,32,67],"product_tag":[],"giftcard-category":[],"class_list":{"0":"post-277","1":"product","2":"type-product","3":"status-publish","4":"has-post-thumbnail","6":"product_cat-machines","7":"product_cat-machines-professionnelles","8":"product_cat-piqueuse-industrielle","10":"first","11":"instock","12":"sale","13":"shipping-taxable","14":"purchasable","15":"product-type-simple"},"aioseo_notices":[],"jetpack_sharing_enabled":true,"_links":{"self":[{"href":"https:\/\/berninabrussels.be\/index.php?rest_route=\/wp\/v2\/product\/277","targetHints":{"allow":["GET"]}}],"collection":[{"href":"https:\/\/berninabrussels.be\/index.php?rest_route=\/wp\/v2\/product"}],"about":[{"href":"https:\/\/berninabrussels.be\/index.php?rest_route=\/wp\/v2\/types\/product"}],"replies":[{"embeddable":true,"href":"https:\/\/berninabrussels.be\/index.php?rest_route=%2Fwp%2Fv2%2Fcomments&post=277"}],"wp:featuredmedia":[{"embeddable":true,"href":"https:\/\/berninabrussels.be\/index.php?rest_route=\/wp\/v2\/media\/10560"}],"wp:attachment":[{"href":"https:\/\/berninabrussels.be\/index.php?rest_route=%2Fwp%2Fv2%2Fmedia&parent=277"}],"wp:term":[{"taxonomy":"product_brand","embeddable":true,"href":"https:\/\/berninabrussels.be\/index.php?rest_route=%2Fwp%2Fv2%2Fproduct_brand&post=277"},{"taxonomy":"product_cat","embeddable":true,"href":"https:\/\/berninabrussels.be\/index.php?rest_route=%2Fwp%2Fv2%2Fproduct_cat&post=277"},{"taxonomy":"product_tag","embeddable":true,"href":"https:\/\/berninabrussels.be\/index.php?rest_route=%2Fwp%2Fv2%2Fproduct_tag&post=277"},{"taxonomy":"giftcard-category","embeddable":true,"href":"https:\/\/berninabrussels.be\/index.php?rest_route=%2Fwp%2Fv2%2Fgiftcard-category&post=277"}],"curies":[{"name":"wp","href":"https:\/\/api.w.org\/{rel}","templated":true}]}}