{"id":2746,"date":"2023-11-09T22:15:02","date_gmt":"2023-11-09T21:15:02","guid":{"rendered":"https:\/\/berninabrussels.be\/?post_type=product&#038;p=2746"},"modified":"2026-02-28T17:38:32","modified_gmt":"2026-02-28T16:38:32","slug":"surjeteuse-veritas-simone","status":"publish","type":"product","link":"https:\/\/berninabrussels.be\/?product=surjeteuse-veritas-simone","title":{"rendered":"Surjeteuse Veritas Simone+ Cours de prise en main offert (sur rdv)"},"content":{"rendered":"<p>VERITAS \u2013 ce nom symbolise \u00e0 la fois travail de qualit\u00e9 absolu et r\u00e9sultats de couture uniques. L&rsquo;entreprise, fond\u00e9e \u00e0 Dresde en 1855, \u00e9tait l&rsquo;un des plus grands fabricants de machines \u00e0 coudre d&rsquo;Allemagne. \u00c0 l&rsquo;apog\u00e9e de Wittenberg, elle fabriquait pr\u00e8s de 500 000 machines \u00e0 coudre par an. VERITAS \u00e9tait l&rsquo;une des marques de machines \u00e0 coudre les plus connues en Allemagne et dans toute l&rsquo;Europe de l&rsquo;Est. Des g\u00e9n\u00e9rations de personnes cr\u00e9atives ont cr\u00e9\u00e9 des \u0153uvres sur des machines \u00e0 coudre VERITAS et m\u00eame aujourd&rsquo;hui, apr\u00e8s la renaissance de la marque par la soci\u00e9t\u00e9 suisse Crown Technics, le nom VERITAS est synonyme de la plus haute qualit\u00e9 pour nos clients. Avec VERITAS, nous combinons des valeurs traditionnelles telles que la durabilit\u00e9 et la pr\u00e9cision avec des fonctionnalit\u00e9s et des services modernes \u00e0 des prix abordables.<\/p>\n<div class=\"tab-content\">\n<div class=\"tab-pane active\">\n<div class=\"tab-body active\">\n<div class=\"space-0 row\">\n<div class=\"col-xs-12 col-sm-8\">\n<div>\n<p>En achetant une machine \u00e0 coudre VERITAS, vous optez pour un produit de marque de qualit\u00e9 qui vous donnera enti\u00e8re satisfaction pendant de nombreuses ann\u00e9es. La garantie l\u00e9gale de 2 ans vous prot\u00e8ge contre les frais de r\u00e9paration impr\u00e9vus et co\u00fbteux et vous apporte \u00e0 la fois un sentiment de s\u00e9curit\u00e9. Et vous pouvez continuer \u00e0 \u00eatre prot\u00e9g\u00e9 gratuitement une fois la garantie l\u00e9gale \u00e9coul\u00e9e. Enregistrez-vous tout simplement sur veritas-sewing. com et nous vous offrons une garantie fabricant de 3 ann\u00e9es suppl\u00e9mentaires.<\/p>\n<\/div>\n<\/div>\n<div class=\"col-xs-12 col-sm-4\">\n<div><img data-recalc-dims=\"1\" decoding=\"async\" class=\"img-responsive\" src=\"https:\/\/i0.wp.com\/www.home-sewing.com\/images\/content\/veritas\/2%2B3.jpg?w=1140&#038;ssl=1\" alt=\"\" \/><\/div>\n<div>\n<h2 class=\"xFx\"><strong>VERITAS Simone &#8211; Le partenaire majeur pour les projets de couture<\/strong><\/h2>\n<p>La VERITAS Simone peut coudre jusqu\u2019\u00e0 1200 points par minute. Elle peut \u00eatre utilis\u00e9e avec 2,3 ou 4 fils. La tension des fils sup\u00e9rieurs peut \u00eatre r\u00e9gl\u00e9e s\u00e9par\u00e9ment pour tous les 4 fils, ce qui permet d\u2019obtenir un motif de couture optimal. Les longueurs et les largeurs de point peuvent \u00eatre ajust\u00e9es en continu gr\u00e2ce aux molettes de r\u00e9glage bien dispos\u00e9es, m\u00eame lors de la couture. Dot\u00e9e de 12 programmes de points, Simone offre une gamme compl\u00e8te de points permettant de r\u00e9aliser tous les travaux de couture de surjet. Gr\u00e2ce aux rep\u00e8res en couleur, l\u2019enfilage des fils du crochet et de l\u2019aiguille devient plus facile \u00e0 r\u00e9aliser.<\/p>\n<p><img data-recalc-dims=\"1\" decoding=\"async\" class=\"img-responsive\" src=\"https:\/\/i0.wp.com\/www.home-sewing.com\/images\/content\/veritas\/Simone-Ambiente.jpg?w=1140&#038;ssl=1\" alt=\"VERITAS Elastica\" \/><\/p>\n<h3 class=\"xFx\"><strong>Ourlet roul\u00e9 rendu plus simple<\/strong><\/h3>\n<p>Les experts le savent : L\u2019ourlet roul\u00e9 est l\u2019une des m\u00e9thodes supr\u00eames de couture. Une jupe d\u2019\u00e9t\u00e9 l\u00e9g\u00e8re, un coussin d\u00e9coratif fin ou un joli petit v\u00eatement pour enfant ne sont r\u00e9ellement compl\u00e9t\u00e9s que par une couture finale l\u00e9g\u00e8rement ondulante. Il est d\u00e9sormais possible de coudre sans tergiverser ou sans devoir changer de pieds, gr\u00e2ce \u00e0 la machine VERITAS Simone. Il suffit de replier le curseur du point de chainette pour cr\u00e9er un ourlet roul\u00e9 aussi uniforme que d\u00e9coratif.<\/p>\n<h3 class=\"xFx\"><strong>Les effets d\u00e9sir\u00e9s et les manches bouffantes ne posent aucun probl\u00e8me<\/strong><\/h3>\n<p>Gr\u00e2ce \u00e0 la machine VERITAS Simone, on peut ajuster avec pr\u00e9cision l\u2019entra\u00eenement diff\u00e9rentiel afin d\u2019\u00e9viter les coutures de travers ou les plis ind\u00e9sirables, m\u00eame avec des tissus extensibles. Pour b\u00e9n\u00e9ficier d\u2019effets particuli\u00e8rement inhabituels, le grignage peut \u00e0 nouveau \u00eatre utilis\u00e9 de mani\u00e8re s\u00e9lective : Il suffit d\u2019ajuster l\u2019entra\u00eenement diff\u00e9rentiel pour que les manches bouffantes imaginaires ne posent plus aucun probl\u00e8me.<\/p>\n<h3 class=\"xFx\"><strong>Le confort \u00e0 tous les niveaux<\/strong><\/h3>\n<p>La tension des fils sup\u00e9rieurs peut \u00eatre r\u00e9gl\u00e9e s\u00e9par\u00e9ment pour tous les 4 fils, afin de cr\u00e9er ainsi un motif de couture optimal. La longueur et la largeur des points de couture peuvent \u00eatre ajust\u00e9es en continu gr\u00e2ce \u00e0 des cadrans de r\u00e9glage tout aussi clairs, m\u00eame pendant le processus de couture. Cela permet une grande libert\u00e9 de cr\u00e9ation sans difficult\u00e9 en un clin d&rsquo;\u0153il.<\/p>\n<div class=\"space-0 row\">\n<div class=\"col-xs-12 col-sm-4\"><img data-recalc-dims=\"1\" decoding=\"async\" class=\"img-responsive\" src=\"https:\/\/i0.wp.com\/www.home-sewing.com\/images\/content\/veritas\/Simone-dbaw-1.jpg?w=1140&#038;ssl=1\" alt=\"\" \/><\/div>\n<div class=\"col-xs-12 col-sm-4\"><\/div>\n<\/div>\n<h3 class=\"xFx\"><strong>Sp\u00e9cifications<\/strong><\/h3>\n<ul>\n<li>12 programmes de point tels que l\u2019ourlet roul\u00e9, l\u2019ourlet \u00e9troit, le point de surjet \u00e0 4, 3 et 2 fils<\/li>\n<li>75 \u00e0 1200 points par minute, avec commande de vitesse \u00e9lectr.<\/li>\n<li>Largueur de coupe variable<\/li>\n<li>Coupe-fil<\/li>\n<li>Bac \u00e0 tissu<\/li>\n<li>Machine \u00e0 fileter 4-3-2<\/li>\n<li>Guide-fil \u00e0 code couleur clair<\/li>\n<li>Enfileur de canette<\/li>\n<li>Pr\u00e9-filet\u00e9<\/li>\n<li>Longueur de point ajustable de 1 \u00e0 4,5 mm<\/li>\n<li>Largeur de point ajustable de 4 \u00e0 7 mm<\/li>\n<li>Entra\u00eenement diff\u00e9rentiel<\/li>\n<li>Tension du fil r\u00e9glable<\/li>\n<li>Pression du pied presseur r\u00e9glable<\/li>\n<li>Bo\u00eetier stable<\/li>\n<\/ul>\n<h3 class=\"xFx\"><strong>Livraison<\/strong><\/h3>\n<ul>\n<li>Commande au pied<\/li>\n<li>Pinces typographiques<\/li>\n<li>Tournevis petit et grand<\/li>\n<li>Couverture contre la poussi\u00e8re<\/li>\n<li>Aiguilles de qualit\u00e9<\/li>\n<li>Brosse<\/li>\n<li>4x bobines (pr\u00e9-fil\u00e9es)<\/li>\n<li>4x Disques de bobine<\/li>\n<li>4x Filets de fil<\/li>\n<li>4x Porte-bobine<\/li>\n<li>Cl\u00e9<\/li>\n<li>Couteau de rechange<\/li>\n<li>Bac \u00e0 tissu<\/li>\n<li>Convertisseur \u00e0 deux fils<\/li>\n<li>Doigt de suture<\/li>\n<\/ul>\n<\/div>\n<\/div>\n<\/div>\n<\/div>\n<\/div>\n<\/div>\n","protected":false},"excerpt":{"rendered":"<p>VERITAS \u2013 ce nom symbolise \u00e0 la fois travail de qualit\u00e9 absolu et r\u00e9sultats de couture uniques. L&rsquo;entreprise, fond\u00e9e \u00e0 Dresde en 1855, \u00e9tait l&rsquo;un des plus grands fabricants de machines \u00e0 coudre d&rsquo;Allemagne. \u00c0 l&rsquo;apog\u00e9e de Wittenberg, elle fabriquait pr\u00e8s de 500 000 machines \u00e0 coudre par an. VERITAS \u00e9tait l&rsquo;une des marques de&hellip;<\/p>\n","protected":false},"featured_media":2750,"comment_status":"open","ping_status":"closed","template":"","meta":{"om_disable_all_campaigns":false,"_monsterinsights_skip_tracking":false,"_monsterinsights_sitenote_active":false,"_monsterinsights_sitenote_note":"","_monsterinsights_sitenote_category":0,"_uf_show_specific_survey":0,"_uf_disable_surveys":false},"product_brand":[],"product_cat":[41],"product_tag":[],"giftcard-category":[],"class_list":{"0":"post-2746","1":"product","2":"type-product","3":"status-publish","4":"has-post-thumbnail","6":"product_cat-mecanique","8":"first","9":"instock","10":"sale","11":"shipping-taxable","12":"purchasable","13":"product-type-simple"},"aioseo_notices":[],"jetpack_sharing_enabled":true,"_links":{"self":[{"href":"https:\/\/berninabrussels.be\/index.php?rest_route=\/wp\/v2\/product\/2746","targetHints":{"allow":["GET"]}}],"collection":[{"href":"https:\/\/berninabrussels.be\/index.php?rest_route=\/wp\/v2\/product"}],"about":[{"href":"https:\/\/berninabrussels.be\/index.php?rest_route=\/wp\/v2\/types\/product"}],"replies":[{"embeddable":true,"href":"https:\/\/berninabrussels.be\/index.php?rest_route=%2Fwp%2Fv2%2Fcomments&post=2746"}],"wp:featuredmedia":[{"embeddable":true,"href":"https:\/\/berninabrussels.be\/index.php?rest_route=\/wp\/v2\/media\/2750"}],"wp:attachment":[{"href":"https:\/\/berninabrussels.be\/index.php?rest_route=%2Fwp%2Fv2%2Fmedia&parent=2746"}],"wp:term":[{"taxonomy":"product_brand","embeddable":true,"href":"https:\/\/berninabrussels.be\/index.php?rest_route=%2Fwp%2Fv2%2Fproduct_brand&post=2746"},{"taxonomy":"product_cat","embeddable":true,"href":"https:\/\/berninabrussels.be\/index.php?rest_route=%2Fwp%2Fv2%2Fproduct_cat&post=2746"},{"taxonomy":"product_tag","embeddable":true,"href":"https:\/\/berninabrussels.be\/index.php?rest_route=%2Fwp%2Fv2%2Fproduct_tag&post=2746"},{"taxonomy":"giftcard-category","embeddable":true,"href":"https:\/\/berninabrussels.be\/index.php?rest_route=%2Fwp%2Fv2%2Fgiftcard-category&post=2746"}],"curies":[{"name":"wp","href":"https:\/\/api.w.org\/{rel}","templated":true}]}}