{"id":2743,"date":"2023-11-09T21:58:45","date_gmt":"2023-11-09T20:58:45","guid":{"rendered":"https:\/\/berninabrussels.be\/?post_type=product&#038;p=2743"},"modified":"2023-11-09T21:58:45","modified_gmt":"2023-11-09T20:58:45","slug":"machine-a-coudre-veritas-jeans-jsa18","status":"publish","type":"product","link":"https:\/\/berninabrussels.be\/?product=machine-a-coudre-veritas-jeans-jsa18","title":{"rendered":"Machine \u00e0 coudre Veritas Jeans JSA18"},"content":{"rendered":"<ul class=\"nav nav-tabs\">\n<li class=\"active\"><a title=\"La description\" href=\"https:\/\/www.home-sewing.com\/#\">La description<\/a><\/li>\n<\/ul>\n<div class=\"tab-content\">\n<div class=\"tab-pane active\">\n<div class=\"tab-body active\">\n<p>VERITAS \u2013 ce nom symbolise \u00e0 la fois travail de qualit\u00e9 absolu et r\u00e9sultats de couture uniques. L&rsquo;entreprise, fond\u00e9e \u00e0 Dresde en 1855, \u00e9tait l&rsquo;un des plus grands fabricants de machines \u00e0 coudre d&rsquo;Allemagne. \u00c0 l&rsquo;apog\u00e9e de Wittenberg, elle fabriquait pr\u00e8s de 500 000 machines \u00e0 coudre par an. VERITAS \u00e9tait l&rsquo;une des marques de machines \u00e0 coudre les plus connues en Allemagne et dans toute l&rsquo;Europe de l&rsquo;Est. Des g\u00e9n\u00e9rations de personnes cr\u00e9atives ont cr\u00e9\u00e9 des \u0153uvres sur des machines \u00e0 coudre VERITAS et m\u00eame aujourd&rsquo;hui, apr\u00e8s la renaissance de la marque par la soci\u00e9t\u00e9 suisse Crown Technics, le nom VERITAS est synonyme de la plus haute qualit\u00e9 pour nos clients. Avec VERITAS, nous combinons des valeurs traditionnelles telles que la durabilit\u00e9 et la pr\u00e9cision avec des fonctionnalit\u00e9s et des services modernes \u00e0 des prix abordables.<\/p>\n<div class=\"space-0 row\">\n<div class=\"col-xs-12 col-sm-8\">\n<div>\n<p>En achetant une machine \u00e0 coudre VERITAS, vous optez pour un produit de marque de qualit\u00e9 qui vous donnera enti\u00e8re satisfaction pendant de nombreuses ann\u00e9es. La garantie l\u00e9gale de 2 ans vous prot\u00e8ge contre les frais de r\u00e9paration impr\u00e9vus et co\u00fbteux et vous apporte \u00e0 la fois un sentiment de s\u00e9curit\u00e9. Et vous pouvez continuer \u00e0 \u00eatre prot\u00e9g\u00e9 gratuitement une fois la garantie l\u00e9gale \u00e9coul\u00e9e. Enregistrez-vous tout simplement sur veritas-sewing. com et nous vous offrons une garantie fabricant de 3 ann\u00e9es suppl\u00e9mentaires.<\/p>\n<\/div>\n<\/div>\n<div class=\"col-xs-12 col-sm-4\">\n<div><img data-recalc-dims=\"1\" decoding=\"async\" class=\"img-responsive\" src=\"https:\/\/i0.wp.com\/www.home-sewing.com\/images\/content\/veritas\/2%2B3.jpg?w=1140&#038;ssl=1\" alt=\"\" \/><\/div>\n<div>\n<h2 class=\"xFx\"><strong>VERITAS JSA18 &#8211; Le Jean, un style intemporel<\/strong><\/h2>\n<p>La VERITAS JSA18 est une machine \u00e0 coudre robuste pour la couture de tissus solides. Gr\u00e2ce \u00e0 sa construction robuste, elle dispose d&rsquo;un support tr\u00e8s solide et les 18 programmes de points comprennent tous les points utilitaires et de surjet pour des r\u00e9sultats de couture parfaits et des projets de couture vari\u00e9s.<\/p>\n<p>Parfait pour les amateurs de jeans! Dot\u00e9e d&rsquo;une technologie de pointe et d&rsquo;un moteur puissant, le JSA18 fonctionne silencieusement et transporte des mat\u00e9riaux solides sans aucun probl\u00e8me. Le panel offre une excellente vue d&rsquo;ensemble des points. Les accessoires de couture inclus sont rang\u00e9s dans le compartiment \u00e0 accessoires int\u00e9gr\u00e9 et amovible. La lumi\u00e8re LED anti-\u00e9blouissante \u00e9claire parfaitement la zone de travail.<\/p>\n<h3 class=\"xFx\"><strong>Sp\u00e9cifications<\/strong><\/h3>\n<ul>\n<li>18 Programmes<\/li>\n<li>Programme de boutonni\u00e8res en 4 \u00e9tapes<\/li>\n<li>Vitesse 800 points \/ Min.<\/li>\n<li>Couple \u00e9lev\u00e9 pour les tissus denim fermes<\/li>\n<li>Possibilit\u00e9 de coudre des fermetures \u00e0 glissi\u00e8re<\/li>\n<li>Coupe-fil int\u00e9gr\u00e9<\/li>\n<li>Longueur de point r\u00e9glable de 0,0 \u00e0 4,0 mm<\/li>\n<li>Largeur de point r\u00e9glable de 0,0 \u00e0 5,0 mm<\/li>\n<li>Bobineur de canette vertical, automatique<\/li>\n<li>\u00c9clairage LED non \u00e9blouissant<\/li>\n<li>Bras libre plus effil\u00e9<\/li>\n<li>Compartiment \u00e0 accessoires int\u00e9gr\u00e9 amovible<\/li>\n<li>Levier pied-de-biche snap-on<\/li>\n<\/ul>\n<h3 class=\"xFx\"><strong>Points<\/strong><\/h3>\n<p><img data-recalc-dims=\"1\" decoding=\"async\" class=\"img-responsive\" src=\"https:\/\/i0.wp.com\/www.home-sewing.com\/images\/content\/veritas\/VERITAS_JSA18-Stichprogramme.jpg?w=1140&#038;ssl=1\" alt=\"VERITAS JSA18 Points\" \/><\/p>\n<h3 class=\"xFx\"><strong>Livraison<\/strong><\/h3>\n<ul>\n<li>Aiguilles de qualit\u00e9<\/li>\n<li>Passe \u00e9paisseur<br role=\"presentation\" \/>Pied en zig zag<\/li>\n<li>Guide pour ligne droite<\/li>\n<li>Pied de biche fermeture glissi\u00e8re<\/li>\n<li>3 Bobines<\/li>\n<li>Pied pour boutonni\u00e8res<\/li>\n<li>Housse de protection<\/li>\n<li>Pied pour point droit<\/li>\n<li>Brosse<\/li>\n<li>Plaque \u00e0 broder et \u00e0 repriser<\/li>\n<li>Couteau \u00e0 boutonni\u00e8re<\/li>\n<li>Tournevis<\/li>\n<li>Deuxi\u00e8me support bobine<\/li>\n<\/ul>\n<p><a href=\"https:\/\/www.home-sewing.com\/images\/pdf\/JSA18_Manual_DE_EN_FR_NL_ES_IT.pdf\" target=\"_blank\" rel=\"noopener\"><i class=\"fa fa-file-pdf\"><\/i>\u00a0<strong>Mode d&#8217;emploi<\/strong><\/a>\u00a0(PDF)<\/p>\n<\/div>\n<\/div>\n<\/div>\n<\/div>\n<\/div>\n<\/div>\n","protected":false},"excerpt":{"rendered":"<p>La description VERITAS \u2013 ce nom symbolise \u00e0 la fois travail de qualit\u00e9 absolu et r\u00e9sultats de couture uniques. L&rsquo;entreprise, fond\u00e9e \u00e0 Dresde en 1855, \u00e9tait l&rsquo;un des plus grands fabricants de machines \u00e0 coudre d&rsquo;Allemagne. \u00c0 l&rsquo;apog\u00e9e de Wittenberg, elle fabriquait pr\u00e8s de 500 000 machines \u00e0 coudre par an. VERITAS \u00e9tait l&rsquo;une des&hellip;<\/p>\n","protected":false},"featured_media":2745,"comment_status":"open","ping_status":"closed","template":"","meta":{"om_disable_all_campaigns":false,"_monsterinsights_skip_tracking":false,"_monsterinsights_sitenote_active":false,"_monsterinsights_sitenote_note":"","_monsterinsights_sitenote_category":0,"_uf_show_specific_survey":0,"_uf_disable_surveys":false},"product_brand":[],"product_cat":[41],"product_tag":[],"giftcard-category":[],"class_list":{"0":"post-2743","1":"product","2":"type-product","3":"status-publish","4":"has-post-thumbnail","6":"product_cat-mecanique","8":"first","9":"instock","10":"sale","11":"shipping-taxable","12":"purchasable","13":"product-type-simple"},"aioseo_notices":[],"jetpack_sharing_enabled":true,"_links":{"self":[{"href":"https:\/\/berninabrussels.be\/index.php?rest_route=\/wp\/v2\/product\/2743","targetHints":{"allow":["GET"]}}],"collection":[{"href":"https:\/\/berninabrussels.be\/index.php?rest_route=\/wp\/v2\/product"}],"about":[{"href":"https:\/\/berninabrussels.be\/index.php?rest_route=\/wp\/v2\/types\/product"}],"replies":[{"embeddable":true,"href":"https:\/\/berninabrussels.be\/index.php?rest_route=%2Fwp%2Fv2%2Fcomments&post=2743"}],"wp:featuredmedia":[{"embeddable":true,"href":"https:\/\/berninabrussels.be\/index.php?rest_route=\/wp\/v2\/media\/2745"}],"wp:attachment":[{"href":"https:\/\/berninabrussels.be\/index.php?rest_route=%2Fwp%2Fv2%2Fmedia&parent=2743"}],"wp:term":[{"taxonomy":"product_brand","embeddable":true,"href":"https:\/\/berninabrussels.be\/index.php?rest_route=%2Fwp%2Fv2%2Fproduct_brand&post=2743"},{"taxonomy":"product_cat","embeddable":true,"href":"https:\/\/berninabrussels.be\/index.php?rest_route=%2Fwp%2Fv2%2Fproduct_cat&post=2743"},{"taxonomy":"product_tag","embeddable":true,"href":"https:\/\/berninabrussels.be\/index.php?rest_route=%2Fwp%2Fv2%2Fproduct_tag&post=2743"},{"taxonomy":"giftcard-category","embeddable":true,"href":"https:\/\/berninabrussels.be\/index.php?rest_route=%2Fwp%2Fv2%2Fgiftcard-category&post=2743"}],"curies":[{"name":"wp","href":"https:\/\/api.w.org\/{rel}","templated":true}]}}