{"id":2720,"date":"2023-10-07T15:57:49","date_gmt":"2023-10-07T13:57:49","guid":{"rendered":"https:\/\/berninabrussels.be\/?post_type=product&#038;p=2720"},"modified":"2024-09-18T15:06:16","modified_gmt":"2024-09-18T13:06:16","slug":"juki-ddl-8000a-piqueuse-plate-avec-coupe-fils-machine-a-coudre-industrielle","status":"publish","type":"product","link":"https:\/\/berninabrussels.be\/?product=juki-ddl-8000a-piqueuse-plate-avec-coupe-fils-machine-a-coudre-industrielle","title":{"rendered":"JUKI DDL 8000A Piqueuse plate avec coupe fils Livraison Gratuite (Belgique Luxembourg)"},"content":{"rendered":"<div id=\"productpage\" class=\"common_line2\">\n<div class=\"inside\"><\/div>\n<div class=\"column_r\">\n<div class=\"product-image box clearfix\">\n<div class=\"product-title-wrapper\">\n<div class=\"avis-star avis-16197\" data-id=\"16197\">\n<div class=\"ts-rating-light ts-rating de_DE productreviewsSummary\"><\/div>\n<\/div>\n<div class=\"product-summary\">Machine \u00e0 coudre industrielle coupe fils JUKI DDL 8000ASM avec coupe fils et point d&rsquo;arr\u00eat programmable relevage de pied \u00e9lectromagn\u00e9tique Moteur incorpor\u00e9 Direct Drive 220V et programmes enregistrable par port usb compl\u00e8te avec table 105&#215;55 cm europ\u00e9en et b\u00e2ti europ\u00e9en<\/div>\n<div class=\"definition-icon-row\">\n<div class=\"definition-icon\"><\/div>\n<div class=\"definition-icon\"><\/div>\n<div class=\"definition-icon\"><\/div>\n<div class=\"definition-icon\"><\/div>\n<div class=\"definition-icon\"><\/div>\n<\/div>\n<\/div>\n<div class=\"imgs\">\n<div class=\"product-cover\"><a id=\"img\" class=\"lg\" title=\"Machine \u00e0 coudre JUKI DDL 8000A\" href=\"https:\/\/i0.wp.com\/photos.glasman.fr\/photos\/w800\/product\/16197\/DDL-8000A-cover.jpg?ssl=1\"><img data-recalc-dims=\"1\" fetchpriority=\"high\" decoding=\"async\" class=\"aligncenter\" src=\"https:\/\/i0.wp.com\/photos.glasman.fr\/photos\/w400\/product\/16197\/DDL-8000A-cover.jpg?resize=324%2C300&#038;ssl=1\" alt=\"Machine \u00e0 coudre JUKI DDL 8000A\" width=\"324\" height=\"300\" \/><\/a><\/div>\n<div class=\"product-thumb clearfix\"><\/div>\n<\/div>\n<\/div>\n<div class=\"product-desc box\">\n<div class=\"product-properies\">\n<div class=\"resume\">\n<p>Machine \u00e0 coudre JUKI DDL 8000A Avec Assistance vocal, Moteur incorpor\u00e9 Direct Drive et programmes enregistr\u00e9 avec port usb<\/p>\n<p><span class=\"tlid-translation translation\" lang=\"fr\"><span class=\"\" title=\"\">La s\u00e9rie DDL-8000A pr\u00e9serve la qualit\u00e9 de couture \u00e9tablie de JUKI et est dot\u00e9e de fonctions essentielles simplifi\u00e9es et simplifi\u00e9es.<\/span>\u00a0<span class=\"\" title=\"\">Il aide \u00e0 am\u00e9liorer l&rsquo;efficacit\u00e9 du travail gr\u00e2ce \u00e0 l&rsquo;assistance de l&rsquo;op\u00e9rateur vocale.<\/span><br \/>\n<strong><span title=\"\">Controle de la production<\/span><\/strong><br \/>\n<span title=\"\">Cette machine vous permetre de controler votre production, permetre de suivre l&rsquo;avancement des travaux (nombre actuel de produits fabriqu\u00e9s, taux de r\u00e9alisation) et le taux de fonctionnement de la machine \u00e0 coudre sont affich\u00e9s sur le panneau de commande, cela vous permetra de mieu ajuster votre production et de trouver le poste de travail \u00e0 \u00e9quilibrer.<\/span><\/span><\/p>\n<\/div>\n<\/div>\n<div class=\"product-properies\"><\/div>\n<\/div>\n<p class=\"title_discript\">La machine est fournie en standard avec le panneau de commande.<br \/>\n<strong>Divers guides vocaux<\/strong><br \/>\nLorsque la quantit\u00e9 d&rsquo;huile devient vide ou pleine,<\/p>\n<p class=\"title_discript\">la machine en informe le guide vocal.<\/p>\n<p class=\"title_discript\">\u00a0L&rsquo;autre guidage vocal comprend le taux d&rsquo;utilisation de la machine \u00e0 coudre,<\/p>\n<p class=\"title_discript\">le taux de productivit\u00e9, etc.<\/p>\n<p class=\"title_discript\">T\u00e9te S\u00e9che et intelligente<br \/>\n<strong>Port USB (deux emplacements)<\/strong><br \/>\nLe panneau de commande et le bo\u00eetier de commande sont \u00e9galement fournis en standard avec un port USB.<\/p>\n<\/div>\n<\/div>\n<div class=\"downloadLinkBlock\"><\/div>\n<table class=\"product-table\">\n<thead>\n<tr>\n<th width=\"180\">Nom du mod\u00e8le<\/th>\n<th>DDL-8000AP-MS<\/th>\n<th>DDL-8000AP-SH<\/th>\n<\/tr>\n<\/thead>\n<tbody>\n<tr>\n<th>Application<\/th>\n<td width=\"250\">Poids moyen<\/td>\n<td>Poids lourd<\/td>\n<\/tr>\n<tr>\n<th>Lubrification<\/th>\n<td>\u00c0 moiti\u00e9 sec<\/td>\n<td>Lubrification par minute<\/td>\n<\/tr>\n<tr>\n<th>Max.\u00a0vitesse de couture<\/th>\n<td>5000sti \/ min<\/td>\n<td>4 500sti \/ min<\/td>\n<\/tr>\n<tr>\n<th>Max.\u00a0longueur de point<\/th>\n<td colspan=\"2\">5mm<\/td>\n<\/tr>\n<tr>\n<th>Aiguille<\/th>\n<td>DB \u00d7 1 (# 11) # 9 # 18<\/td>\n<td>DB \u00d7 1 (# 21) # 20 # 23<\/td>\n<\/tr>\n<tr>\n<th>Lev\u00e9e du pied presseur<\/th>\n<td colspan=\"5\">\u00c0 la main: 5.5mm, Auto: 1er \u00e9tage 8.5mm, 2\u00e8me \u00e9tage 13.0mm<\/td>\n<\/tr>\n<\/tbody>\n<\/table>\n<p>Consommation electrique : 320VA<\/p>\n<p><iframe src=\"https:\/\/www.youtube.com\/embed\/-DbpJg3v1zc\" width=\"640\" height=\"360\" frameborder=\"0\" data-mce-fragment=\"1\"><\/iframe><\/p>\n<p>Livr\u00e9e complete sur<\/p>\n<p>Table bati roulette europ\u00e9en 105 x 55 x 4<\/p>\n<p>Bati europ\u00e9en renforc\u00e9 ,avec roulettes<\/p>\n<p>Moteur positionneur 220 V<\/p>\n<p>*****Offert****<\/p>\n<p>30 x Aiguilles<\/p>\n<p>10 x Canettes<\/p>\n<p>1 x Lampe led<\/p>\n<p><strong>Garantie 1 an<\/strong>\u00a0hors site<\/p>\n","protected":false},"excerpt":{"rendered":"<p>Machine \u00e0 coudre industrielle coupe fils JUKI DDL 8000ASM avec coupe fils et point d&rsquo;arr\u00eat programmable relevage de pied \u00e9lectromagn\u00e9tique Moteur incorpor\u00e9 Direct Drive 220V et programmes enregistrable par port usb compl\u00e8te avec table 105&#215;55 cm europ\u00e9en et b\u00e2ti europ\u00e9en Machine \u00e0 coudre JUKI DDL 8000A Avec Assistance vocal, Moteur incorpor\u00e9 Direct Drive et programmes&hellip;<\/p>\n","protected":false},"featured_media":2722,"comment_status":"open","ping_status":"closed","template":"","meta":{"om_disable_all_campaigns":false,"_monsterinsights_skip_tracking":false,"_monsterinsights_sitenote_active":false,"_monsterinsights_sitenote_note":"","_monsterinsights_sitenote_category":0,"_uf_show_specific_survey":0,"_uf_disable_surveys":false},"product_brand":[],"product_cat":[67],"product_tag":[],"giftcard-category":[],"class_list":{"0":"post-2720","1":"product","2":"type-product","3":"status-publish","4":"has-post-thumbnail","6":"product_cat-piqueuse-industrielle","8":"first","9":"instock","10":"shipping-taxable","11":"purchasable","12":"product-type-simple"},"aioseo_notices":[],"jetpack_sharing_enabled":true,"_links":{"self":[{"href":"https:\/\/berninabrussels.be\/index.php?rest_route=\/wp\/v2\/product\/2720","targetHints":{"allow":["GET"]}}],"collection":[{"href":"https:\/\/berninabrussels.be\/index.php?rest_route=\/wp\/v2\/product"}],"about":[{"href":"https:\/\/berninabrussels.be\/index.php?rest_route=\/wp\/v2\/types\/product"}],"replies":[{"embeddable":true,"href":"https:\/\/berninabrussels.be\/index.php?rest_route=%2Fwp%2Fv2%2Fcomments&post=2720"}],"wp:featuredmedia":[{"embeddable":true,"href":"https:\/\/berninabrussels.be\/index.php?rest_route=\/wp\/v2\/media\/2722"}],"wp:attachment":[{"href":"https:\/\/berninabrussels.be\/index.php?rest_route=%2Fwp%2Fv2%2Fmedia&parent=2720"}],"wp:term":[{"taxonomy":"product_brand","embeddable":true,"href":"https:\/\/berninabrussels.be\/index.php?rest_route=%2Fwp%2Fv2%2Fproduct_brand&post=2720"},{"taxonomy":"product_cat","embeddable":true,"href":"https:\/\/berninabrussels.be\/index.php?rest_route=%2Fwp%2Fv2%2Fproduct_cat&post=2720"},{"taxonomy":"product_tag","embeddable":true,"href":"https:\/\/berninabrussels.be\/index.php?rest_route=%2Fwp%2Fv2%2Fproduct_tag&post=2720"},{"taxonomy":"giftcard-category","embeddable":true,"href":"https:\/\/berninabrussels.be\/index.php?rest_route=%2Fwp%2Fv2%2Fgiftcard-category&post=2720"}],"curies":[{"name":"wp","href":"https:\/\/api.w.org\/{rel}","templated":true}]}}