{"id":2714,"date":"2023-10-07T15:45:23","date_gmt":"2023-10-07T13:45:23","guid":{"rendered":"https:\/\/berninabrussels.be\/?post_type=product&#038;p=2714"},"modified":"2025-08-05T11:32:05","modified_gmt":"2025-08-05T09:32:05","slug":"juki-ddl-7000a","status":"publish","type":"product","link":"https:\/\/berninabrussels.be\/?product=juki-ddl-7000a","title":{"rendered":"Juki DDL 7000A"},"content":{"rendered":"<p>Machine \u00e0 coudre industrielle Juki point nou\u00e9 \u00e0 1 aiguille point droit,<\/p>\n<p>simple entrainement, leve-pied, grande vitesse,<\/p>\n<p>lubrification automatique,<\/p>\n<p>avec coupe-fil et marche arri\u00e8re (point d\u2019arr\u00eats) automatiques<\/p>\n<p>par \u00e9lectro-aimant.<\/p>\n<p>Programmation des coutures \u2013 Servo moteur enti\u00e8rement silencieux.<\/p>\n<p>Une fabrication tr\u00e8s robuste et \u00e0 toute \u00e9preuve,<\/p>\n<p>son maniement simple et son entretien ais\u00e9 vous assureront un piquage impeccable des mati\u00e8re les plus vari\u00e9es.<\/p>\n<ul>\n<li>Vendue compl\u00e8te avec table semi submerg\u00e9e europ\u00e9en, b\u00e2ti roulettes , moteur direct drive,<\/li>\n<li>leve-pied Manuel<\/li>\n<li>Application :\u00a0pour tissu moyen et lourd<\/li>\n<li>Profiter d\u2019une large gamme de pieds de biche et de guide en option<\/li>\n<li>Garantie 1 an<\/li>\n<li>Mont\u00e9 et exp\u00e9di\u00e9 sur palette pr\u00eate \u00e0 l\u2019utilisation<\/li>\n<li><em>D\u00e9monstration et apprentissage si achat en magasin<\/em><\/li>\n<\/ul>\n","protected":false},"excerpt":{"rendered":"<p>Machine \u00e0 coudre industrielle Juki point nou\u00e9 \u00e0 1 aiguille point droit, simple entrainement, leve-pied, grande vitesse, lubrification automatique, avec coupe-fil et marche arri\u00e8re (point d\u2019arr\u00eats) automatiques par \u00e9lectro-aimant. Programmation des coutures \u2013 Servo moteur enti\u00e8rement silencieux. Une fabrication tr\u00e8s robuste et \u00e0 toute \u00e9preuve, son maniement simple et son entretien ais\u00e9 vous assureront un&hellip;<\/p>\n","protected":false},"featured_media":2719,"comment_status":"open","ping_status":"closed","template":"","meta":{"om_disable_all_campaigns":false,"_monsterinsights_skip_tracking":false,"_monsterinsights_sitenote_active":false,"_monsterinsights_sitenote_note":"","_monsterinsights_sitenote_category":0,"_uf_show_specific_survey":0,"_uf_disable_surveys":false},"product_brand":[],"product_cat":[32,67],"product_tag":[],"giftcard-category":[],"class_list":{"0":"post-2714","1":"product","2":"type-product","3":"status-publish","4":"has-post-thumbnail","6":"product_cat-machines-professionnelles","7":"product_cat-piqueuse-industrielle","9":"first","10":"instock","11":"shipping-taxable","12":"purchasable","13":"product-type-simple"},"aioseo_notices":[],"jetpack_sharing_enabled":true,"_links":{"self":[{"href":"https:\/\/berninabrussels.be\/index.php?rest_route=\/wp\/v2\/product\/2714","targetHints":{"allow":["GET"]}}],"collection":[{"href":"https:\/\/berninabrussels.be\/index.php?rest_route=\/wp\/v2\/product"}],"about":[{"href":"https:\/\/berninabrussels.be\/index.php?rest_route=\/wp\/v2\/types\/product"}],"replies":[{"embeddable":true,"href":"https:\/\/berninabrussels.be\/index.php?rest_route=%2Fwp%2Fv2%2Fcomments&post=2714"}],"wp:featuredmedia":[{"embeddable":true,"href":"https:\/\/berninabrussels.be\/index.php?rest_route=\/wp\/v2\/media\/2719"}],"wp:attachment":[{"href":"https:\/\/berninabrussels.be\/index.php?rest_route=%2Fwp%2Fv2%2Fmedia&parent=2714"}],"wp:term":[{"taxonomy":"product_brand","embeddable":true,"href":"https:\/\/berninabrussels.be\/index.php?rest_route=%2Fwp%2Fv2%2Fproduct_brand&post=2714"},{"taxonomy":"product_cat","embeddable":true,"href":"https:\/\/berninabrussels.be\/index.php?rest_route=%2Fwp%2Fv2%2Fproduct_cat&post=2714"},{"taxonomy":"product_tag","embeddable":true,"href":"https:\/\/berninabrussels.be\/index.php?rest_route=%2Fwp%2Fv2%2Fproduct_tag&post=2714"},{"taxonomy":"giftcard-category","embeddable":true,"href":"https:\/\/berninabrussels.be\/index.php?rest_route=%2Fwp%2Fv2%2Fgiftcard-category&post=2714"}],"curies":[{"name":"wp","href":"https:\/\/api.w.org\/{rel}","templated":true}]}}