{"id":2699,"date":"2023-10-04T10:24:21","date_gmt":"2023-10-04T08:24:21","guid":{"rendered":"https:\/\/berninabrussels.be\/?post_type=product&#038;p=2699"},"modified":"2025-11-23T19:42:16","modified_gmt":"2025-11-23T18:42:16","slug":"surjeteuse-recouvreuse-bernina-l890-trolley-bernina-en-cadeau-399-euros","status":"publish","type":"product","link":"https:\/\/berninabrussels.be\/?product=surjeteuse-recouvreuse-bernina-l890-trolley-bernina-en-cadeau-399-euros","title":{"rendered":"Surjeteuse-Recouvreuse BERNINA L890 + trolley"},"content":{"rendered":"<h2>Surjeteuse-Recouvreuse BERNINA L890 &#8211; Garantie 5 ans<\/h2>\n<p>Cours de prise en main offert (sur rdv)<\/p>\n<p>&nbsp;<\/p>\n<p>&nbsp;<\/p>\n<p><strong>BERNINA L 890 &#8211; Des points de surjet et des points enveloppants exceptionnels par une surjeteuse-recouvreuse RAPIDE, PR\u00c9CISE ET SILENCIEUSE.<\/strong><\/p>\n<p>La surjeteuse-recouvreuse\u00a0<strong>\u00e9lectronique BERNINA L890<\/strong>\u00a0est id\u00e9ale pour travailler avec tous types de tissus, notamment la maille et les tissus tricot\u00e9s. Vous vivrez l&rsquo;exp\u00e9rience ultime avec votre\u00a0<strong>surjeteuse-recouvreuse 5 fils<\/strong>\u00a0en associant les nombreux points pr\u00e9programm\u00e9s avec la beaut\u00e9 des fils d\u00e9coratifs. Une innovation\u00a0<strong>con\u00e7ue et d\u00e9velopp\u00e9e \u00e0 100 % en Suisse<\/strong>\u00a0et fabriqu\u00e9e par BERNINA.<\/p>\n<ul>\n<li>Coudre, couper et surfiler en une seule op\u00e9ration<\/li>\n<li>Des coutures et des ourlets professionnels pour les v\u00eatements, les tissus d\u2018ameublement, les projets cr\u00e9atifs et bien plus encore<\/li>\n<li>Coutures et ourlets divers pour tous types de fil ou de tissu, tels que la soie, le satin, le jersey, le stretch et les textiles tiss\u00e9s<\/li>\n<li>Des points pr\u00e9cis et nets pour des coutures de surjet solides et des coutures roul\u00e9es parfaites<\/li>\n<li>Ourlets \u00e0 3 ou 4 fils pour une finition belle et r\u00e9sistante, tels que le point d\u2018ourlet classique pour les tee-shirts<\/li>\n<li>Vous pouvez coudre sur des tissus lourds, tels que le lin, la polaire ou le denim, avec un point de cha\u00eenette, puis surfiler simultan\u00e9ment avec un point de surjet<\/li>\n<li>Vous pouvez appliquer rapidement des garnitures, de la dentelle, des \u00e9lastiques et des biais avec un point enveloppant extensible ou un point de cha\u00eenette durable<\/li>\n<li>Vous pouvez utiliser l\u2018entra\u00eenement diff\u00e9rentiel pour \u00e9viter la formation de fronces ou de plis durant la couture<\/li>\n<li>Cr\u00e9ez des effets et des points exclusifs avec des fils d\u00e9coratifs et enregistrez des points pour un usage ult\u00e9rieur<\/li>\n<li>Une large s\u00e9lection d\u2018accessoires en option pour une cr\u00e9ativit\u00e9 et des applications illimit\u00e9es<\/li>\n<\/ul>\n<p>&nbsp;<\/p>\n<p><strong>Un point parfait :<\/strong><\/p>\n<ul>\n<li>Couture \u00e0<strong>\u00a02, 3, 4 ou 5 fils<\/strong><\/li>\n<li><strong>27 points<\/strong>\u00a0de couture (surjet, de recouvrement, de chainette et de surjet s\u00e9curis\u00e9)<\/li>\n<li>Technologie\u00a0<strong>MTC<\/strong>\u00a0pour un point de surjet toujours \u00e9quilibr\u00e9<\/li>\n<li>R\u00e9glages tr\u00e8s pr\u00e9cis en longueur et en largeur<\/li>\n<li>Largeur de point<strong>\u00a03 &#8211; 9 mm<\/strong><\/li>\n<li>Entrainement diff\u00e9rentiel<\/li>\n<\/ul>\n<p>&nbsp;<\/p>\n<p><strong>Une machine confortable :<\/strong><\/p>\n<ul>\n<li>Ecran tactile couleur<\/li>\n<li>R\u00e9glages de point pr\u00e9-programm\u00e9 (tensions de fil, largeur, longueur, diff\u00e9rentiel) : s\u00e9lectionnez le point sur l&rsquo;\u00e9cran et la machine s&rsquo;occupe des r\u00e9glages<\/li>\n<li>Enfileur \u00e0<strong>\u00a0Air BERNINA One-Step<\/strong><\/li>\n<li>Bras libre<\/li>\n<li>Espace de couture \u00e0 droite de l\u2019aiguille :\u00a0<strong>143 mm<\/strong><\/li>\n<li>Levier de genou\/syst\u00e8me mains libres (FHS) BERNINA (genouill\u00e8re)<\/li>\n<li>Le couteau est facile \u00e0 engager et \u00e0 d\u00e9sengager depuis l&rsquo;ext\u00e9rieur<\/li>\n<li>Pied-de-biche pivotant avec retour en place automatique pour changer aiguilles et enfiler les fils sereinement<\/li>\n<li>Hauteur de travail :<strong>\u00a086 mm<\/strong><\/li>\n<li>Enfileur de fil d&rsquo;aiguille int\u00e9gr\u00e9<\/li>\n<li>Arr\u00eat automatique de l&rsquo;aiguille ; position d&rsquo;aiguille command\u00e9e par la p\u00e9dale<\/li>\n<li>Poids de la machine\u00a0<strong>13.4 kg<\/strong><\/li>\n<li>Eclairage<strong>\u00a0LED<\/strong><\/li>\n<li>Pression du pied-de-biche en\u00a0<strong>6 \u00e9tapes<\/strong><\/li>\n<li>Vitesse de piquage :\u00a0<strong>1350 points par minute<\/strong><\/li>\n<\/ul>\n<p>&nbsp;<\/p>\n<table>\n<tbody>\n<tr>\n<td><img data-recalc-dims=\"1\" decoding=\"async\" src=\"https:\/\/i0.wp.com\/coudreetbroder.com\/img\/cms\/Bernina\/L850\/L890%20%282%29.jpg?resize=185%2C185&#038;ssl=1\" alt=\"\" width=\"185\" height=\"185\" \/><\/td>\n<td><img data-recalc-dims=\"1\" fetchpriority=\"high\" decoding=\"async\" src=\"https:\/\/i0.wp.com\/coudreetbroder.com\/img\/cms\/Bernina\/L850\/L890%20%281%29.jpg?resize=301%2C206&#038;ssl=1\" alt=\"\" width=\"301\" height=\"206\" \/><\/td>\n<\/tr>\n<tr>\n<td><img data-recalc-dims=\"1\" decoding=\"async\" src=\"https:\/\/i0.wp.com\/coudreetbroder.com\/img\/cms\/Bernina\/L850\/50220967476_d135eb8aa7_c.jpg?resize=250%2C250&#038;ssl=1\" alt=\"\" width=\"250\" height=\"250\" \/><\/td>\n<td><img data-recalc-dims=\"1\" loading=\"lazy\" decoding=\"async\" src=\"https:\/\/i0.wp.com\/coudreetbroder.com\/img\/cms\/Bernina\/L850\/50220967711_10ba55ecba_c.jpg?resize=250%2C250&#038;ssl=1\" alt=\"\" width=\"250\" height=\"250\" \/><\/td>\n<\/tr>\n<\/tbody>\n<\/table>\n<p>&nbsp;<\/p>\n<p>&nbsp;<\/p>\n<p>&nbsp;<\/p>\n<p><iframe title=\"YouTube video player\" src=\"https:\/\/www.youtube.com\/embed\/Xs-1YtvJloY\" width=\"560\" height=\"315\" frameborder=\"0\" allowfullscreen=\"allowfullscreen\" data-mce-fragment=\"1\"><\/iframe><\/p>\n<p>&nbsp;<\/p>\n<div align=\"center\">\n<table class=\"lesPlus\" width=\"100%\" cellspacing=\"5\" cellpadding=\"0\">\n<tbody>\n<tr>\n<td align=\"center\"><\/td>\n<td>\n<ul>\n<li>Enfilage \u00e0 air BERNINA One Step<\/li>\n<li>R\u00e9glage automatique des tensions, longueur, largeur et diff\u00e9rentiel en s\u00e9lectionnant le point sur l&rsquo;\u00e9cran tactile<\/li>\n<li>Extr\u00eamement rapide, pr\u00e9cise et silencieuse<\/li>\n<li>Vaste espace de couture<\/li>\n<\/ul>\n<\/td>\n<\/tr>\n<\/tbody>\n<\/table>\n<\/div>\n<div class=\"line contentLibre\"><\/div>\n<div align=\"center\">\n<table width=\"100%\" cellspacing=\"2\" cellpadding=\"10\">\n<tbody>\n<tr align=\"center\" valign=\"top\">\n<td colspan=\"2\"><b>Accessoires et Pieds inclus :<\/b><\/td>\n<\/tr>\n<tr align=\"left\" valign=\"top\">\n<td>\n<ul>\n<li>Pied-de-biche standard pour le surjet\/point enveloppant C11<\/li>\n<li>Pied pour point enveloppant\/Point de cha\u00eenette #C13<\/li>\n<li>Table rallonge<\/li>\n<li>Insert pour le point enveloppant<\/li>\n<li>P\u00e9dale<\/li>\n<li>Guide droit<\/li>\n<li>Pincette<\/li>\n<li>Enfile-aiguille\/enfonceur manuel<\/li>\n<li>Set d&rsquo;aiguilles assorties ELX705 CF<\/li>\n<li>Set d&rsquo;aiguilles assorties ELX705 SUK CF<\/li>\n<li>Stylet tactile<\/li>\n<li>Brosse<\/li>\n<li>Tournevis \u00fc<\/li>\n<li>Outil de s\u00e9curit\u00e9 de point enveloppant<\/li>\n<\/ul>\n<\/td>\n<td>&nbsp;<\/p>\n<div align=\"center\"><\/div>\n<\/td>\n<\/tr>\n<tr align=\"left\" valign=\"top\">\n<td colspan=\"2\"><b>\u00c9galement inclus<\/b>\u00a0: Housse de protection, Housse pour le bras libre , Coffret d\u2019accessoires, Bac \u00e0 d\u00e9chets<\/td>\n<\/tr>\n<\/tbody>\n<\/table>\n<p>&nbsp;<\/p>\n<\/div>\n<p>&nbsp;<\/p>\n<p><strong>Garantie 5 ans<\/strong> (assistance t\u00e9l\u00e9phonique, pi\u00e8ces, main-d&rsquo;\u0153uvre, frais de transport &#8211; aller\/retour &#8211; uniquement pour la Belgique, la France m\u00e9tropolitaine dont la Corse,\u00a0 et le Luxembourg)<\/p>\n","protected":false},"excerpt":{"rendered":"<p>Surjeteuse-Recouvreuse BERNINA L890 &#8211; Garantie 5 ans Cours de prise en main offert (sur rdv) &nbsp; &nbsp; BERNINA L 890 &#8211; Des points de surjet et des points enveloppants exceptionnels par une surjeteuse-recouvreuse RAPIDE, PR\u00c9CISE ET SILENCIEUSE. La surjeteuse-recouvreuse\u00a0\u00e9lectronique BERNINA L890\u00a0est id\u00e9ale pour travailler avec tous types de tissus, notamment la maille et les tissus&hellip;<\/p>\n","protected":false},"featured_media":2701,"comment_status":"open","ping_status":"closed","template":"","meta":{"om_disable_all_campaigns":false,"_monsterinsights_skip_tracking":false,"_monsterinsights_sitenote_active":false,"_monsterinsights_sitenote_note":"","_monsterinsights_sitenote_category":0,"_uf_show_specific_survey":0,"_uf_disable_surveys":false},"product_brand":[],"product_cat":[15,54,31,45,53],"product_tag":[],"giftcard-category":[],"class_list":{"0":"post-2699","1":"product","2":"type-product","3":"status-publish","4":"has-post-thumbnail","6":"product_cat-non-classe","7":"product_cat-combine","8":"product_cat-recouvreuses","9":"product_cat-surjeteuse-accesoires","10":"product_cat-surjeteuse-recouvreuse","12":"first","13":"instock","14":"sale","15":"shipping-taxable","16":"purchasable","17":"product-type-simple"},"aioseo_notices":[],"jetpack_sharing_enabled":true,"_links":{"self":[{"href":"https:\/\/berninabrussels.be\/index.php?rest_route=\/wp\/v2\/product\/2699","targetHints":{"allow":["GET"]}}],"collection":[{"href":"https:\/\/berninabrussels.be\/index.php?rest_route=\/wp\/v2\/product"}],"about":[{"href":"https:\/\/berninabrussels.be\/index.php?rest_route=\/wp\/v2\/types\/product"}],"replies":[{"embeddable":true,"href":"https:\/\/berninabrussels.be\/index.php?rest_route=%2Fwp%2Fv2%2Fcomments&post=2699"}],"wp:featuredmedia":[{"embeddable":true,"href":"https:\/\/berninabrussels.be\/index.php?rest_route=\/wp\/v2\/media\/2701"}],"wp:attachment":[{"href":"https:\/\/berninabrussels.be\/index.php?rest_route=%2Fwp%2Fv2%2Fmedia&parent=2699"}],"wp:term":[{"taxonomy":"product_brand","embeddable":true,"href":"https:\/\/berninabrussels.be\/index.php?rest_route=%2Fwp%2Fv2%2Fproduct_brand&post=2699"},{"taxonomy":"product_cat","embeddable":true,"href":"https:\/\/berninabrussels.be\/index.php?rest_route=%2Fwp%2Fv2%2Fproduct_cat&post=2699"},{"taxonomy":"product_tag","embeddable":true,"href":"https:\/\/berninabrussels.be\/index.php?rest_route=%2Fwp%2Fv2%2Fproduct_tag&post=2699"},{"taxonomy":"giftcard-category","embeddable":true,"href":"https:\/\/berninabrussels.be\/index.php?rest_route=%2Fwp%2Fv2%2Fgiftcard-category&post=2699"}],"curies":[{"name":"wp","href":"https:\/\/api.w.org\/{rel}","templated":true}]}}