{"id":2692,"date":"2023-09-30T18:37:06","date_gmt":"2023-09-30T16:37:06","guid":{"rendered":"https:\/\/berninabrussels.be\/?post_type=product&#038;p=2692"},"modified":"2023-09-30T18:37:06","modified_gmt":"2023-09-30T16:37:06","slug":"machine-a-coudre-singer-c5605","status":"publish","type":"product","link":"https:\/\/berninabrussels.be\/?product=machine-a-coudre-singer-c5605","title":{"rendered":"Machine \u00e0 coudre Singer C5605"},"content":{"rendered":"<p><strong>Des fonctions sp\u00e9ciales pour plus de confort !<\/strong><br \/>\nLa SINGER\u00ae C5605 est une machine \u00e0 coudre \u00e9lectronique dot\u00e9e de nombreuses fonctions sp\u00e9ciales pour rendre la couture aussi facile que possible. Cette machine est donc le choix id\u00e9al tant pour les couturi\u00e8res exp\u00e9riment\u00e9es que pour celles qui veulent commencer \u00e0 coudre. L\u2019\u00e9cran LCD pratique affiche toutes les informations n\u00e9cessaires, telles que le point s\u00e9lectionn\u00e9 et la longueur et la largeur du point. Le choix d\u2019une large gamme de points garantit des possibilit\u00e9s cr\u00e9atives infinies.<\/p>\n<p>&nbsp;<\/p>\n<p><strong>Principales caract\u00e9ristiques :<\/strong><\/p>\n<ul>\n<li>Les nombreux points diff\u00e9rents, y compris les points utilitaires, d\u00e9coratifs et extensibles, offrent un total de 180 applications de points<\/li>\n<li>Il existe un point de couture adapt\u00e9 \u00e0 chaque tissu, qu\u2019il s\u2019agisse d\u2019un tissu fin ou de plusieurs couches de denim<\/li>\n<li>S\u00e9lection facile des points \u00e0 l\u2019aide de touches tactiles<\/li>\n<li>Longueur et largeur de point r\u00e9glables<\/li>\n<li>Pas moins de six types de boutonni\u00e8res en une \u00e9tape<\/li>\n<li>L\u2019\u00e9cran LCD affiche clairement le point s\u00e9lectionn\u00e9, ainsi que les r\u00e9glages de longueur et de largeur du point<\/li>\n<li>Insertion facile de la bobine par l\u2019avant de la machine<\/li>\n<li>Enfileur d\u2019aiguille int\u00e9gr\u00e9 pour un d\u00e9marrage plus rapide de la couture<\/li>\n<li>Cadre enti\u00e8rement m\u00e9tallique pour une longue dur\u00e9e de vie<\/li>\n<li>Accessoires inclus, y compris 4 pieds presseurs et une housse de protection souple<\/li>\n<li>Le manuel est disponible en ligne<\/li>\n<\/ul>\n","protected":false},"excerpt":{"rendered":"<p>Des fonctions sp\u00e9ciales pour plus de confort ! La SINGER\u00ae C5605 est une machine \u00e0 coudre \u00e9lectronique dot\u00e9e de nombreuses fonctions sp\u00e9ciales pour rendre la couture aussi facile que possible. Cette machine est donc le choix id\u00e9al tant pour les couturi\u00e8res exp\u00e9riment\u00e9es que pour celles qui veulent commencer \u00e0 coudre. L\u2019\u00e9cran LCD pratique affiche toutes&hellip;<\/p>\n","protected":false},"featured_media":2698,"comment_status":"open","ping_status":"closed","template":"","meta":{"om_disable_all_campaigns":false,"_monsterinsights_skip_tracking":false,"_monsterinsights_sitenote_active":false,"_monsterinsights_sitenote_note":"","_monsterinsights_sitenote_category":0,"_uf_show_specific_survey":0,"_uf_disable_surveys":false},"product_brand":[],"product_cat":[44],"product_tag":[],"giftcard-category":[],"class_list":{"0":"post-2692","1":"product","2":"type-product","3":"status-publish","4":"has-post-thumbnail","6":"product_cat-machine-a-coudre","8":"first","9":"instock","10":"sale","11":"shipping-taxable","12":"purchasable","13":"product-type-simple"},"aioseo_notices":[],"jetpack_sharing_enabled":true,"_links":{"self":[{"href":"https:\/\/berninabrussels.be\/index.php?rest_route=\/wp\/v2\/product\/2692","targetHints":{"allow":["GET"]}}],"collection":[{"href":"https:\/\/berninabrussels.be\/index.php?rest_route=\/wp\/v2\/product"}],"about":[{"href":"https:\/\/berninabrussels.be\/index.php?rest_route=\/wp\/v2\/types\/product"}],"replies":[{"embeddable":true,"href":"https:\/\/berninabrussels.be\/index.php?rest_route=%2Fwp%2Fv2%2Fcomments&post=2692"}],"wp:featuredmedia":[{"embeddable":true,"href":"https:\/\/berninabrussels.be\/index.php?rest_route=\/wp\/v2\/media\/2698"}],"wp:attachment":[{"href":"https:\/\/berninabrussels.be\/index.php?rest_route=%2Fwp%2Fv2%2Fmedia&parent=2692"}],"wp:term":[{"taxonomy":"product_brand","embeddable":true,"href":"https:\/\/berninabrussels.be\/index.php?rest_route=%2Fwp%2Fv2%2Fproduct_brand&post=2692"},{"taxonomy":"product_cat","embeddable":true,"href":"https:\/\/berninabrussels.be\/index.php?rest_route=%2Fwp%2Fv2%2Fproduct_cat&post=2692"},{"taxonomy":"product_tag","embeddable":true,"href":"https:\/\/berninabrussels.be\/index.php?rest_route=%2Fwp%2Fv2%2Fproduct_tag&post=2692"},{"taxonomy":"giftcard-category","embeddable":true,"href":"https:\/\/berninabrussels.be\/index.php?rest_route=%2Fwp%2Fv2%2Fgiftcard-category&post=2692"}],"curies":[{"name":"wp","href":"https:\/\/api.w.org\/{rel}","templated":true}]}}