{"id":2631,"date":"2023-08-18T17:57:59","date_gmt":"2023-08-18T15:57:59","guid":{"rendered":"https:\/\/berninabrussels.be\/?post_type=product&#038;p=2631"},"modified":"2025-11-23T20:09:13","modified_gmt":"2025-11-23T19:09:13","slug":"machine-a-broder-industrielle-halo-100-sewmaq","status":"publish","type":"product","link":"https:\/\/berninabrussels.be\/?product=machine-a-broder-industrielle-halo-100-sewmaq","title":{"rendered":"MACHINE \u00c0 BRODER INDUSTRIELLE HALO 100 SEWMAQ (exposition"},"content":{"rendered":"<div class=\"container\">\n<div class=\"row product-image-summary-wrap\">\n<div class=\"product-image-summary col-lg-12 col-12 col-md-12\">\n<div class=\"row product-image-summary-inner\">\n<div class=\"col-lg-6 col-12 col-md-6 text-left summary entry-summary\">\n<div class=\"summary-inner set-mb-l reset-last-child\">\n<div class=\"woocommerce-product-details__short-description\">\n<p><strong><span>MACHINE \u00c0 BRODER INDUSTRIELLE Halo 100 SEWMAQ<\/span><\/strong><\/p>\n<p><strong>12 aiguilles<\/strong><br \/>\n<strong>36 polices int\u00e9gr\u00e9es<\/strong><br \/>\n<strong>Zone de broderie de 240 x 320 mm\u00a0<\/strong><br \/>\n<strong>\u00c9cran tactile de 7 pouces<\/strong><\/p>\n<p><strong>Module casquette \u00e0 broder (inclus)<\/strong><\/p>\n<p><strong>Support \u00e0 roulette compris<\/strong><\/p>\n<p><span>INFORMATIONS G\u00c9N\u00c9RALES :<\/span><br \/>\n<span>Machine \u00e0 broder industrielle compacte et l\u00e9g\u00e8re \u00e9quip\u00e9e de<\/span><br \/>\n<span>1 t\u00eate et 12 aiguilles avec une vitesse maximale de 1 000 SPM.<\/span><br \/>\n<span>ZONE DE BRODERIE\u00a0<\/span><strong><span>DE 240 x 320 MM<\/span><\/strong><\/p>\n<p><span>La grande zone de broderie vous permet de r\u00e9aliser des motifs plus grands<\/span><br \/>\n<span>et de cr\u00e9er des projets impressionnants ,<\/span><span>des tentures murales, des dos de veste, des sets de table et bien plus encore.<\/span><\/p>\n<p><span>Chaque cerceau inclus avec la machine est marqu\u00e9 d&rsquo;un<\/span><br \/>\n<span>num\u00e9ro correspondant au syst\u00e8me de num\u00e9rotation unique du Halo 100, qui vous emp\u00eache de coudre un motif<\/span><br \/>\n<span>qui se trouve en dehors de la zone de broderie autoris\u00e9e.<\/span><\/p>\n<p><span>\u00c9CRAN TACTILE COULEUR DE 7 POUCES<\/span><br \/>\n<span>L&rsquo;\u00e9cran tactile LCD couleur avanc\u00e9 de 7 pouces avec une grande<\/span><br \/>\n<span>la luminosit\u00e9, la navigation facile et les fonctionnalit\u00e9s exceptionnelles sont tr\u00e8s faciles<\/span><br \/>\n<span>\u00e0 utiliser.\u00a0Utilisez le simulateur de points en temps r\u00e9el pour<\/span><br \/>\n<span>suivre vos motifs \u00e0 l&rsquo;\u00e9cran et pr\u00e9visualiser le<\/span><br \/>\n<span>processus de broderie. S\u00e9lection et s\u00e9quen\u00e7age des couleurs de cr\u00e9ation,<\/span><br \/>\n<span>palette de couleurs de fil personnalisable et 36 polices \u00e9volutives int\u00e9gr\u00e9es, plus la possibilit\u00e9 de dessiner \u00e0 l&rsquo;\u00e9cran &#8211; il y a<\/span><br \/>\n<span>tellement de possibilit\u00e9s pour cr\u00e9er des projets originaux !<\/span><\/p>\n<\/div>\n<\/div>\n<\/div>\n<\/div>\n<\/div>\n<\/div>\n<\/div>\n<div class=\"product-tabs-wrapper\">\n<div class=\"container\">\n<div class=\"row\">\n<div class=\"col-12 poduct-tabs-inner\">\n<div class=\"woocommerce-tabs wc-tabs-wrapper tabs-layout-tabs\" data-state=\"first\" data-layout=\"tabs\">\n<div class=\"wd-accordion-item\">\n<div id=\"tab-description\" class=\"entry-content woocommerce-Tabs-panel woocommerce-Tabs-panel--description wd-active panel wc-tab\" role=\"tabpanel\" aria-labelledby=\"tab-title-description\" data-accordion-index=\"description\">\n<div class=\"wc-tab-inner\">\n<p><span>\u00c9QUIP\u00c9 AVEC:<\/span><\/p>\n<p><span>\u00b7 \u00c9cran tactile de 7 pouces<\/span><br \/>\n<span>\u00b7 Zone de broderie 320 mm x 240 mm<\/span><br \/>\n<span>\u00b7 36 polices int\u00e9gr\u00e9es<\/span><br \/>\n<span>\u00b7 Aper\u00e7u des points en temps r\u00e9el<\/span><br \/>\n<span>\u00b7 Conversion du motif \u00e0 la couture<\/span><br \/>\n<span>\u00b7 Palette de couleurs de fil personnalisable<\/span><br \/>\n<span>\u00b7 Syst\u00e8me de num\u00e9rotation de cercle \u00e0 broder<\/span><br \/>\n<span>\u00b7 R\u00e9glage de la tension du fil<\/span><br \/>\n<span>-Coupe-fil automatique<\/span><br \/>\n<span>\u00b7 D\u00e9tection de saute de point<\/span><br \/>\n<span>\u00b7 Syst\u00e8me de graissage automatique<\/span><br \/>\n<span>\u00b7 Porte-fc\u00f4ne facile \u00e0 utiliser<\/span><\/p>\n<p><span>Port USB<\/span><br \/>\n<span>Coupe-fil automatique<\/span><br \/>\n<span>Bras libre pour couture tubulaire<\/span><br \/>\n<span>Laser de <\/span><span>centrage <\/span><\/p>\n<p><span>Devidoir automatique<\/span><br \/>\n<span>(inclus)<\/span><\/p>\n<p><span>ACCESSOIRES STANDARDS:<\/span><\/p>\n<p><span>Support mobile en acier massif<\/span><br \/>\n<span>Kit d&rsquo;outils de maintenance<\/span><br \/>\n<span>Cercle rond 90 mm<\/span><\/p>\n<p><span> Cadre <\/span><span>rond 120 mm<\/span><br \/>\n<span>Cadre rond 170 mm\u00a0<\/span><br \/>\n<span>Cadre rectangulaire 320 mm x 240 mm<\/span><br \/>\n<span>2 bouchons de cadres en acier<\/span><\/p>\n<p><span>D\u00c9TAILS TECHNIQUES :<\/span><br \/>\n<span>R\u00e9solution d&rsquo;\u00e9cran<\/span><br \/>\n<span>Max.<\/span><br \/>\n<span>capacit\u00e9 maximale\u00a0m\u00e9moire<\/span><br \/>\n<span>Max.\u00a0points d&rsquo;un motif<\/span><br \/>\n<span>Longueur de point<\/span><br \/>\n<span>Prise en charge multilingue<\/span><br \/>\n<span>Taille de la machine <\/span><\/p>\n<p><span>Poids de la machine: 39 kg<\/span><\/p>\n<\/div>\n<\/div>\n<\/div>\n<\/div>\n<\/div>\n<\/div>\n<\/div>\n<\/div>\n","protected":false},"excerpt":{"rendered":"<p>MACHINE \u00c0 BRODER INDUSTRIELLE Halo 100 SEWMAQ 12 aiguilles 36 polices int\u00e9gr\u00e9es Zone de broderie de 240 x 320 mm\u00a0 \u00c9cran tactile de 7 pouces Module casquette \u00e0 broder (inclus) Support \u00e0 roulette compris INFORMATIONS G\u00c9N\u00c9RALES : Machine \u00e0 broder industrielle compacte et l\u00e9g\u00e8re \u00e9quip\u00e9e de 1 t\u00eate et 12 aiguilles avec une vitesse maximale&hellip;<\/p>\n","protected":false},"featured_media":2632,"comment_status":"open","ping_status":"closed","template":"","meta":{"om_disable_all_campaigns":false,"_monsterinsights_skip_tracking":false,"_monsterinsights_sitenote_active":false,"_monsterinsights_sitenote_note":"","_monsterinsights_sitenote_category":0,"_uf_show_specific_survey":0,"_uf_disable_surveys":false},"product_brand":[],"product_cat":[44,46],"product_tag":[],"giftcard-category":[],"class_list":{"0":"post-2631","1":"product","2":"type-product","3":"status-publish","4":"has-post-thumbnail","6":"product_cat-machine-a-coudre","7":"product_cat-brodeuse","9":"first","10":"instock","11":"sale","12":"shipping-taxable","13":"purchasable","14":"product-type-simple"},"aioseo_notices":[],"jetpack_sharing_enabled":true,"_links":{"self":[{"href":"https:\/\/berninabrussels.be\/index.php?rest_route=\/wp\/v2\/product\/2631","targetHints":{"allow":["GET"]}}],"collection":[{"href":"https:\/\/berninabrussels.be\/index.php?rest_route=\/wp\/v2\/product"}],"about":[{"href":"https:\/\/berninabrussels.be\/index.php?rest_route=\/wp\/v2\/types\/product"}],"replies":[{"embeddable":true,"href":"https:\/\/berninabrussels.be\/index.php?rest_route=%2Fwp%2Fv2%2Fcomments&post=2631"}],"wp:featuredmedia":[{"embeddable":true,"href":"https:\/\/berninabrussels.be\/index.php?rest_route=\/wp\/v2\/media\/2632"}],"wp:attachment":[{"href":"https:\/\/berninabrussels.be\/index.php?rest_route=%2Fwp%2Fv2%2Fmedia&parent=2631"}],"wp:term":[{"taxonomy":"product_brand","embeddable":true,"href":"https:\/\/berninabrussels.be\/index.php?rest_route=%2Fwp%2Fv2%2Fproduct_brand&post=2631"},{"taxonomy":"product_cat","embeddable":true,"href":"https:\/\/berninabrussels.be\/index.php?rest_route=%2Fwp%2Fv2%2Fproduct_cat&post=2631"},{"taxonomy":"product_tag","embeddable":true,"href":"https:\/\/berninabrussels.be\/index.php?rest_route=%2Fwp%2Fv2%2Fproduct_tag&post=2631"},{"taxonomy":"giftcard-category","embeddable":true,"href":"https:\/\/berninabrussels.be\/index.php?rest_route=%2Fwp%2Fv2%2Fgiftcard-category&post=2631"}],"curies":[{"name":"wp","href":"https:\/\/api.w.org\/{rel}","templated":true}]}}