{"id":2593,"date":"2023-06-10T12:42:35","date_gmt":"2023-06-10T10:42:35","guid":{"rendered":"https:\/\/berninabrussels.be\/?post_type=product&#038;p=2593"},"modified":"2023-06-10T12:47:40","modified_gmt":"2023-06-10T10:47:40","slug":"mannequin-reglable-m","status":"publish","type":"product","link":"https:\/\/berninabrussels.be\/?product=mannequin-reglable-m","title":{"rendered":"Mannequin r\u00e9glable M"},"content":{"rendered":"<h3>Mannequin r\u00e9glable M<\/h3>\n<p>&nbsp;<\/p>\n<div>\n<div><span style=\"color: #ba213d;\">Disponible sur commande<\/span><\/div>\n<div><\/div>\n<\/div>\n<div>Mannequin de couture Prymadonna, taille M, pour confection du 42 au 48, poitrine 100-116 cm, ceinture 82-99 cm, hanche 104-122 cm.<\/div>\n<div><\/div>\n<div>Coloris violet fonc\u00e9. En maille double mousse<\/div>\n<div><\/div>\n<div>Mannequin modulable en 8 parties avec coussin \u00e0 \u00e9pingles int\u00e9gr\u00e9 au niveau du cou, pied stable en plastique et arrondisseur de jupe \u00e0 fixation par \u00e9pingles.<\/div>\n<div><\/div>\n<div>R\u00e9glage individuel au niveau du cou, de la taille et des hanches en ajustant la molette \u00e0 pression \u00e0 l&rsquo;avant et \u00e0 roulettes \u00e0 l&rsquo;arri\u00e8re et sur les c\u00f4t\u00e9s (12 r\u00e9glages possibles), \u00e9paules con\u00e7ues pour un tomb\u00e9 correct de la manche.<\/div>\n<div><\/div>\n<div>Montage facile.<\/div>\n<div><\/div>\n<div><\/div>\n<div><span style=\"font-size: large;\">Grandeurs<\/span><\/div>\n<div><\/div>\n<ul>\n<li>Taille :\u00a042 \u00e0 48<\/li>\n<\/ul>\n<div><\/div>\n<ul>\n<li>Poitrine :\u00a0100 \u00e0\u00a0116 cm<\/li>\n<\/ul>\n<div><\/div>\n<ul>\n<li>Ceinture:\u00a082 \u00e0\u00a099 cm<\/li>\n<\/ul>\n<div><\/div>\n<ul>\n<li>Hanches :\u00a0104 \u00e0\u00a0122 cm<\/li>\n<\/ul>\n<div>\n<div><\/div>\n<div><\/div>\n<div><\/div>\n<div><\/div>\n<div align=\"center\"><iframe src=\"https:\/\/www.youtube.com\/embed\/0YLx6oHtVgc?rel=0\" width=\"640\" height=\"360\" frameborder=\"0\" allowfullscreen=\"allowfullscreen\" data-mce-fragment=\"1\"><\/iframe><\/div>\n<\/div>\n","protected":false},"excerpt":{"rendered":"<p>Mannequin r\u00e9glable M &nbsp; Disponible sur commande Mannequin de couture Prymadonna, taille M, pour confection du 42 au 48, poitrine 100-116 cm, ceinture 82-99 cm, hanche 104-122 cm. Coloris violet fonc\u00e9. En maille double mousse Mannequin modulable en 8 parties avec coussin \u00e0 \u00e9pingles int\u00e9gr\u00e9 au niveau du cou, pied stable en plastique et arrondisseur&hellip;<\/p>\n","protected":false},"featured_media":2592,"comment_status":"open","ping_status":"closed","template":"","meta":{"om_disable_all_campaigns":false,"_monsterinsights_skip_tracking":false,"_monsterinsights_sitenote_active":false,"_monsterinsights_sitenote_note":"","_monsterinsights_sitenote_category":0,"_uf_show_specific_survey":0,"_uf_disable_surveys":false},"product_brand":[],"product_cat":[15,244],"product_tag":[],"giftcard-category":[],"class_list":{"0":"post-2593","1":"product","2":"type-product","3":"status-publish","4":"has-post-thumbnail","6":"product_cat-non-classe","7":"product_cat-mannequin","9":"first","10":"instock","11":"shipping-taxable","12":"purchasable","13":"product-type-simple"},"aioseo_notices":[],"jetpack_sharing_enabled":true,"_links":{"self":[{"href":"https:\/\/berninabrussels.be\/index.php?rest_route=\/wp\/v2\/product\/2593","targetHints":{"allow":["GET"]}}],"collection":[{"href":"https:\/\/berninabrussels.be\/index.php?rest_route=\/wp\/v2\/product"}],"about":[{"href":"https:\/\/berninabrussels.be\/index.php?rest_route=\/wp\/v2\/types\/product"}],"replies":[{"embeddable":true,"href":"https:\/\/berninabrussels.be\/index.php?rest_route=%2Fwp%2Fv2%2Fcomments&post=2593"}],"wp:featuredmedia":[{"embeddable":true,"href":"https:\/\/berninabrussels.be\/index.php?rest_route=\/wp\/v2\/media\/2592"}],"wp:attachment":[{"href":"https:\/\/berninabrussels.be\/index.php?rest_route=%2Fwp%2Fv2%2Fmedia&parent=2593"}],"wp:term":[{"taxonomy":"product_brand","embeddable":true,"href":"https:\/\/berninabrussels.be\/index.php?rest_route=%2Fwp%2Fv2%2Fproduct_brand&post=2593"},{"taxonomy":"product_cat","embeddable":true,"href":"https:\/\/berninabrussels.be\/index.php?rest_route=%2Fwp%2Fv2%2Fproduct_cat&post=2593"},{"taxonomy":"product_tag","embeddable":true,"href":"https:\/\/berninabrussels.be\/index.php?rest_route=%2Fwp%2Fv2%2Fproduct_tag&post=2593"},{"taxonomy":"giftcard-category","embeddable":true,"href":"https:\/\/berninabrussels.be\/index.php?rest_route=%2Fwp%2Fv2%2Fgiftcard-category&post=2593"}],"curies":[{"name":"wp","href":"https:\/\/api.w.org\/{rel}","templated":true}]}}