{"id":2591,"date":"2023-06-10T12:40:05","date_gmt":"2023-06-10T10:40:05","guid":{"rendered":"https:\/\/berninabrussels.be\/?post_type=product&#038;p=2591"},"modified":"2023-06-10T12:49:14","modified_gmt":"2023-06-10T10:49:14","slug":"mannequin-de-couture-prym-xs","status":"publish","type":"product","link":"https:\/\/berninabrussels.be\/?product=mannequin-de-couture-prym-xs","title":{"rendered":"Mannequin de couture PRYM XS"},"content":{"rendered":"<h3>Mannequin r\u00e9glable XS<\/h3>\n<p>&nbsp;<\/p>\n<p>Mannequin de couture Prymadonna, taille XS, pour confection du 32 au 36, poitrine 76-91 cm, ceinture 56-71 cm, hanche 79-94 cm.<\/p>\n<p>Coloris violet fonc\u00e9. En maille double mousse<\/p>\n<p>Mannequin modulable en 8 parties avec coussin \u00e0 \u00e9pingles int\u00e9gr\u00e9 au niveau du cou, pied stable en plastique et arrondisseur de jupe \u00e0 fixation par \u00e9pingles.<\/p>\n<p>R\u00e9glage individuel au niveau du cou, de la taille et des hanches en ajustant la molette \u00e0 pression \u00e0 l&rsquo;avant et \u00e0 roulettes \u00e0 l&rsquo;arri\u00e8re et sur les c\u00f4t\u00e9s (12 r\u00e9glages possibles), \u00e9paules con\u00e7ues pour un tomb\u00e9 correct de la manche.<\/p>\n<p>Montage facile.<\/p>\n<p>&nbsp;<\/p>\n<h3>Grandeurs<\/h3>\n<div class=\"heading-divider\"><\/div>\n<p>&nbsp;<\/p>\n<ul>\n<li>Taille : 32 \u00e0 36<\/li>\n<li>Poitrine :\u00a076 \u00e0\u00a091 cm<\/li>\n<li>Ceinture: 56 \u00e0\u00a071 cm<\/li>\n<li>Hanches :\u00a079 \u00e0 94 cm<\/li>\n<\/ul>\n","protected":false},"excerpt":{"rendered":"<p>Mannequin r\u00e9glable XS &nbsp; Mannequin de couture Prymadonna, taille XS, pour confection du 32 au 36, poitrine 76-91 cm, ceinture 56-71 cm, hanche 79-94 cm. Coloris violet fonc\u00e9. En maille double mousse Mannequin modulable en 8 parties avec coussin \u00e0 \u00e9pingles int\u00e9gr\u00e9 au niveau du cou, pied stable en plastique et arrondisseur de jupe \u00e0&hellip;<\/p>\n","protected":false},"featured_media":2592,"comment_status":"open","ping_status":"closed","template":"","meta":{"om_disable_all_campaigns":false,"_monsterinsights_skip_tracking":false,"_monsterinsights_sitenote_active":false,"_monsterinsights_sitenote_note":"","_monsterinsights_sitenote_category":0,"_uf_show_specific_survey":0,"_uf_disable_surveys":false},"product_brand":[],"product_cat":[15,244],"product_tag":[],"giftcard-category":[],"class_list":{"0":"post-2591","1":"product","2":"type-product","3":"status-publish","4":"has-post-thumbnail","6":"product_cat-non-classe","7":"product_cat-mannequin","9":"first","10":"instock","11":"shipping-taxable","12":"purchasable","13":"product-type-simple"},"aioseo_notices":[],"jetpack_sharing_enabled":true,"_links":{"self":[{"href":"https:\/\/berninabrussels.be\/index.php?rest_route=\/wp\/v2\/product\/2591","targetHints":{"allow":["GET"]}}],"collection":[{"href":"https:\/\/berninabrussels.be\/index.php?rest_route=\/wp\/v2\/product"}],"about":[{"href":"https:\/\/berninabrussels.be\/index.php?rest_route=\/wp\/v2\/types\/product"}],"replies":[{"embeddable":true,"href":"https:\/\/berninabrussels.be\/index.php?rest_route=%2Fwp%2Fv2%2Fcomments&post=2591"}],"wp:featuredmedia":[{"embeddable":true,"href":"https:\/\/berninabrussels.be\/index.php?rest_route=\/wp\/v2\/media\/2592"}],"wp:attachment":[{"href":"https:\/\/berninabrussels.be\/index.php?rest_route=%2Fwp%2Fv2%2Fmedia&parent=2591"}],"wp:term":[{"taxonomy":"product_brand","embeddable":true,"href":"https:\/\/berninabrussels.be\/index.php?rest_route=%2Fwp%2Fv2%2Fproduct_brand&post=2591"},{"taxonomy":"product_cat","embeddable":true,"href":"https:\/\/berninabrussels.be\/index.php?rest_route=%2Fwp%2Fv2%2Fproduct_cat&post=2591"},{"taxonomy":"product_tag","embeddable":true,"href":"https:\/\/berninabrussels.be\/index.php?rest_route=%2Fwp%2Fv2%2Fproduct_tag&post=2591"},{"taxonomy":"giftcard-category","embeddable":true,"href":"https:\/\/berninabrussels.be\/index.php?rest_route=%2Fwp%2Fv2%2Fgiftcard-category&post=2591"}],"curies":[{"name":"wp","href":"https:\/\/api.w.org\/{rel}","templated":true}]}}