{"id":2588,"date":"2023-06-10T12:31:45","date_gmt":"2023-06-10T10:31:45","guid":{"rendered":"https:\/\/berninabrussels.be\/?post_type=product&#038;p=2588"},"modified":"2023-06-10T12:31:45","modified_gmt":"2023-06-10T10:31:45","slug":"mannequin-femme-casoli-du-36-au-50","status":"publish","type":"product","link":"https:\/\/berninabrussels.be\/?product=mannequin-femme-casoli-du-36-au-50","title":{"rendered":"Mannequin femme Casoli (du 36 au 50)"},"content":{"rendered":"<p><strong>e mannequin CASOLI M\u201469 est r\u00e9glable avec 2 manettes. Le buste est con\u00e7u en fibre de verre et recouvert d\u2019un tissus smock\u00e9 \u00e9lastiqu\u00e9, avec un tr\u00e9pied en m\u00e9tal. Ce mannequin est r\u00e9alis\u00e9 en quatre parties pour adapter les proportions dans les diff\u00e9rentes tailles. La hauteur et la largeur de la poitrine sont r\u00e9glables.<\/strong><\/p>\n<p>&nbsp;<\/p>\n<h1>Les points forts<\/h1>\n<ul>\n<li>Buste en fibre de verre recouvert d&rsquo;un tissus smock\u00e9 \u00e9lastiqu\u00e9<\/li>\n<li>Tr\u00e9pied en m\u00e9tal<\/li>\n<li>Mannequin r\u00e9alis\u00e9 en 4 parties pour adapter les proportions<\/li>\n<li>La auteur et largeur de la poitrine sont r\u00e9glables<\/li>\n<\/ul>\n<p>&nbsp;<\/p>\n","protected":false},"excerpt":{"rendered":"<p>e mannequin CASOLI M\u201469 est r\u00e9glable avec 2 manettes. Le buste est con\u00e7u en fibre de verre et recouvert d\u2019un tissus smock\u00e9 \u00e9lastiqu\u00e9, avec un tr\u00e9pied en m\u00e9tal. Ce mannequin est r\u00e9alis\u00e9 en quatre parties pour adapter les proportions dans les diff\u00e9rentes tailles. La hauteur et la largeur de la poitrine sont r\u00e9glables. &nbsp; Les&hellip;<\/p>\n","protected":false},"featured_media":2589,"comment_status":"open","ping_status":"closed","template":"","meta":{"om_disable_all_campaigns":false,"_monsterinsights_skip_tracking":false,"_monsterinsights_sitenote_active":false,"_monsterinsights_sitenote_note":"","_monsterinsights_sitenote_category":0,"_uf_show_specific_survey":0,"_uf_disable_surveys":false},"product_brand":[],"product_cat":[244],"product_tag":[],"giftcard-category":[],"class_list":{"0":"post-2588","1":"product","2":"type-product","3":"status-publish","4":"has-post-thumbnail","6":"product_cat-mannequin","8":"first","9":"instock","10":"shipping-taxable","11":"purchasable","12":"product-type-simple"},"aioseo_notices":[],"jetpack_sharing_enabled":true,"_links":{"self":[{"href":"https:\/\/berninabrussels.be\/index.php?rest_route=\/wp\/v2\/product\/2588","targetHints":{"allow":["GET"]}}],"collection":[{"href":"https:\/\/berninabrussels.be\/index.php?rest_route=\/wp\/v2\/product"}],"about":[{"href":"https:\/\/berninabrussels.be\/index.php?rest_route=\/wp\/v2\/types\/product"}],"replies":[{"embeddable":true,"href":"https:\/\/berninabrussels.be\/index.php?rest_route=%2Fwp%2Fv2%2Fcomments&post=2588"}],"wp:featuredmedia":[{"embeddable":true,"href":"https:\/\/berninabrussels.be\/index.php?rest_route=\/wp\/v2\/media\/2589"}],"wp:attachment":[{"href":"https:\/\/berninabrussels.be\/index.php?rest_route=%2Fwp%2Fv2%2Fmedia&parent=2588"}],"wp:term":[{"taxonomy":"product_brand","embeddable":true,"href":"https:\/\/berninabrussels.be\/index.php?rest_route=%2Fwp%2Fv2%2Fproduct_brand&post=2588"},{"taxonomy":"product_cat","embeddable":true,"href":"https:\/\/berninabrussels.be\/index.php?rest_route=%2Fwp%2Fv2%2Fproduct_cat&post=2588"},{"taxonomy":"product_tag","embeddable":true,"href":"https:\/\/berninabrussels.be\/index.php?rest_route=%2Fwp%2Fv2%2Fproduct_tag&post=2588"},{"taxonomy":"giftcard-category","embeddable":true,"href":"https:\/\/berninabrussels.be\/index.php?rest_route=%2Fwp%2Fv2%2Fgiftcard-category&post=2588"}],"curies":[{"name":"wp","href":"https:\/\/api.w.org\/{rel}","templated":true}]}}