{"id":2582,"date":"2023-06-10T12:03:29","date_gmt":"2023-06-10T10:03:29","guid":{"rendered":"https:\/\/berninabrussels.be\/?post_type=product&#038;p=2582"},"modified":"2023-08-08T03:05:35","modified_gmt":"2023-08-08T01:05:35","slug":"table-de-repassage-aspirante-soufflante-casoli-tlas-205","status":"publish","type":"product","link":"https:\/\/berninabrussels.be\/?product=table-de-repassage-aspirante-soufflante-casoli-tlas-205","title":{"rendered":"Table de repassage aspirante &#8211; soufflante Casoli TLAS-205"},"content":{"rendered":"<h1 class=\"product_title entry-title\">Table de repassage aspirante &#8211; soufflante MOD. TLAS-205<\/h1>\n<div class=\"woocommerce-product-details__short-description\">\n<p>Table \u00e0 repasser et jeannette aspirantes et soufflantes, r\u00e9chauff\u00e9es \u00e9lectriquement et r\u00e9glable par thermostat.<\/p>\n<ul>\n<li>L\u2019aspiration ou le souffle de la table et de la jeannette s\u2019effectue par p\u00e9dale<\/li>\n<li>La jeannette ME 031 est en dotation avec la table<\/li>\n<\/ul>\n<p>&nbsp;<\/p>\n<h3>Informations compl\u00e9mentaires<\/h3>\n<table class=\"shop_attributes\">\n<tbody>\n<tr>\n<th>Alimentation monophas\u00e9e<\/th>\n<td>230V\/50Hz<\/td>\n<\/tr>\n<tr>\n<th>Alimentation triphas\u00e9e en option<\/th>\n<td>380V\/50Hz<\/td>\n<\/tr>\n<tr>\n<th>Moteur aspirant<\/th>\n<td>0,50HP<\/td>\n<\/tr>\n<tr>\n<th>R\u00e9sistance chauffage table<\/th>\n<td>1000W<\/td>\n<\/tr>\n<tr>\n<th>R\u00e9sistance chauffage Jeannette<\/th>\n<td>250 W<\/td>\n<\/tr>\n<tr>\n<th>Dimensions table<\/th>\n<td>1120x350mm<\/td>\n<\/tr>\n<tr>\n<th>Poids net<\/th>\n<td>Kg. 88<\/td>\n<\/tr>\n<\/tbody>\n<\/table>\n<\/div>\n","protected":false},"excerpt":{"rendered":"<p>Table de repassage aspirante &#8211; soufflante MOD. TLAS-205 Table \u00e0 repasser et jeannette aspirantes et soufflantes, r\u00e9chauff\u00e9es \u00e9lectriquement et r\u00e9glable par thermostat. L\u2019aspiration ou le souffle de la table et de la jeannette s\u2019effectue par p\u00e9dale La jeannette ME 031 est en dotation avec la table &nbsp; Informations compl\u00e9mentaires Alimentation monophas\u00e9e 230V\/50Hz Alimentation triphas\u00e9e en&hellip;<\/p>\n","protected":false},"featured_media":2585,"comment_status":"open","ping_status":"closed","template":"","meta":{"om_disable_all_campaigns":false,"_monsterinsights_skip_tracking":false,"_monsterinsights_sitenote_active":false,"_monsterinsights_sitenote_note":"","_monsterinsights_sitenote_category":0,"_uf_show_specific_survey":0,"_uf_disable_surveys":false},"product_brand":[],"product_cat":[15],"product_tag":[],"giftcard-category":[],"class_list":{"0":"post-2582","1":"product","2":"type-product","3":"status-publish","4":"has-post-thumbnail","6":"product_cat-non-classe","8":"first","9":"instock","10":"sale","11":"shipping-taxable","12":"purchasable","13":"product-type-simple"},"aioseo_notices":[],"jetpack_sharing_enabled":true,"_links":{"self":[{"href":"https:\/\/berninabrussels.be\/index.php?rest_route=\/wp\/v2\/product\/2582","targetHints":{"allow":["GET"]}}],"collection":[{"href":"https:\/\/berninabrussels.be\/index.php?rest_route=\/wp\/v2\/product"}],"about":[{"href":"https:\/\/berninabrussels.be\/index.php?rest_route=\/wp\/v2\/types\/product"}],"replies":[{"embeddable":true,"href":"https:\/\/berninabrussels.be\/index.php?rest_route=%2Fwp%2Fv2%2Fcomments&post=2582"}],"wp:featuredmedia":[{"embeddable":true,"href":"https:\/\/berninabrussels.be\/index.php?rest_route=\/wp\/v2\/media\/2585"}],"wp:attachment":[{"href":"https:\/\/berninabrussels.be\/index.php?rest_route=%2Fwp%2Fv2%2Fmedia&parent=2582"}],"wp:term":[{"taxonomy":"product_brand","embeddable":true,"href":"https:\/\/berninabrussels.be\/index.php?rest_route=%2Fwp%2Fv2%2Fproduct_brand&post=2582"},{"taxonomy":"product_cat","embeddable":true,"href":"https:\/\/berninabrussels.be\/index.php?rest_route=%2Fwp%2Fv2%2Fproduct_cat&post=2582"},{"taxonomy":"product_tag","embeddable":true,"href":"https:\/\/berninabrussels.be\/index.php?rest_route=%2Fwp%2Fv2%2Fproduct_tag&post=2582"},{"taxonomy":"giftcard-category","embeddable":true,"href":"https:\/\/berninabrussels.be\/index.php?rest_route=%2Fwp%2Fv2%2Fgiftcard-category&post=2582"}],"curies":[{"name":"wp","href":"https:\/\/api.w.org\/{rel}","templated":true}]}}