{"id":2577,"date":"2023-06-10T11:35:07","date_gmt":"2023-06-10T09:35:07","guid":{"rendered":"https:\/\/berninabrussels.be\/?post_type=product&#038;p=2577"},"modified":"2023-06-10T12:18:02","modified_gmt":"2023-06-10T10:18:02","slug":"generateur-de-vapeur-casoli-mod-maciste","status":"publish","type":"product","link":"https:\/\/berninabrussels.be\/?product=generateur-de-vapeur-casoli-mod-maciste","title":{"rendered":"G\u00c9N\u00c9RATEUR DE VAPEUR CASOLI MOD. MACISTE"},"content":{"rendered":"<h1 class=\"product_title entry-title\">G\u00c9N\u00c9RATEUR DE VAPEUR CASOLI MOD. MACISTE<\/h1>\n<div class=\"woocommerce-product-details__short-description\">\n<p>Chaudi\u00e8re automatique incorpor\u00e9e.<\/p>\n<ul>\n<li>Pr\u00e9vue pour deux fers<\/li>\n<li>R\u00e9servoir de 8 litres incorpor\u00e9<\/li>\n<li>Thermostat au r\u00e9armement sauve la r\u00e9sistance<\/li>\n<li>Tube SS 159X4,5 (bouilloire) galvanis\u00e9 \u00e0 chaud<\/li>\n<\/ul>\n<p>\u00c9lectropompe d\u2019alimentation de la chaudi\u00e8re par r\u00e9serve d\u2019eau ou du r\u00e9servoir et ses dimensions r\u00e9duites permettent de la monter sur les tables sans en modifier le volume.<\/p>\n<p>&nbsp;<\/p>\n<h3>Informations compl\u00e9mentaires<\/h3>\n<table class=\"shop_attributes\">\n<tbody>\n<tr>\n<th>Alimentation monophas\u00e9e<\/th>\n<td>230V\/50Hz<\/td>\n<\/tr>\n<tr>\n<th>Alimentation triphas\u00e9e en option<\/th>\n<td>380V\/50Hz<\/td>\n<\/tr>\n<tr>\n<th>Electropompe<\/th>\n<td>0,50 HP<\/td>\n<\/tr>\n<tr>\n<th>R\u00e9sistance chaudi\u00e8re<\/th>\n<td>4500 W<\/td>\n<\/tr>\n<tr>\n<th>Chaudi\u00e8re<\/th>\n<td>5 LT.<\/td>\n<\/tr>\n<tr>\n<th>Poids net<\/th>\n<td>Kg. 47<\/td>\n<\/tr>\n<\/tbody>\n<\/table>\n<\/div>\n","protected":false},"excerpt":{"rendered":"<p>G\u00c9N\u00c9RATEUR DE VAPEUR CASOLI MOD. MACISTE Chaudi\u00e8re automatique incorpor\u00e9e. Pr\u00e9vue pour deux fers R\u00e9servoir de 8 litres incorpor\u00e9 Thermostat au r\u00e9armement sauve la r\u00e9sistance Tube SS 159X4,5 (bouilloire) galvanis\u00e9 \u00e0 chaud \u00c9lectropompe d\u2019alimentation de la chaudi\u00e8re par r\u00e9serve d\u2019eau ou du r\u00e9servoir et ses dimensions r\u00e9duites permettent de la monter sur les tables sans en&hellip;<\/p>\n","protected":false},"featured_media":2578,"comment_status":"open","ping_status":"closed","template":"","meta":{"om_disable_all_campaigns":false,"_monsterinsights_skip_tracking":false,"_monsterinsights_sitenote_active":false,"_monsterinsights_sitenote_note":"","_monsterinsights_sitenote_category":0,"_uf_show_specific_survey":0,"_uf_disable_surveys":false},"product_brand":[],"product_cat":[239],"product_tag":[],"giftcard-category":[],"class_list":{"0":"post-2577","1":"product","2":"type-product","3":"status-publish","4":"has-post-thumbnail","6":"product_cat-chaudieres","8":"first","9":"instock","10":"shipping-taxable","11":"purchasable","12":"product-type-simple"},"aioseo_notices":[],"jetpack_sharing_enabled":true,"_links":{"self":[{"href":"https:\/\/berninabrussels.be\/index.php?rest_route=\/wp\/v2\/product\/2577","targetHints":{"allow":["GET"]}}],"collection":[{"href":"https:\/\/berninabrussels.be\/index.php?rest_route=\/wp\/v2\/product"}],"about":[{"href":"https:\/\/berninabrussels.be\/index.php?rest_route=\/wp\/v2\/types\/product"}],"replies":[{"embeddable":true,"href":"https:\/\/berninabrussels.be\/index.php?rest_route=%2Fwp%2Fv2%2Fcomments&post=2577"}],"wp:featuredmedia":[{"embeddable":true,"href":"https:\/\/berninabrussels.be\/index.php?rest_route=\/wp\/v2\/media\/2578"}],"wp:attachment":[{"href":"https:\/\/berninabrussels.be\/index.php?rest_route=%2Fwp%2Fv2%2Fmedia&parent=2577"}],"wp:term":[{"taxonomy":"product_brand","embeddable":true,"href":"https:\/\/berninabrussels.be\/index.php?rest_route=%2Fwp%2Fv2%2Fproduct_brand&post=2577"},{"taxonomy":"product_cat","embeddable":true,"href":"https:\/\/berninabrussels.be\/index.php?rest_route=%2Fwp%2Fv2%2Fproduct_cat&post=2577"},{"taxonomy":"product_tag","embeddable":true,"href":"https:\/\/berninabrussels.be\/index.php?rest_route=%2Fwp%2Fv2%2Fproduct_tag&post=2577"},{"taxonomy":"giftcard-category","embeddable":true,"href":"https:\/\/berninabrussels.be\/index.php?rest_route=%2Fwp%2Fv2%2Fgiftcard-category&post=2577"}],"curies":[{"name":"wp","href":"https:\/\/api.w.org\/{rel}","templated":true}]}}