{"id":2571,"date":"2023-06-10T11:01:45","date_gmt":"2023-06-10T09:01:45","guid":{"rendered":"https:\/\/berninabrussels.be\/?post_type=product&#038;p=2571"},"modified":"2025-07-31T00:23:39","modified_gmt":"2025-07-30T22:23:39","slug":"generateur-de-vapeur-casoli-mod-304","status":"publish","type":"product","link":"https:\/\/berninabrussels.be\/?product=generateur-de-vapeur-casoli-mod-304","title":{"rendered":"G\u00e9n\u00e9rateur de vapeur Casoli MOD. 304"},"content":{"rendered":"<h1 class=\"product_title entry-title\">G\u00e9n\u00e9rateur de vapeur MOD. 304<\/h1>\n<div class=\"woocommerce-product-details__short-description\">\n<ul>\n<li>Alimentation manuelle<\/li>\n<li>Contr\u00f4le automatique de la pression<\/li>\n<li>Contr\u00f4le automatique du niveau d\u2019eau<\/li>\n<li>Le g\u00e9n\u00e9rateur est mont\u00e9 sur un tr\u00e9pied<\/li>\n<li>Chaudi\u00e8re en inox 304<\/li>\n<\/ul>\n<p>&nbsp;<\/p>\n<h3>Informations compl\u00e9mentaires<\/h3>\n<table class=\"shop_attributes\">\n<tbody>\n<tr>\n<th>Alimentation monophas\u00e9e<\/th>\n<td>230V\/50Hz<\/td>\n<\/tr>\n<tr>\n<th>R\u00e9sistance chaudi\u00e8re<\/th>\n<td>1500 W<\/td>\n<\/tr>\n<tr>\n<th>Chaudi\u00e8re<\/th>\n<td>5 LT.<\/td>\n<\/tr>\n<tr>\n<th>Poids net<\/th>\n<td>Kg. 12,5<\/td>\n<\/tr>\n<\/tbody>\n<\/table>\n<\/div>\n","protected":false},"excerpt":{"rendered":"<p>G\u00e9n\u00e9rateur de vapeur MOD. 304 Alimentation manuelle Contr\u00f4le automatique de la pression Contr\u00f4le automatique du niveau d\u2019eau Le g\u00e9n\u00e9rateur est mont\u00e9 sur un tr\u00e9pied Chaudi\u00e8re en inox 304 &nbsp; Informations compl\u00e9mentaires Alimentation monophas\u00e9e 230V\/50Hz R\u00e9sistance chaudi\u00e8re 1500 W Chaudi\u00e8re 5 LT. Poids net Kg. 12,5<\/p>\n","protected":false},"featured_media":2572,"comment_status":"open","ping_status":"closed","template":"","meta":{"om_disable_all_campaigns":false,"_monsterinsights_skip_tracking":false,"_monsterinsights_sitenote_active":false,"_monsterinsights_sitenote_note":"","_monsterinsights_sitenote_category":0,"_uf_show_specific_survey":0,"_uf_disable_surveys":false},"product_brand":[],"product_cat":[239],"product_tag":[],"giftcard-category":[],"class_list":{"0":"post-2571","1":"product","2":"type-product","3":"status-publish","4":"has-post-thumbnail","6":"product_cat-chaudieres","8":"first","9":"instock","10":"shipping-taxable","11":"purchasable","12":"product-type-simple"},"aioseo_notices":[],"jetpack_sharing_enabled":true,"_links":{"self":[{"href":"https:\/\/berninabrussels.be\/index.php?rest_route=\/wp\/v2\/product\/2571","targetHints":{"allow":["GET"]}}],"collection":[{"href":"https:\/\/berninabrussels.be\/index.php?rest_route=\/wp\/v2\/product"}],"about":[{"href":"https:\/\/berninabrussels.be\/index.php?rest_route=\/wp\/v2\/types\/product"}],"replies":[{"embeddable":true,"href":"https:\/\/berninabrussels.be\/index.php?rest_route=%2Fwp%2Fv2%2Fcomments&post=2571"}],"wp:featuredmedia":[{"embeddable":true,"href":"https:\/\/berninabrussels.be\/index.php?rest_route=\/wp\/v2\/media\/2572"}],"wp:attachment":[{"href":"https:\/\/berninabrussels.be\/index.php?rest_route=%2Fwp%2Fv2%2Fmedia&parent=2571"}],"wp:term":[{"taxonomy":"product_brand","embeddable":true,"href":"https:\/\/berninabrussels.be\/index.php?rest_route=%2Fwp%2Fv2%2Fproduct_brand&post=2571"},{"taxonomy":"product_cat","embeddable":true,"href":"https:\/\/berninabrussels.be\/index.php?rest_route=%2Fwp%2Fv2%2Fproduct_cat&post=2571"},{"taxonomy":"product_tag","embeddable":true,"href":"https:\/\/berninabrussels.be\/index.php?rest_route=%2Fwp%2Fv2%2Fproduct_tag&post=2571"},{"taxonomy":"giftcard-category","embeddable":true,"href":"https:\/\/berninabrussels.be\/index.php?rest_route=%2Fwp%2Fv2%2Fgiftcard-category&post=2571"}],"curies":[{"name":"wp","href":"https:\/\/api.w.org\/{rel}","templated":true}]}}