{"id":2491,"date":"2023-05-15T17:29:52","date_gmt":"2023-05-15T15:29:52","guid":{"rendered":"https:\/\/berninabrussels.be\/?post_type=product&#038;p=2491"},"modified":"2025-05-26T11:29:17","modified_gmt":"2025-05-26T09:29:17","slug":"fer-a-repasser-thermo-adhesif-casoli-mod-ft-50","status":"publish","type":"product","link":"https:\/\/berninabrussels.be\/?product=fer-a-repasser-thermo-adhesif-casoli-mod-ft-50","title":{"rendered":"Fer \u00e0 repasser Thermo-adh\u00e9sif Casoli MOD. FT-50"},"content":{"rendered":"<h2 class=\"product_title entry-title\">Fer \u00e0 repasser Thermo-adh\u00e9sif Casoli MOD. FT-50<\/h2>\n<p>Con\u00e7u por l\u2019adh\u00e9sion rapide et parfaite du papier thermo-adh\u00e9sif sur le tissu.<\/p>\n<p>Thermostat r\u00e9glable de 0 \u00e0 210\u00b0C pour un choix optimal de la temp\u00e9rature.<\/p>\n<ul>\n<li>Poign\u00e9e en li\u00e8ge.<\/li>\n<\/ul>\n<p>CARACT\u00c9RISTIQUES TECHNIQUES:<\/p>\n<ul>\n<li>Alimentation \u00e9lectrique monophas\u00e9e 230V\/50Hz<\/li>\n<li>Dimensions de la semelle 750\u00d7150<\/li>\n<li>Poids 6 kg environ<\/li>\n<li>R\u00e9sistance 1600 W<\/li>\n<li>Thermostat<\/li>\n<li>Lampe t\u00e9moin<\/li>\n<\/ul>\n","protected":false},"excerpt":{"rendered":"<p>Fer \u00e0 repasser Thermo-adh\u00e9sif Casoli MOD. FT-50 Con\u00e7u por l\u2019adh\u00e9sion rapide et parfaite du papier thermo-adh\u00e9sif sur le tissu. Thermostat r\u00e9glable de 0 \u00e0 210\u00b0C pour un choix optimal de la temp\u00e9rature. Poign\u00e9e en li\u00e8ge. CARACT\u00c9RISTIQUES TECHNIQUES: Alimentation \u00e9lectrique monophas\u00e9e 230V\/50Hz Dimensions de la semelle 750\u00d7150 Poids 6 kg environ R\u00e9sistance 1600 W Thermostat Lampe&hellip;<\/p>\n","protected":false},"featured_media":2492,"comment_status":"open","ping_status":"closed","template":"","meta":{"om_disable_all_campaigns":false,"_monsterinsights_skip_tracking":false,"_monsterinsights_sitenote_active":false,"_monsterinsights_sitenote_note":"","_monsterinsights_sitenote_category":0,"_uf_show_specific_survey":0,"_uf_disable_surveys":false},"product_brand":[],"product_cat":[234],"product_tag":[],"giftcard-category":[],"class_list":{"0":"post-2491","1":"product","2":"type-product","3":"status-publish","4":"has-post-thumbnail","6":"product_cat-fers","8":"first","9":"instock","10":"shipping-taxable","11":"product-type-simple"},"aioseo_notices":[],"jetpack_sharing_enabled":true,"_links":{"self":[{"href":"https:\/\/berninabrussels.be\/index.php?rest_route=\/wp\/v2\/product\/2491","targetHints":{"allow":["GET"]}}],"collection":[{"href":"https:\/\/berninabrussels.be\/index.php?rest_route=\/wp\/v2\/product"}],"about":[{"href":"https:\/\/berninabrussels.be\/index.php?rest_route=\/wp\/v2\/types\/product"}],"replies":[{"embeddable":true,"href":"https:\/\/berninabrussels.be\/index.php?rest_route=%2Fwp%2Fv2%2Fcomments&post=2491"}],"wp:featuredmedia":[{"embeddable":true,"href":"https:\/\/berninabrussels.be\/index.php?rest_route=\/wp\/v2\/media\/2492"}],"wp:attachment":[{"href":"https:\/\/berninabrussels.be\/index.php?rest_route=%2Fwp%2Fv2%2Fmedia&parent=2491"}],"wp:term":[{"taxonomy":"product_brand","embeddable":true,"href":"https:\/\/berninabrussels.be\/index.php?rest_route=%2Fwp%2Fv2%2Fproduct_brand&post=2491"},{"taxonomy":"product_cat","embeddable":true,"href":"https:\/\/berninabrussels.be\/index.php?rest_route=%2Fwp%2Fv2%2Fproduct_cat&post=2491"},{"taxonomy":"product_tag","embeddable":true,"href":"https:\/\/berninabrussels.be\/index.php?rest_route=%2Fwp%2Fv2%2Fproduct_tag&post=2491"},{"taxonomy":"giftcard-category","embeddable":true,"href":"https:\/\/berninabrussels.be\/index.php?rest_route=%2Fwp%2Fv2%2Fgiftcard-category&post=2491"}],"curies":[{"name":"wp","href":"https:\/\/api.w.org\/{rel}","templated":true}]}}