{"id":2487,"date":"2023-05-15T17:29:52","date_gmt":"2023-05-15T15:29:52","guid":{"rendered":"https:\/\/berninabrussels.be\/?post_type=product&#038;p=2487"},"modified":"2023-05-15T17:29:52","modified_gmt":"2023-05-15T15:29:52","slug":"fer-a-repasser-electronique-industriel-casoli-mod-fe-55","status":"publish","type":"product","link":"https:\/\/berninabrussels.be\/?product=fer-a-repasser-electronique-industriel-casoli-mod-fe-55","title":{"rendered":"Fer \u00e0 repasser \u00e9lectronique industriel Casoli MOD. FE-55"},"content":{"rendered":"<ul>\n<li>R\u00e9glage \u00e9lectronique de la temp\u00e9rature<\/li>\n<li>Semelle avec protection anti-\u00e9raflure en Nichel et Teflon<\/li>\n<li>Protection contre la chaleur et la vapeur<\/li>\n<\/ul>\n<p>CARACT\u00c9RISTIQUES TECHNIQUES:<\/p>\n<ul>\n<li>Semelle avec r\u00e9sistance incorpor\u00e9e et protection en Teflon-Nichel<\/li>\n<li>Groupe thermostat \u00e9lectronique<\/li>\n<li>Thermofusible<\/li>\n<li>Poids 1,600 kg<\/li>\n<li>R\u00e9sistance 1000 W<\/li>\n<li>230V\/50Hz<\/li>\n<\/ul>\n<p>Un troller est disponible en option.<\/p>\n","protected":false},"excerpt":{"rendered":"<p>R\u00e9glage \u00e9lectronique de la temp\u00e9rature Semelle avec protection anti-\u00e9raflure en Nichel et Teflon Protection contre la chaleur et la vapeur CARACT\u00c9RISTIQUES TECHNIQUES: Semelle avec r\u00e9sistance incorpor\u00e9e et protection en Teflon-Nichel Groupe thermostat \u00e9lectronique Thermofusible Poids 1,600 kg R\u00e9sistance 1000 W 230V\/50Hz Un troller est disponible en option.<\/p>\n","protected":false},"featured_media":2488,"comment_status":"open","ping_status":"closed","template":"","meta":{"om_disable_all_campaigns":false,"_monsterinsights_skip_tracking":false,"_monsterinsights_sitenote_active":false,"_monsterinsights_sitenote_note":"","_monsterinsights_sitenote_category":0,"_uf_show_specific_survey":0,"_uf_disable_surveys":false},"product_brand":[],"product_cat":[234],"product_tag":[],"giftcard-category":[],"class_list":{"0":"post-2487","1":"product","2":"type-product","3":"status-publish","4":"has-post-thumbnail","6":"product_cat-fers","8":"first","9":"instock","10":"shipping-taxable","11":"product-type-simple"},"aioseo_notices":[],"jetpack_sharing_enabled":true,"_links":{"self":[{"href":"https:\/\/berninabrussels.be\/index.php?rest_route=\/wp\/v2\/product\/2487","targetHints":{"allow":["GET"]}}],"collection":[{"href":"https:\/\/berninabrussels.be\/index.php?rest_route=\/wp\/v2\/product"}],"about":[{"href":"https:\/\/berninabrussels.be\/index.php?rest_route=\/wp\/v2\/types\/product"}],"replies":[{"embeddable":true,"href":"https:\/\/berninabrussels.be\/index.php?rest_route=%2Fwp%2Fv2%2Fcomments&post=2487"}],"wp:featuredmedia":[{"embeddable":true,"href":"https:\/\/berninabrussels.be\/index.php?rest_route=\/wp\/v2\/media\/2488"}],"wp:attachment":[{"href":"https:\/\/berninabrussels.be\/index.php?rest_route=%2Fwp%2Fv2%2Fmedia&parent=2487"}],"wp:term":[{"taxonomy":"product_brand","embeddable":true,"href":"https:\/\/berninabrussels.be\/index.php?rest_route=%2Fwp%2Fv2%2Fproduct_brand&post=2487"},{"taxonomy":"product_cat","embeddable":true,"href":"https:\/\/berninabrussels.be\/index.php?rest_route=%2Fwp%2Fv2%2Fproduct_cat&post=2487"},{"taxonomy":"product_tag","embeddable":true,"href":"https:\/\/berninabrussels.be\/index.php?rest_route=%2Fwp%2Fv2%2Fproduct_tag&post=2487"},{"taxonomy":"giftcard-category","embeddable":true,"href":"https:\/\/berninabrussels.be\/index.php?rest_route=%2Fwp%2Fv2%2Fgiftcard-category&post=2487"}],"curies":[{"name":"wp","href":"https:\/\/api.w.org\/{rel}","templated":true}]}}