{"id":2485,"date":"2023-05-15T17:29:52","date_gmt":"2023-05-15T15:29:52","guid":{"rendered":"https:\/\/berninabrussels.be\/?post_type=product&#038;p=2485"},"modified":"2023-05-15T17:29:52","modified_gmt":"2023-05-15T15:29:52","slug":"fer-a-repasser-a-vapeur-casoli-mod-fv-71","status":"publish","type":"product","link":"https:\/\/berninabrussels.be\/?product=fer-a-repasser-a-vapeur-casoli-mod-fv-71","title":{"rendered":"Fer \u00e0 repasser \u00e0 vapeur Casoli MOD. FV-71"},"content":{"rendered":"<h1>Fer \u00e0 repasser \u00e0 vapeur Casoli MOD. FV-71<\/h1>\n<p>CARACT\u00c9RISTIQUES TECHNIQUES:<\/p>\n<ul>\n<li>Il se compose de deux poids diff\u00e9rents: un de 2 kg et l\u2019autre de 3 kg avec une semelle en aluminium tremp\u00e9<\/li>\n<li>R\u00e9sistance blind\u00e9e d\u2019une dur\u00e9e illimit\u00e9e<\/li>\n<li>Thermostat int\u00e9gr\u00e9 STB<\/li>\n<li>Fil quadripolaire<\/li>\n<li>Poign\u00e9e en li\u00e8ge<\/li>\n<li>Fonctionnement monophas\u00e9 230V\/50Hz<\/li>\n<li>R\u00e9sistance 800\u00a0 W<\/li>\n<\/ul>\n<p>Un troller est disponible en option.<\/p>\n","protected":false},"excerpt":{"rendered":"<p>Fer \u00e0 repasser \u00e0 vapeur Casoli MOD. FV-71 CARACT\u00c9RISTIQUES TECHNIQUES: Il se compose de deux poids diff\u00e9rents: un de 2 kg et l\u2019autre de 3 kg avec une semelle en aluminium tremp\u00e9 R\u00e9sistance blind\u00e9e d\u2019une dur\u00e9e illimit\u00e9e Thermostat int\u00e9gr\u00e9 STB Fil quadripolaire Poign\u00e9e en li\u00e8ge Fonctionnement monophas\u00e9 230V\/50Hz R\u00e9sistance 800\u00a0 W Un troller est disponible&hellip;<\/p>\n","protected":false},"featured_media":2486,"comment_status":"open","ping_status":"closed","template":"","meta":{"om_disable_all_campaigns":false,"_monsterinsights_skip_tracking":false,"_monsterinsights_sitenote_active":false,"_monsterinsights_sitenote_note":"","_monsterinsights_sitenote_category":0,"_uf_show_specific_survey":0,"_uf_disable_surveys":false},"product_brand":[],"product_cat":[234],"product_tag":[],"giftcard-category":[],"class_list":{"0":"post-2485","1":"product","2":"type-product","3":"status-publish","4":"has-post-thumbnail","6":"product_cat-fers","8":"first","9":"instock","10":"shipping-taxable","11":"product-type-simple"},"aioseo_notices":[],"jetpack_sharing_enabled":true,"_links":{"self":[{"href":"https:\/\/berninabrussels.be\/index.php?rest_route=\/wp\/v2\/product\/2485","targetHints":{"allow":["GET"]}}],"collection":[{"href":"https:\/\/berninabrussels.be\/index.php?rest_route=\/wp\/v2\/product"}],"about":[{"href":"https:\/\/berninabrussels.be\/index.php?rest_route=\/wp\/v2\/types\/product"}],"replies":[{"embeddable":true,"href":"https:\/\/berninabrussels.be\/index.php?rest_route=%2Fwp%2Fv2%2Fcomments&post=2485"}],"wp:featuredmedia":[{"embeddable":true,"href":"https:\/\/berninabrussels.be\/index.php?rest_route=\/wp\/v2\/media\/2486"}],"wp:attachment":[{"href":"https:\/\/berninabrussels.be\/index.php?rest_route=%2Fwp%2Fv2%2Fmedia&parent=2485"}],"wp:term":[{"taxonomy":"product_brand","embeddable":true,"href":"https:\/\/berninabrussels.be\/index.php?rest_route=%2Fwp%2Fv2%2Fproduct_brand&post=2485"},{"taxonomy":"product_cat","embeddable":true,"href":"https:\/\/berninabrussels.be\/index.php?rest_route=%2Fwp%2Fv2%2Fproduct_cat&post=2485"},{"taxonomy":"product_tag","embeddable":true,"href":"https:\/\/berninabrussels.be\/index.php?rest_route=%2Fwp%2Fv2%2Fproduct_tag&post=2485"},{"taxonomy":"giftcard-category","embeddable":true,"href":"https:\/\/berninabrussels.be\/index.php?rest_route=%2Fwp%2Fv2%2Fgiftcard-category&post=2485"}],"curies":[{"name":"wp","href":"https:\/\/api.w.org\/{rel}","templated":true}]}}