{"id":2483,"date":"2023-05-15T17:29:52","date_gmt":"2023-05-15T15:29:52","guid":{"rendered":"https:\/\/berninabrussels.be\/?post_type=product&#038;p=2483"},"modified":"2025-05-25T19:01:26","modified_gmt":"2025-05-25T17:01:26","slug":"fer-a-vapeur-1800-kg-casoli-mod-fv-75","status":"publish","type":"product","link":"https:\/\/berninabrussels.be\/?product=fer-a-vapeur-1800-kg-casoli-mod-fv-75","title":{"rendered":"Fer \u00e0 vapeur 1,800 kg Casoli MOD. FV-75"},"content":{"rendered":"<p>CARACT\u00c9RISTIQUES TECHNIQUES:<\/p>\n<p>La r\u00e9sistance incorpor\u00e9e dans la semelle permet une transmission directe de la chaleur avec une \u00e9conomie d\u2019\u00e9nergie importante.<\/p>\n<ul>\n<li>Semelle avec r\u00e9sistance incorpor\u00e9e 800 W<\/li>\n<li>Thermostat int\u00e9gr\u00e9 STB<\/li>\n<li>Fil quadripolaire<\/li>\n<li>Poign\u00e9e en li\u00e8ge<\/li>\n<li>Fonctionnement monophas\u00e9 230\/50 Hz<\/li>\n<\/ul>\n<p>Un troller est disponible en option.<\/p>\n","protected":false},"excerpt":{"rendered":"<p>CARACT\u00c9RISTIQUES TECHNIQUES: La r\u00e9sistance incorpor\u00e9e dans la semelle permet une transmission directe de la chaleur avec une \u00e9conomie d\u2019\u00e9nergie importante. Semelle avec r\u00e9sistance incorpor\u00e9e 800 W Thermostat int\u00e9gr\u00e9 STB Fil quadripolaire Poign\u00e9e en li\u00e8ge Fonctionnement monophas\u00e9 230\/50 Hz Un troller est disponible en option.<\/p>\n","protected":false},"featured_media":2484,"comment_status":"open","ping_status":"closed","template":"","meta":{"om_disable_all_campaigns":false,"_monsterinsights_skip_tracking":false,"_monsterinsights_sitenote_active":false,"_monsterinsights_sitenote_note":"","_monsterinsights_sitenote_category":0,"_uf_show_specific_survey":0,"_uf_disable_surveys":false},"product_brand":[],"product_cat":[234],"product_tag":[],"giftcard-category":[],"class_list":{"0":"post-2483","1":"product","2":"type-product","3":"status-publish","4":"has-post-thumbnail","6":"product_cat-fers","8":"first","9":"instock","10":"shipping-taxable","11":"product-type-simple"},"aioseo_notices":[],"jetpack_sharing_enabled":true,"_links":{"self":[{"href":"https:\/\/berninabrussels.be\/index.php?rest_route=\/wp\/v2\/product\/2483","targetHints":{"allow":["GET"]}}],"collection":[{"href":"https:\/\/berninabrussels.be\/index.php?rest_route=\/wp\/v2\/product"}],"about":[{"href":"https:\/\/berninabrussels.be\/index.php?rest_route=\/wp\/v2\/types\/product"}],"replies":[{"embeddable":true,"href":"https:\/\/berninabrussels.be\/index.php?rest_route=%2Fwp%2Fv2%2Fcomments&post=2483"}],"wp:featuredmedia":[{"embeddable":true,"href":"https:\/\/berninabrussels.be\/index.php?rest_route=\/wp\/v2\/media\/2484"}],"wp:attachment":[{"href":"https:\/\/berninabrussels.be\/index.php?rest_route=%2Fwp%2Fv2%2Fmedia&parent=2483"}],"wp:term":[{"taxonomy":"product_brand","embeddable":true,"href":"https:\/\/berninabrussels.be\/index.php?rest_route=%2Fwp%2Fv2%2Fproduct_brand&post=2483"},{"taxonomy":"product_cat","embeddable":true,"href":"https:\/\/berninabrussels.be\/index.php?rest_route=%2Fwp%2Fv2%2Fproduct_cat&post=2483"},{"taxonomy":"product_tag","embeddable":true,"href":"https:\/\/berninabrussels.be\/index.php?rest_route=%2Fwp%2Fv2%2Fproduct_tag&post=2483"},{"taxonomy":"giftcard-category","embeddable":true,"href":"https:\/\/berninabrussels.be\/index.php?rest_route=%2Fwp%2Fv2%2Fgiftcard-category&post=2483"}],"curies":[{"name":"wp","href":"https:\/\/api.w.org\/{rel}","templated":true}]}}