{"id":2481,"date":"2023-05-15T17:29:52","date_gmt":"2023-05-15T15:29:52","guid":{"rendered":"https:\/\/berninabrussels.be\/?post_type=product&#038;p=2481"},"modified":"2025-05-25T20:13:08","modified_gmt":"2025-05-25T18:13:08","slug":"fer-a-repasser-automatique-professionnel-casoli-mod-fp-90","status":"publish","type":"product","link":"https:\/\/berninabrussels.be\/?product=fer-a-repasser-automatique-professionnel-casoli-mod-fp-90","title":{"rendered":"Fer \u00e0 repasser automatique professionnel Casoli MOD. FP-90"},"content":{"rendered":"<p>Pour r\u00e9pondre aux exigences du repassage sans vapeur:<\/p>\n<p>CARACT\u00c9RISTIQUES TECHNIQUES:<\/p>\n<ul>\n<li>Fer de 1,750 kg<\/li>\n<li>Semelle en aluminium avec r\u00e9sistance incorpor\u00e9e<\/li>\n<li>Thermostat bi-m\u00e9tallique<\/li>\n<li>Thermofusible<\/li>\n<li>230V\/50Hz<\/li>\n<li>R\u00e9sistance 800 W<\/li>\n<\/ul>\n","protected":false},"excerpt":{"rendered":"<p>Pour r\u00e9pondre aux exigences du repassage sans vapeur: CARACT\u00c9RISTIQUES TECHNIQUES: Fer de 1,750 kg Semelle en aluminium avec r\u00e9sistance incorpor\u00e9e Thermostat bi-m\u00e9tallique Thermofusible 230V\/50Hz R\u00e9sistance 800 W<\/p>\n","protected":false},"featured_media":2482,"comment_status":"open","ping_status":"closed","template":"","meta":{"om_disable_all_campaigns":false,"_monsterinsights_skip_tracking":false,"_monsterinsights_sitenote_active":false,"_monsterinsights_sitenote_note":"","_monsterinsights_sitenote_category":0,"_uf_show_specific_survey":0,"_uf_disable_surveys":false},"product_brand":[],"product_cat":[234],"product_tag":[],"giftcard-category":[],"class_list":{"0":"post-2481","1":"product","2":"type-product","3":"status-publish","4":"has-post-thumbnail","6":"product_cat-fers","8":"first","9":"instock","10":"shipping-taxable","11":"product-type-simple"},"aioseo_notices":[],"jetpack_sharing_enabled":true,"_links":{"self":[{"href":"https:\/\/berninabrussels.be\/index.php?rest_route=\/wp\/v2\/product\/2481","targetHints":{"allow":["GET"]}}],"collection":[{"href":"https:\/\/berninabrussels.be\/index.php?rest_route=\/wp\/v2\/product"}],"about":[{"href":"https:\/\/berninabrussels.be\/index.php?rest_route=\/wp\/v2\/types\/product"}],"replies":[{"embeddable":true,"href":"https:\/\/berninabrussels.be\/index.php?rest_route=%2Fwp%2Fv2%2Fcomments&post=2481"}],"wp:featuredmedia":[{"embeddable":true,"href":"https:\/\/berninabrussels.be\/index.php?rest_route=\/wp\/v2\/media\/2482"}],"wp:attachment":[{"href":"https:\/\/berninabrussels.be\/index.php?rest_route=%2Fwp%2Fv2%2Fmedia&parent=2481"}],"wp:term":[{"taxonomy":"product_brand","embeddable":true,"href":"https:\/\/berninabrussels.be\/index.php?rest_route=%2Fwp%2Fv2%2Fproduct_brand&post=2481"},{"taxonomy":"product_cat","embeddable":true,"href":"https:\/\/berninabrussels.be\/index.php?rest_route=%2Fwp%2Fv2%2Fproduct_cat&post=2481"},{"taxonomy":"product_tag","embeddable":true,"href":"https:\/\/berninabrussels.be\/index.php?rest_route=%2Fwp%2Fv2%2Fproduct_tag&post=2481"},{"taxonomy":"giftcard-category","embeddable":true,"href":"https:\/\/berninabrussels.be\/index.php?rest_route=%2Fwp%2Fv2%2Fgiftcard-category&post=2481"}],"curies":[{"name":"wp","href":"https:\/\/api.w.org\/{rel}","templated":true}]}}