{"id":245,"date":"2023-05-05T20:16:40","date_gmt":"2023-05-05T18:16:40","guid":{"rendered":"https:\/\/berninabrussels.be\/?post_type=product&#038;p=245"},"modified":"2024-04-03T15:08:14","modified_gmt":"2024-04-03T13:08:14","slug":"recouvreuse-b42-bernette","status":"publish","type":"product","link":"https:\/\/berninabrussels.be\/?product=recouvreuse-b42-bernette","title":{"rendered":"Recouvreuse B42 BERNETTE"},"content":{"rendered":"<p>La machine \u00e9conomique pour point enveloppant avec 4 fils et 3 aiguilles \u2013 pour des ourlets d\u2019une qualit\u00e9 professionnelle<\/p>\n<p>La bernette Funlock 42 est une machine pour point enveloppant qui propose 3 points enveloppants diff\u00e9rents d\u2019une largeur comprise entre 2,8 et 5,6 mm et un point de cha\u00eenette. Avec cette machine, tu pourras coudre des ourlets, des bordures et des manchettes avec des points professionnels afin que ton projet ait un rendu parfait. La bernette Funlock 42 permet d\u2019atteindre des r\u00e9sultats exceptionnels, m\u00eame avec des tissus extensibles et des tissus tricot\u00e9s fins. Gr\u00e2ce \u00e0 l\u2019enfile aiguille s\u00e9par\u00e9 et au m\u00e9canisme d\u2019enfilage du boucleur, l\u2019enfilage des aiguilles et des boucleurs devient un jeu d\u2019enfant. Pour offrir une excellente visibilit\u00e9 sur ton ouvrage de couture, la bernette Funlock 42 dispose \u00e9galement d\u2019un \u00e9clairage LED lumineux.<\/p>\n","protected":false},"excerpt":{"rendered":"<p>La machine \u00e9conomique pour point enveloppant avec 4 fils et 3 aiguilles \u2013 pour des ourlets d\u2019une qualit\u00e9 professionnelle La bernette Funlock 42 est une machine pour point enveloppant qui propose 3 points enveloppants diff\u00e9rents d\u2019une largeur comprise entre 2,8 et 5,6 mm et un point de cha\u00eenette. Avec cette machine, tu pourras coudre des&hellip;<\/p>\n","protected":false},"featured_media":246,"comment_status":"open","ping_status":"closed","template":"","meta":{"om_disable_all_campaigns":false,"_monsterinsights_skip_tracking":false,"_monsterinsights_sitenote_active":false,"_monsterinsights_sitenote_note":"","_monsterinsights_sitenote_category":0,"_uf_show_specific_survey":0,"_uf_disable_surveys":false},"product_brand":[],"product_cat":[29,31,53],"product_tag":[],"giftcard-category":[],"class_list":{"0":"post-245","1":"product","2":"type-product","3":"status-publish","4":"has-post-thumbnail","6":"product_cat-machines","7":"product_cat-recouvreuses","8":"product_cat-surjeteuse-recouvreuse","10":"first","11":"instock","12":"sale","13":"shipping-taxable","14":"purchasable","15":"product-type-simple"},"aioseo_notices":[],"jetpack_sharing_enabled":true,"_links":{"self":[{"href":"https:\/\/berninabrussels.be\/index.php?rest_route=\/wp\/v2\/product\/245","targetHints":{"allow":["GET"]}}],"collection":[{"href":"https:\/\/berninabrussels.be\/index.php?rest_route=\/wp\/v2\/product"}],"about":[{"href":"https:\/\/berninabrussels.be\/index.php?rest_route=\/wp\/v2\/types\/product"}],"replies":[{"embeddable":true,"href":"https:\/\/berninabrussels.be\/index.php?rest_route=%2Fwp%2Fv2%2Fcomments&post=245"}],"wp:featuredmedia":[{"embeddable":true,"href":"https:\/\/berninabrussels.be\/index.php?rest_route=\/wp\/v2\/media\/246"}],"wp:attachment":[{"href":"https:\/\/berninabrussels.be\/index.php?rest_route=%2Fwp%2Fv2%2Fmedia&parent=245"}],"wp:term":[{"taxonomy":"product_brand","embeddable":true,"href":"https:\/\/berninabrussels.be\/index.php?rest_route=%2Fwp%2Fv2%2Fproduct_brand&post=245"},{"taxonomy":"product_cat","embeddable":true,"href":"https:\/\/berninabrussels.be\/index.php?rest_route=%2Fwp%2Fv2%2Fproduct_cat&post=245"},{"taxonomy":"product_tag","embeddable":true,"href":"https:\/\/berninabrussels.be\/index.php?rest_route=%2Fwp%2Fv2%2Fproduct_tag&post=245"},{"taxonomy":"giftcard-category","embeddable":true,"href":"https:\/\/berninabrussels.be\/index.php?rest_route=%2Fwp%2Fv2%2Fgiftcard-category&post=245"}],"curies":[{"name":"wp","href":"https:\/\/api.w.org\/{rel}","templated":true}]}}