{"id":2448,"date":"2023-05-15T17:30:14","date_gmt":"2023-05-15T15:30:14","guid":{"rendered":"https:\/\/berninabrussels.be\/?post_type=product&#038;p=2448"},"modified":"2025-05-26T07:34:35","modified_gmt":"2025-05-26T05:34:35","slug":"reverberi-m28-11-fer-seul","status":"publish","type":"product","link":"https:\/\/berninabrussels.be\/?product=reverberi-m28-11-fer-seul","title":{"rendered":"Reverberi M28\/11 fer seul"},"content":{"rendered":"<h3>Fer \u00e0 repasser Reverberri M28\/11<\/h3>\n<div>Le fer \u00e0 repasser est la composante la plus importante d&rsquo;une installation de repassage compl\u00e8te.\u00a0<span style=\"color: navy;\">Une poign\u00e9e ergonomique\u00a0<\/span>vous permet de manipuler le fer toute la journ\u00e9e sans fatigue.<\/div>\n<div>La concentration\u00a0<span style=\"color: navy;\">de trous sur la semelle<\/span>\u00a0permet une grande superficie de repassage, pour un repassage \u00e0 sec parfait, tandis que le\u00a0<span style=\"color: navy;\">thermostat r\u00e9glable<\/span>\u00a0garantit une temp\u00e9rature de repassage constante et ad\u00e9quate.<\/div>\n<div>Nos fers \u00e0 repasser sont \u00e9quip\u00e9s d&rsquo;une\u00a0<span style=\"color: navy;\">s\u00e9curit\u00e9 suppl\u00e9mentaire<\/span>, gr\u00e2ce \u00e0 laquelle l&rsquo;alimentation sera coup\u00e9e en cas de surchauffe. Le\u00a0<span style=\"color: navy;\">cordon d&rsquo;alimentation en vapeur et \u00e9lectrique de 2,5 m\u00e8tres de long<\/span>\u00a0vous permet d&rsquo;atteindre sans peine le bout de la planche \u00e0 repasser.<\/div>\n","protected":false},"excerpt":{"rendered":"<p>Fer \u00e0 repasser Reverberri M28\/11 Le fer \u00e0 repasser est la composante la plus importante d&rsquo;une installation de repassage compl\u00e8te.\u00a0Une poign\u00e9e ergonomique\u00a0vous permet de manipuler le fer toute la journ\u00e9e sans fatigue. La concentration\u00a0de trous sur la semelle\u00a0permet une grande superficie de repassage, pour un repassage \u00e0 sec parfait, tandis que le\u00a0thermostat r\u00e9glable\u00a0garantit une temp\u00e9rature&hellip;<\/p>\n","protected":false},"featured_media":2449,"comment_status":"open","ping_status":"closed","template":"","meta":{"om_disable_all_campaigns":false,"_monsterinsights_skip_tracking":false,"_monsterinsights_sitenote_active":false,"_monsterinsights_sitenote_note":"","_monsterinsights_sitenote_category":0,"_uf_show_specific_survey":0,"_uf_disable_surveys":false},"product_brand":[],"product_cat":[234],"product_tag":[],"giftcard-category":[],"class_list":{"0":"post-2448","1":"product","2":"type-product","3":"status-publish","4":"has-post-thumbnail","6":"product_cat-fers","8":"first","9":"instock","10":"shipping-taxable","11":"purchasable","12":"product-type-simple"},"aioseo_notices":[],"jetpack_sharing_enabled":true,"_links":{"self":[{"href":"https:\/\/berninabrussels.be\/index.php?rest_route=\/wp\/v2\/product\/2448","targetHints":{"allow":["GET"]}}],"collection":[{"href":"https:\/\/berninabrussels.be\/index.php?rest_route=\/wp\/v2\/product"}],"about":[{"href":"https:\/\/berninabrussels.be\/index.php?rest_route=\/wp\/v2\/types\/product"}],"replies":[{"embeddable":true,"href":"https:\/\/berninabrussels.be\/index.php?rest_route=%2Fwp%2Fv2%2Fcomments&post=2448"}],"wp:featuredmedia":[{"embeddable":true,"href":"https:\/\/berninabrussels.be\/index.php?rest_route=\/wp\/v2\/media\/2449"}],"wp:attachment":[{"href":"https:\/\/berninabrussels.be\/index.php?rest_route=%2Fwp%2Fv2%2Fmedia&parent=2448"}],"wp:term":[{"taxonomy":"product_brand","embeddable":true,"href":"https:\/\/berninabrussels.be\/index.php?rest_route=%2Fwp%2Fv2%2Fproduct_brand&post=2448"},{"taxonomy":"product_cat","embeddable":true,"href":"https:\/\/berninabrussels.be\/index.php?rest_route=%2Fwp%2Fv2%2Fproduct_cat&post=2448"},{"taxonomy":"product_tag","embeddable":true,"href":"https:\/\/berninabrussels.be\/index.php?rest_route=%2Fwp%2Fv2%2Fproduct_tag&post=2448"},{"taxonomy":"giftcard-category","embeddable":true,"href":"https:\/\/berninabrussels.be\/index.php?rest_route=%2Fwp%2Fv2%2Fgiftcard-category&post=2448"}],"curies":[{"name":"wp","href":"https:\/\/api.w.org\/{rel}","templated":true}]}}