{"id":2440,"date":"2023-05-15T17:30:14","date_gmt":"2023-05-15T15:30:14","guid":{"rendered":"https:\/\/berninabrussels.be\/?post_type=product&#038;p=2440"},"modified":"2023-05-15T17:30:14","modified_gmt":"2023-05-15T15:30:14","slug":"chaudiere-m210-simplex-reverberi","status":"publish","type":"product","link":"https:\/\/berninabrussels.be\/?product=chaudiere-m210-simplex-reverberi","title":{"rendered":"Chaudi\u00e8re M210 Simplex Reverberi"},"content":{"rendered":"<p>Ce\u00a0<span style=\"color: navy;\">g\u00e9n\u00e9rateur de vapeur<\/span>\u00a0constitue la solution id\u00e9ale pour les ateliers de repassage. Peu importe que vous repassiez deux heures ou dix heures, le g\u00e9n\u00e9rateur de vapeur peut fonctionner toute la journ\u00e9e. Il se\u00a0<span style=\"color: navy;\">remplit d&rsquo;eau automatiquement<\/span>\u00a0si n\u00e9cessaire. L&rsquo;appareil est \u00e9quip\u00e9 d&rsquo;un\u00a0<span style=\"color: navy;\">manom\u00e8tre<\/span>\u00a0et de<span style=\"color: navy;\">\u00a0voyants de contr\u00f4le<\/span>. La\u00a0<span style=\"color: navy;\">r\u00e9sistance\u00a0<\/span>se compose de deux ou trois \u00e9l\u00e9ments distincts, de sorte que si l&rsquo;un tombe en panne, vous pouvez malgr\u00e9 tout continuer \u00e0 travailler. Cet appareil est disponible avec un\u00a0<span style=\"color: navy;\">r\u00e9servoir d&rsquo;eau froide<\/span>\u00a0ou\u00a0<span style=\"color: navy;\">raccordement direct<\/span>\u00a0\u00e0 l&rsquo;eau de dstribution.<\/p>\n<p>G\u00e9n\u00e9rateur de vapeur indiqu\u00e9 pour servir deux places de travail. Il est id\u00e9al pour blanchisseries, confections, communaut\u00e9s, et n&rsquo;importe o\u00f9 il est n\u00e9cessaire d&rsquo;avoir une grande et durable distribution de vapeur.<\/p>\n<p>Cette chaudi\u00e8re est construite suivant les plus s\u00e9v\u00e8res normes de s\u00e9curit\u00e9, donc la machine est plus s\u00fbre pour les op\u00e9rateurs qui travaillent \u00e0 proximit\u00e9. Elle est construite en plusieurs versions: avec alimentation 220 V monophas\u00e9 ou 380 V triphas\u00e9, avec remplissage manuel du r\u00e9servoir int\u00e9rieur.Toutes les machines ont un dispositif \u00e9lectronique, qui maintient constant le niveau d&rsquo;eau dans la chaudi\u00e8re, en garantissant une excellente distribution de vapeur.<\/p>\n","protected":false},"excerpt":{"rendered":"<p>Ce\u00a0g\u00e9n\u00e9rateur de vapeur\u00a0constitue la solution id\u00e9ale pour les ateliers de repassage. Peu importe que vous repassiez deux heures ou dix heures, le g\u00e9n\u00e9rateur de vapeur peut fonctionner toute la journ\u00e9e. Il se\u00a0remplit d&rsquo;eau automatiquement\u00a0si n\u00e9cessaire. L&rsquo;appareil est \u00e9quip\u00e9 d&rsquo;un\u00a0manom\u00e8tre\u00a0et de\u00a0voyants de contr\u00f4le. La\u00a0r\u00e9sistance\u00a0se compose de deux ou trois \u00e9l\u00e9ments distincts, de sorte que si l&rsquo;un&hellip;<\/p>\n","protected":false},"featured_media":2441,"comment_status":"open","ping_status":"closed","template":"","meta":{"om_disable_all_campaigns":false,"_monsterinsights_skip_tracking":false,"_monsterinsights_sitenote_active":false,"_monsterinsights_sitenote_note":"","_monsterinsights_sitenote_category":0,"_uf_show_specific_survey":0,"_uf_disable_surveys":false},"product_brand":[],"product_cat":[239],"product_tag":[],"giftcard-category":[],"class_list":{"0":"post-2440","1":"product","2":"type-product","3":"status-publish","4":"has-post-thumbnail","6":"product_cat-chaudieres","8":"first","9":"instock","10":"shipping-taxable","11":"purchasable","12":"product-type-simple"},"aioseo_notices":[],"jetpack_sharing_enabled":true,"_links":{"self":[{"href":"https:\/\/berninabrussels.be\/index.php?rest_route=\/wp\/v2\/product\/2440","targetHints":{"allow":["GET"]}}],"collection":[{"href":"https:\/\/berninabrussels.be\/index.php?rest_route=\/wp\/v2\/product"}],"about":[{"href":"https:\/\/berninabrussels.be\/index.php?rest_route=\/wp\/v2\/types\/product"}],"replies":[{"embeddable":true,"href":"https:\/\/berninabrussels.be\/index.php?rest_route=%2Fwp%2Fv2%2Fcomments&post=2440"}],"wp:featuredmedia":[{"embeddable":true,"href":"https:\/\/berninabrussels.be\/index.php?rest_route=\/wp\/v2\/media\/2441"}],"wp:attachment":[{"href":"https:\/\/berninabrussels.be\/index.php?rest_route=%2Fwp%2Fv2%2Fmedia&parent=2440"}],"wp:term":[{"taxonomy":"product_brand","embeddable":true,"href":"https:\/\/berninabrussels.be\/index.php?rest_route=%2Fwp%2Fv2%2Fproduct_brand&post=2440"},{"taxonomy":"product_cat","embeddable":true,"href":"https:\/\/berninabrussels.be\/index.php?rest_route=%2Fwp%2Fv2%2Fproduct_cat&post=2440"},{"taxonomy":"product_tag","embeddable":true,"href":"https:\/\/berninabrussels.be\/index.php?rest_route=%2Fwp%2Fv2%2Fproduct_tag&post=2440"},{"taxonomy":"giftcard-category","embeddable":true,"href":"https:\/\/berninabrussels.be\/index.php?rest_route=%2Fwp%2Fv2%2Fgiftcard-category&post=2440"}],"curies":[{"name":"wp","href":"https:\/\/api.w.org\/{rel}","templated":true}]}}