{"id":2436,"date":"2023-05-15T17:30:14","date_gmt":"2023-05-15T15:30:14","guid":{"rendered":"https:\/\/berninabrussels.be\/?post_type=product&#038;p=2436"},"modified":"2025-02-19T16:21:38","modified_gmt":"2025-02-19T15:21:38","slug":"chaudiere-reverberi-gl5","status":"publish","type":"product","link":"https:\/\/berninabrussels.be\/?product=chaudiere-reverberi-gl5","title":{"rendered":"Chaudi\u00e8re Reverberi GL5"},"content":{"rendered":"<p>Cette gamme de g\u00e9n\u00e9rateurs de vapeur est assur\u00e9ment id\u00e9ale pour un usage professionnel et priv\u00e9. Ces appareils sont non seulement\u00a0<b>solides<\/b>, mais aussi\u00a0<b>fiables<\/b>\u00a0et\u00a0<b>s\u00fbrs<\/b>. Que voulez-vous de plus?<\/p>\n","protected":false},"excerpt":{"rendered":"<p>Cette gamme de g\u00e9n\u00e9rateurs de vapeur est assur\u00e9ment id\u00e9ale pour un usage professionnel et priv\u00e9. Ces appareils sont non seulement\u00a0solides, mais aussi\u00a0fiables\u00a0et\u00a0s\u00fbrs. Que voulez-vous de plus?<\/p>\n","protected":false},"featured_media":2437,"comment_status":"open","ping_status":"closed","template":"","meta":{"om_disable_all_campaigns":false,"_monsterinsights_skip_tracking":false,"_monsterinsights_sitenote_active":false,"_monsterinsights_sitenote_note":"","_monsterinsights_sitenote_category":0,"_uf_show_specific_survey":0,"_uf_disable_surveys":false},"product_brand":[],"product_cat":[239],"product_tag":[],"giftcard-category":[],"class_list":{"0":"post-2436","1":"product","2":"type-product","3":"status-publish","4":"has-post-thumbnail","6":"product_cat-chaudieres","8":"first","9":"instock","10":"shipping-taxable","11":"purchasable","12":"product-type-simple"},"aioseo_notices":[],"jetpack_sharing_enabled":true,"_links":{"self":[{"href":"https:\/\/berninabrussels.be\/index.php?rest_route=\/wp\/v2\/product\/2436","targetHints":{"allow":["GET"]}}],"collection":[{"href":"https:\/\/berninabrussels.be\/index.php?rest_route=\/wp\/v2\/product"}],"about":[{"href":"https:\/\/berninabrussels.be\/index.php?rest_route=\/wp\/v2\/types\/product"}],"replies":[{"embeddable":true,"href":"https:\/\/berninabrussels.be\/index.php?rest_route=%2Fwp%2Fv2%2Fcomments&post=2436"}],"wp:featuredmedia":[{"embeddable":true,"href":"https:\/\/berninabrussels.be\/index.php?rest_route=\/wp\/v2\/media\/2437"}],"wp:attachment":[{"href":"https:\/\/berninabrussels.be\/index.php?rest_route=%2Fwp%2Fv2%2Fmedia&parent=2436"}],"wp:term":[{"taxonomy":"product_brand","embeddable":true,"href":"https:\/\/berninabrussels.be\/index.php?rest_route=%2Fwp%2Fv2%2Fproduct_brand&post=2436"},{"taxonomy":"product_cat","embeddable":true,"href":"https:\/\/berninabrussels.be\/index.php?rest_route=%2Fwp%2Fv2%2Fproduct_cat&post=2436"},{"taxonomy":"product_tag","embeddable":true,"href":"https:\/\/berninabrussels.be\/index.php?rest_route=%2Fwp%2Fv2%2Fproduct_tag&post=2436"},{"taxonomy":"giftcard-category","embeddable":true,"href":"https:\/\/berninabrussels.be\/index.php?rest_route=%2Fwp%2Fv2%2Fgiftcard-category&post=2436"}],"curies":[{"name":"wp","href":"https:\/\/api.w.org\/{rel}","templated":true}]}}