{"id":243,"date":"2023-05-05T20:11:02","date_gmt":"2023-05-05T18:11:02","guid":{"rendered":"https:\/\/berninabrussels.be\/?post_type=product&#038;p=243"},"modified":"2024-04-03T15:10:35","modified_gmt":"2024-04-03T13:10:35","slug":"surjeteuse-bernette-b44","status":"publish","type":"product","link":"https:\/\/berninabrussels.be\/?product=surjeteuse-bernette-b44","title":{"rendered":"SURJETEUSE BERNETTE B44"},"content":{"rendered":"<h3>Cette surjeteuse \u00e9conomique pour les d\u00e9butants int\u00e8gre 15 points<\/h3>\n<p>La bernette Funlock 44 offre de nombreuses fonctionnalit\u00e9s pratiques pour te permettre de ma\u00eetriser rapidement l\u2019art du surjet. Avec 15 points, sa gamme de points compacte permet de r\u00e9aliser tous les types de couture au point de surjet. L\u2019enfilage du boucleur et de l\u2019aiguille est facilit\u00e9 par les guides fils color\u00e9s de la bernette Funlock 44. L\u2019entra\u00eenement du couteau s\u2019effectue depuis le bas. Il est donc possible d\u2019ajuster la largeur de point avec une seule main. L\u2019\u00e9clairage LED lumineux offre une excellente visibilit\u00e9. La b44 est rapide avec une vitesse pouvant atteindre jusqu\u2019\u00e0 1 300 points par minute.<\/p>\n","protected":false},"excerpt":{"rendered":"<p>Cette surjeteuse \u00e9conomique pour les d\u00e9butants int\u00e8gre 15 points La bernette Funlock 44 offre de nombreuses fonctionnalit\u00e9s pratiques pour te permettre de ma\u00eetriser rapidement l\u2019art du surjet. Avec 15 points, sa gamme de points compacte permet de r\u00e9aliser tous les types de couture au point de surjet. L\u2019enfilage du boucleur et de l\u2019aiguille est facilit\u00e9&hellip;<\/p>\n","protected":false},"featured_media":250,"comment_status":"open","ping_status":"closed","template":"","meta":{"om_disable_all_campaigns":false,"_monsterinsights_skip_tracking":false,"_monsterinsights_sitenote_active":false,"_monsterinsights_sitenote_note":"","_monsterinsights_sitenote_category":0,"_uf_show_specific_survey":0,"_uf_disable_surveys":false},"product_brand":[],"product_cat":[29,45,53],"product_tag":[],"giftcard-category":[],"class_list":{"0":"post-243","1":"product","2":"type-product","3":"status-publish","4":"has-post-thumbnail","6":"product_cat-machines","7":"product_cat-surjeteuse-accesoires","8":"product_cat-surjeteuse-recouvreuse","10":"first","11":"instock","12":"sale","13":"shipping-taxable","14":"purchasable","15":"product-type-simple"},"aioseo_notices":[],"jetpack_sharing_enabled":true,"_links":{"self":[{"href":"https:\/\/berninabrussels.be\/index.php?rest_route=\/wp\/v2\/product\/243","targetHints":{"allow":["GET"]}}],"collection":[{"href":"https:\/\/berninabrussels.be\/index.php?rest_route=\/wp\/v2\/product"}],"about":[{"href":"https:\/\/berninabrussels.be\/index.php?rest_route=\/wp\/v2\/types\/product"}],"replies":[{"embeddable":true,"href":"https:\/\/berninabrussels.be\/index.php?rest_route=%2Fwp%2Fv2%2Fcomments&post=243"}],"wp:featuredmedia":[{"embeddable":true,"href":"https:\/\/berninabrussels.be\/index.php?rest_route=\/wp\/v2\/media\/250"}],"wp:attachment":[{"href":"https:\/\/berninabrussels.be\/index.php?rest_route=%2Fwp%2Fv2%2Fmedia&parent=243"}],"wp:term":[{"taxonomy":"product_brand","embeddable":true,"href":"https:\/\/berninabrussels.be\/index.php?rest_route=%2Fwp%2Fv2%2Fproduct_brand&post=243"},{"taxonomy":"product_cat","embeddable":true,"href":"https:\/\/berninabrussels.be\/index.php?rest_route=%2Fwp%2Fv2%2Fproduct_cat&post=243"},{"taxonomy":"product_tag","embeddable":true,"href":"https:\/\/berninabrussels.be\/index.php?rest_route=%2Fwp%2Fv2%2Fproduct_tag&post=243"},{"taxonomy":"giftcard-category","embeddable":true,"href":"https:\/\/berninabrussels.be\/index.php?rest_route=%2Fwp%2Fv2%2Fgiftcard-category&post=243"}],"curies":[{"name":"wp","href":"https:\/\/api.w.org\/{rel}","templated":true}]}}