{"id":2412,"date":"2023-05-15T13:08:18","date_gmt":"2023-05-15T11:08:18","guid":{"rendered":"https:\/\/berninabrussels.be\/?post_type=product&#038;p=2412"},"modified":"2024-08-30T14:44:45","modified_gmt":"2024-08-30T12:44:45","slug":"huskvarna-brilloance-75q","status":"publish","type":"product","link":"https:\/\/berninabrussels.be\/?product=huskvarna-brilloance-75q","title":{"rendered":"Huskvarna Brilloance 75Q"},"content":{"rendered":"<div class=\"tabs-container\">\n<div class=\"text-block\">Une histoire cousue par vous.\u00a0Donnez vie \u00e0 vos r\u00eaves avec la machine \u00e0 coudre HUSQVARNA\u00a0<sup>\u00ae<\/sup>\u00a0VIKING\u00a0<sup>\u00ae<\/sup>\u00a0BRILLIANCE\u2122 75Q.\u00a0Les couturi\u00e8res du monde entier reconnaissent la valeur de la vraie qualit\u00e9 et la beaut\u00e9 d&rsquo;atteindre des choses plus grandes et meilleures.\u00a0\u00c0 vous de jouer, votre avenir reste \u00e0 coudre !<\/div>\n<\/div>\n<div><\/div>\n<div class=\"twocolumns\">\n<div class=\"holder\">\n<div class=\"column same-height-left\">\n<div class=\"column-content\">\n<div class=\"lists-block\">\n<div class=\"list-box\">\n<p><strong>Caract\u00e9ristiques:<\/strong><\/p>\n<ul>\n<li>\u00c9cran couleur tactile interactif\u00a0<strong>3.5\u201d<\/strong>\u00a0(70&#215;53 mm), r\u00e9solution 320&#215;240<\/li>\n<li>Surface de couture spacieuse de\u00a0<strong>250 mm<\/strong>\u00a0(10\u201d)<\/li>\n<li>Fonction exclusive\u00a0<strong>SEWING ADVISOR\u00ae<\/strong><\/li>\n<li>Techniques de point exclusives HUSQVARNA VIKING\u00ae, y compris les points dimensionnels (brevet\u00e9s) et les points \u00e0 th\u00e8me.<\/li>\n<li>Technologie exclusive\u00a0<strong>SENSOR SYSTEM\u2122<\/strong><\/li>\n<li>Plus de\u00a0<strong>460<\/strong>\u00a0points int\u00e9gr\u00e9s, class\u00e9s dans 19 cat\u00e9gories<\/li>\n<li>Boutons de fonctions de couture pratiques : aiguille en haut\/en bas, marche\/arr\u00eat, stop, fix<\/li>\n<li>Coupe-fil automatique<\/li>\n<li><strong>4<\/strong>\u00a0alphabets de couture, avec majuscules et minuscules<\/li>\n<li>Plaque \u00e0 aiguille pour point droit et capteur<\/li>\n<li>Couture en mouvement lat\u00e9ral jusqu\u2019\u00e0 54 mm de large<\/li>\n<li><strong>11\u00a0<\/strong>styles de boutonni\u00e8res parfaitement \u00e9quilibr\u00e9es<\/li>\n<li><strong>29<\/strong>\u00a0positions d&rsquo;aiguillePiqu\u00e9 libre avec tous les points<\/li>\n<li><strong>2<\/strong>\u00a0modes de piqu\u00e9 libre<\/li>\n<li>S\u00e9curit\u00e9 de largeur de point<\/li>\n<li>Fonction de tapering d\u00e9coratif<\/li>\n<li>Positionnement de point<\/li>\n<li><strong>24<\/strong>\u00a0m\u00e9moires permanentes dans \u00ab Mes points \u00bb<\/li>\n<li>Inversion de points en miroir<\/li>\n<li>S\u00e9curit\u00e9 d&rsquo;aiguille double<\/li>\n<li>R\u00e9glage automatique \u00e9lectronique de la tension de fil<\/li>\n<li>Enfile-aiguille int\u00e9gr\u00e9<\/li>\n<li>Capteur de fil de canette avec alerte<\/li>\n<li>\u00c9clairage LED de l\u2019espace de travail<\/li>\n<li>Abaissement automatique des griffes d&rsquo;entra\u00eenement<\/li>\n<li>Bobinage de canette \u00e0 partir de l&rsquo;aiguille<\/li>\n<li>Aide rapide<\/li>\n<li>R\u00e8gle de 43 cm (17\u201d) sur le socle<\/li>\n<li>R\u00e8gle \u00e0 boutons sur le socle<\/li>\n<li>Porte-stylet int\u00e9gr\u00e9<\/li>\n<li>Couvercle rigide de protection pour le rangement<\/li>\n<li>Possibilit\u00e9 de mise \u00e0 jour<\/li>\n<li>Port USB<\/li>\n<\/ul>\n<p>&nbsp;<\/p>\n<table class=\"lesPlus\" width=\"100%\" cellspacing=\"5\" cellpadding=\"0\">\n<tbody>\n<tr>\n<td align=\"center\"><\/td>\n<td>\n<ul>\n<li><b>Ecran tactile couleur<\/b><\/li>\n<li><strong>Fonction exclusive SEWING ADVISOR\u00ae<\/strong><\/li>\n<li><strong>Coupe fil automatique<\/strong><\/li>\n<li><strong>Grand espace de travail<\/strong><\/li>\n<\/ul>\n<\/td>\n<\/tr>\n<\/tbody>\n<\/table>\n<div class=\"line contentLibre\">\n<div class=\"line contentLibre l1\">\n<div class=\"l2 m2 s1\">\n<div><img data-recalc-dims=\"1\" decoding=\"async\" src=\"https:\/\/i0.wp.com\/coudreetbroder.com\/img\/cms\/medias-pwb\/husqvarna-brillance-75q-z1.jpg?w=1140&#038;ssl=1\" alt=\"husqvarna viking brilliance 75Q\" \/><\/div>\n<div class=\"texte_catalogue\"><strong>La beaut\u00e9 en mouvement<\/strong><\/div>\n<div class=\"texte_catalogue\">La machine BRILLIANCE\u2122 75Q a \u00e9t\u00e9 con\u00e7ue pour les couturi\u00e8res et les quilteuses. Choisissez entre deux r\u00e9glages de piqu\u00e9 libre pour le quilting ou de superbes broderies en piqu\u00e9 libre avec n\u2019importe quel point. Choisissez le r\u00e9glage de piqu\u00e9 libre vous convenant le mieux : l\u2019action ressort en piqu\u00e9 libre ou le piqu\u00e9 libre flottant. Vous obtiendrez des r\u00e9sultats spectaculaires !<\/p>\n<\/div>\n<\/div>\n<div class=\"l2 m2 s1\">\n<div><img data-recalc-dims=\"1\" decoding=\"async\" src=\"https:\/\/i0.wp.com\/coudreetbroder.com\/img\/cms\/medias-pwb\/husqvarna-brillance-75q-z2.jpg?w=1140&#038;ssl=1\" alt=\"husqvarna viking brilliance 75Q\" \/><\/div>\n<div class=\"texte_catalogue\"><strong>Des possibilit\u00e9s illimit\u00e9es<\/strong><\/div>\n<div class=\"texte_catalogue\">Les possibilit\u00e9s sont immenses, avec plus de 460 points class\u00e9s dans 19 cat\u00e9gories pour une s\u00e9lection facile et des points de jusqu\u2019\u00e0 54 mm de large. Cousez avec les techniques de point exclusives brevet\u00e9es ou choisissez parmi 4 alphabets de couture contenant des majuscules et des minuscules pour faciliter la programmation.\n<\/div>\n<\/div>\n<\/div>\n<\/div>\n<p>&nbsp;<\/p>\n<div><\/div>\n<table width=\"100%\" cellspacing=\"2\" cellpadding=\"10\">\n<tbody>\n<tr align=\"center\" valign=\"top\">\n<td colspan=\"2\"><b>Accessoires et Pieds inclus :<\/b><\/td>\n<\/tr>\n<tr align=\"left\" valign=\"top\">\n<td><b>Accessoires :<\/b><\/p>\n<ul>\n<li>Plaque pour point droit<\/li>\n<\/ul>\n<\/td>\n<td><b>Pieds :<\/b><\/p>\n<ul>\n<li>Pied utilitaire A<\/li>\n<li>Pied pour point d\u00e9coratifs B<\/li>\n<li>Pied pour boutonni\u00e8re C<\/li>\n<li>Pied pour ourlet invisible D<\/li>\n<li>Pied pour fermeture \u00e0 glissi\u00e8re E<\/li>\n<li>Pied antiadh\u00e9sif H<\/li>\n<li>Pied bordeur J<\/li>\n<li>Pied P d&rsquo;assemblage 1\/4&Prime; pour courtepointe<\/li>\n<li>Pied R pour broderie\/racommodage<\/li>\n<li>Pied S pour couture en mouvement lat\u00e9ral<\/li>\n<li>Pied senseur pour boutonni\u00e8re une \u00e9tape<\/li>\n<li>Pied ouvert transparent<\/li>\n<\/ul>\n<\/td>\n<\/tr>\n<tr align=\"left\" valign=\"top\">\n<td colspan=\"2\"><b>\u00c9galement inclus<\/b>\u00a0: Notice en fran\u00e7ais<\/td>\n<\/tr>\n<\/tbody>\n<\/table>\n<div class=\"line contentLibre\">\n<div class=\"line contentLibre l1\">\n<div class=\"l2 m2 s1\"><\/div>\n<\/div>\n<div class=\"line contentLibre l1\">\n<div class=\"l2 m2 s1\"><\/div>\n<\/div>\n<\/div>\n<table width=\"100%\" cellspacing=\"2\" cellpadding=\"10\">\n<tbody>\n<tr align=\"left\" valign=\"top\">\n<td colspan=\"2\"><a href=\"https:\/\/coudreetbroder.com\/accessoires\/husqvarna-viking\/?q=COMPATIBILIT%C3%89+HUSQVARNA%5C-VIKING-Brilliance+75Q\" target=\"_blank\" rel=\"noopener\"><strong>Retrouvez tous les accessoires compatibles avec cette machine ici<\/strong><\/a><\/td>\n<\/tr>\n<\/tbody>\n<\/table>\n<p>&nbsp;<\/p>\n<\/div>\n<\/div>\n<\/div>\n<\/div>\n<\/div>\n<\/div>\n","protected":false},"excerpt":{"rendered":"<p>Une histoire cousue par vous.\u00a0Donnez vie \u00e0 vos r\u00eaves avec la machine \u00e0 coudre HUSQVARNA\u00a0\u00ae\u00a0VIKING\u00a0\u00ae\u00a0BRILLIANCE\u2122 75Q.\u00a0Les couturi\u00e8res du monde entier reconnaissent la valeur de la vraie qualit\u00e9 et la beaut\u00e9 d&rsquo;atteindre des choses plus grandes et meilleures.\u00a0\u00c0 vous de jouer, votre avenir reste \u00e0 coudre ! Caract\u00e9ristiques: \u00c9cran couleur tactile interactif\u00a03.5\u201d\u00a0(70&#215;53 mm), r\u00e9solution 320&#215;240 Surface&hellip;<\/p>\n","protected":false},"featured_media":2413,"comment_status":"open","ping_status":"closed","template":"","meta":{"om_disable_all_campaigns":false,"_monsterinsights_skip_tracking":false,"_monsterinsights_sitenote_active":false,"_monsterinsights_sitenote_note":"","_monsterinsights_sitenote_category":0,"_uf_show_specific_survey":0,"_uf_disable_surveys":false},"product_brand":[],"product_cat":[40,29,16],"product_tag":[],"giftcard-category":[],"class_list":{"0":"post-2412","1":"product","2":"type-product","3":"status-publish","4":"has-post-thumbnail","6":"product_cat-electronique","7":"product_cat-machines","8":"product_cat-machines-menageres","10":"first","11":"instock","12":"sale","13":"shipping-taxable","14":"purchasable","15":"product-type-simple"},"aioseo_notices":[],"jetpack_sharing_enabled":true,"_links":{"self":[{"href":"https:\/\/berninabrussels.be\/index.php?rest_route=\/wp\/v2\/product\/2412","targetHints":{"allow":["GET"]}}],"collection":[{"href":"https:\/\/berninabrussels.be\/index.php?rest_route=\/wp\/v2\/product"}],"about":[{"href":"https:\/\/berninabrussels.be\/index.php?rest_route=\/wp\/v2\/types\/product"}],"replies":[{"embeddable":true,"href":"https:\/\/berninabrussels.be\/index.php?rest_route=%2Fwp%2Fv2%2Fcomments&post=2412"}],"wp:featuredmedia":[{"embeddable":true,"href":"https:\/\/berninabrussels.be\/index.php?rest_route=\/wp\/v2\/media\/2413"}],"wp:attachment":[{"href":"https:\/\/berninabrussels.be\/index.php?rest_route=%2Fwp%2Fv2%2Fmedia&parent=2412"}],"wp:term":[{"taxonomy":"product_brand","embeddable":true,"href":"https:\/\/berninabrussels.be\/index.php?rest_route=%2Fwp%2Fv2%2Fproduct_brand&post=2412"},{"taxonomy":"product_cat","embeddable":true,"href":"https:\/\/berninabrussels.be\/index.php?rest_route=%2Fwp%2Fv2%2Fproduct_cat&post=2412"},{"taxonomy":"product_tag","embeddable":true,"href":"https:\/\/berninabrussels.be\/index.php?rest_route=%2Fwp%2Fv2%2Fproduct_tag&post=2412"},{"taxonomy":"giftcard-category","embeddable":true,"href":"https:\/\/berninabrussels.be\/index.php?rest_route=%2Fwp%2Fv2%2Fgiftcard-category&post=2412"}],"curies":[{"name":"wp","href":"https:\/\/api.w.org\/{rel}","templated":true}]}}