{"id":2410,"date":"2023-05-15T13:03:27","date_gmt":"2023-05-15T11:03:27","guid":{"rendered":"https:\/\/berninabrussels.be\/?post_type=product&#038;p=2410"},"modified":"2025-11-23T19:49:23","modified_gmt":"2025-11-23T18:49:23","slug":"huskvarna-tribute-150","status":"publish","type":"product","link":"https:\/\/berninabrussels.be\/?product=huskvarna-tribute-150","title":{"rendered":"Huskvarna Tribute 150 machin d&rsquo;expo"},"content":{"rendered":"<p>C\u00e9l\u00e9brez les 150 ans de HUSQVARNA\u00a0<sup>\u00ae<\/sup>\u00a0VIKING\u00a0<sup>\u00ae<\/sup>\u00a0avec la\u00a0\u00a0machine \u00e0 coudre informatis\u00e9e\u00a0TRIBUTE \u2122 150C en \u00e9dition limit\u00e9e.\u00a0La\u00a0 machine\u00a0TRIBUTE\u00a0\u2122 150C englobe un riche h\u00e9ritage de marque avec de nouvelles couleurs, un magnifique logo anniversaire et un \u00e9tui d&rsquo;accessoires en \u00e9dition limit\u00e9e.\u00a0Les principales caract\u00e9ristiques telles que le SEWING ADVISOR\u2122 exclusif, les boutonni\u00e8res parfaitement \u00e9quilibr\u00e9es, l&rsquo;affichage graphique et plus de 160 points et polices font de cette machine le moyen id\u00e9al pour comm\u00e9morer 150 ans d&rsquo;ing\u00e9nierie sup\u00e9rieure et de technologie de pointe.<\/p>\n","protected":false},"excerpt":{"rendered":"<p>C\u00e9l\u00e9brez les 150 ans de HUSQVARNA\u00a0\u00ae\u00a0VIKING\u00a0\u00ae\u00a0avec la\u00a0\u00a0machine \u00e0 coudre informatis\u00e9e\u00a0TRIBUTE \u2122 150C en \u00e9dition limit\u00e9e.\u00a0La\u00a0 machine\u00a0TRIBUTE\u00a0\u2122 150C englobe un riche h\u00e9ritage de marque avec de nouvelles couleurs, un magnifique logo anniversaire et un \u00e9tui d&rsquo;accessoires en \u00e9dition limit\u00e9e.\u00a0Les principales caract\u00e9ristiques telles que le SEWING ADVISOR\u2122 exclusif, les boutonni\u00e8res parfaitement \u00e9quilibr\u00e9es, l&rsquo;affichage graphique et plus de&hellip;<\/p>\n","protected":false},"featured_media":2411,"comment_status":"open","ping_status":"closed","template":"","meta":{"om_disable_all_campaigns":false,"_monsterinsights_skip_tracking":false,"_monsterinsights_sitenote_active":false,"_monsterinsights_sitenote_note":"","_monsterinsights_sitenote_category":0,"_uf_show_specific_survey":0,"_uf_disable_surveys":false},"product_brand":[],"product_cat":[40,29,16],"product_tag":[],"giftcard-category":[],"class_list":{"0":"post-2410","1":"product","2":"type-product","3":"status-publish","4":"has-post-thumbnail","6":"product_cat-electronique","7":"product_cat-machines","8":"product_cat-machines-menageres","10":"first","11":"instock","12":"sale","13":"shipping-taxable","14":"purchasable","15":"product-type-simple"},"aioseo_notices":[],"jetpack_sharing_enabled":true,"_links":{"self":[{"href":"https:\/\/berninabrussels.be\/index.php?rest_route=\/wp\/v2\/product\/2410","targetHints":{"allow":["GET"]}}],"collection":[{"href":"https:\/\/berninabrussels.be\/index.php?rest_route=\/wp\/v2\/product"}],"about":[{"href":"https:\/\/berninabrussels.be\/index.php?rest_route=\/wp\/v2\/types\/product"}],"replies":[{"embeddable":true,"href":"https:\/\/berninabrussels.be\/index.php?rest_route=%2Fwp%2Fv2%2Fcomments&post=2410"}],"wp:featuredmedia":[{"embeddable":true,"href":"https:\/\/berninabrussels.be\/index.php?rest_route=\/wp\/v2\/media\/2411"}],"wp:attachment":[{"href":"https:\/\/berninabrussels.be\/index.php?rest_route=%2Fwp%2Fv2%2Fmedia&parent=2410"}],"wp:term":[{"taxonomy":"product_brand","embeddable":true,"href":"https:\/\/berninabrussels.be\/index.php?rest_route=%2Fwp%2Fv2%2Fproduct_brand&post=2410"},{"taxonomy":"product_cat","embeddable":true,"href":"https:\/\/berninabrussels.be\/index.php?rest_route=%2Fwp%2Fv2%2Fproduct_cat&post=2410"},{"taxonomy":"product_tag","embeddable":true,"href":"https:\/\/berninabrussels.be\/index.php?rest_route=%2Fwp%2Fv2%2Fproduct_tag&post=2410"},{"taxonomy":"giftcard-category","embeddable":true,"href":"https:\/\/berninabrussels.be\/index.php?rest_route=%2Fwp%2Fv2%2Fgiftcard-category&post=2410"}],"curies":[{"name":"wp","href":"https:\/\/api.w.org\/{rel}","templated":true}]}}