{"id":2400,"date":"2023-05-15T12:50:10","date_gmt":"2023-05-15T10:50:10","guid":{"rendered":"https:\/\/berninabrussels.be\/?post_type=product&#038;p=2400"},"modified":"2025-11-23T19:54:33","modified_gmt":"2025-11-23T18:54:33","slug":"machine-a-coudre-pfaff-quilt-expression-720-2","status":"publish","type":"product","link":"https:\/\/berninabrussels.be\/?product=machine-a-coudre-pfaff-quilt-expression-720-2","title":{"rendered":"Machine \u00e0 coudre PFAFF Quilt Expression 720 (exposition)"},"content":{"rendered":"<h3>Machine \u00e0 coudre Pfaff Quilt Expression 720<\/h3>\n<p>+ Cours de prise en main offert<\/p>\n<p><strong>+ trolley Pfaff en cadeau (179 \u20ac) <img data-recalc-dims=\"1\" decoding=\"async\" class=\"alignnone wp-image-2737\" src=\"https:\/\/i0.wp.com\/berninabrussels.be\/wp-content\/uploads\/2023\/05\/trolley-pfaff.png?resize=203%2C203&#038;ssl=1\" alt=\"\" width=\"203\" height=\"203\" srcset=\"https:\/\/i0.wp.com\/berninabrussels.be\/wp-content\/uploads\/2023\/05\/trolley-pfaff.png?resize=300%2C300&amp;ssl=1 300w, https:\/\/i0.wp.com\/berninabrussels.be\/wp-content\/uploads\/2023\/05\/trolley-pfaff.png?resize=150%2C150&amp;ssl=1 150w, https:\/\/i0.wp.com\/berninabrussels.be\/wp-content\/uploads\/2023\/05\/trolley-pfaff.png?resize=100%2C100&amp;ssl=1 100w, https:\/\/i0.wp.com\/berninabrussels.be\/wp-content\/uploads\/2023\/05\/trolley-pfaff.png?w=400&amp;ssl=1 400w\" sizes=\"(max-width: 203px) 100vw, 203px\" \/><\/strong><\/p>\n<h4>CONTR\u00d4LE \u00c9L\u00c9GANT&#8230;<\/h4>\n","protected":false},"excerpt":{"rendered":"<p>Machine \u00e0 coudre Pfaff Quilt Expression 720 + Cours de prise en main offert + trolley Pfaff en cadeau (179 \u20ac) CONTR\u00d4LE \u00c9L\u00c9GANT&#8230;<\/p>\n","protected":false},"featured_media":2401,"comment_status":"open","ping_status":"closed","template":"","meta":{"om_disable_all_campaigns":false,"_monsterinsights_skip_tracking":false,"_monsterinsights_sitenote_active":false,"_monsterinsights_sitenote_note":"","_monsterinsights_sitenote_category":0,"_uf_show_specific_survey":0,"_uf_disable_surveys":false},"product_brand":[],"product_cat":[40,29,16],"product_tag":[],"giftcard-category":[],"class_list":{"0":"post-2400","1":"product","2":"type-product","3":"status-publish","4":"has-post-thumbnail","6":"product_cat-electronique","7":"product_cat-machines","8":"product_cat-machines-menageres","10":"first","11":"instock","12":"sale","13":"shipping-taxable","14":"purchasable","15":"product-type-simple"},"aioseo_notices":[],"jetpack_sharing_enabled":true,"_links":{"self":[{"href":"https:\/\/berninabrussels.be\/index.php?rest_route=\/wp\/v2\/product\/2400","targetHints":{"allow":["GET"]}}],"collection":[{"href":"https:\/\/berninabrussels.be\/index.php?rest_route=\/wp\/v2\/product"}],"about":[{"href":"https:\/\/berninabrussels.be\/index.php?rest_route=\/wp\/v2\/types\/product"}],"replies":[{"embeddable":true,"href":"https:\/\/berninabrussels.be\/index.php?rest_route=%2Fwp%2Fv2%2Fcomments&post=2400"}],"wp:featuredmedia":[{"embeddable":true,"href":"https:\/\/berninabrussels.be\/index.php?rest_route=\/wp\/v2\/media\/2401"}],"wp:attachment":[{"href":"https:\/\/berninabrussels.be\/index.php?rest_route=%2Fwp%2Fv2%2Fmedia&parent=2400"}],"wp:term":[{"taxonomy":"product_brand","embeddable":true,"href":"https:\/\/berninabrussels.be\/index.php?rest_route=%2Fwp%2Fv2%2Fproduct_brand&post=2400"},{"taxonomy":"product_cat","embeddable":true,"href":"https:\/\/berninabrussels.be\/index.php?rest_route=%2Fwp%2Fv2%2Fproduct_cat&post=2400"},{"taxonomy":"product_tag","embeddable":true,"href":"https:\/\/berninabrussels.be\/index.php?rest_route=%2Fwp%2Fv2%2Fproduct_tag&post=2400"},{"taxonomy":"giftcard-category","embeddable":true,"href":"https:\/\/berninabrussels.be\/index.php?rest_route=%2Fwp%2Fv2%2Fgiftcard-category&post=2400"}],"curies":[{"name":"wp","href":"https:\/\/api.w.org\/{rel}","templated":true}]}}