{"id":240,"date":"2023-05-05T20:06:57","date_gmt":"2023-05-05T18:06:57","guid":{"rendered":"https:\/\/berninabrussels.be\/?post_type=product&#038;p=240"},"modified":"2023-05-10T10:53:52","modified_gmt":"2023-05-10T08:53:52","slug":"machine-a-coudre-singer-fashion-mate-3342","status":"publish","type":"product","link":"https:\/\/berninabrussels.be\/?product=machine-a-coudre-singer-fashion-mate-3342","title":{"rendered":"Machine \u00e0 coudre SINGER Fashion Mate 3342"},"content":{"rendered":"<h3>Machine \u00e0 coudre Singer Fashion Mate\u2122 3342<\/h3>\n<h4>D\u00e9marrez la couture facilement<\/h4>\n<p>La machine \u00e0 coudre Fashion Mate 3342 poss\u00e8de les \u00e9l\u00e9ments de base dont vous avez besoin pour commencer \u00e0 coudre ! Cr\u00e9ez des objets d&rsquo;artisanat, des objets de d\u00e9coration simples ou des articles de mode &#8211; et vous ne manquerez probablement jamais d&rsquo;id\u00e9es de cadeaux. Personnalisez chaque projet en utilisant 110 applications de points diff\u00e9rentes, une grande vari\u00e9t\u00e9 de types de points avec une longueur et une largeur r\u00e9glables.<\/p>\n<p>Cousez des boutonni\u00e8res en une seule \u00e9tape facile &#8211; que vous les cousiez sur des v\u00eatements et des accessoires, des coussins et bien plus encore &#8211; vous obtiendrez des r\u00e9sultats constants \u00e0 chaque fois.<\/p>\n","protected":false},"excerpt":{"rendered":"<p>Machine \u00e0 coudre Singer Fashion Mate\u2122 3342 D\u00e9marrez la couture facilement La machine \u00e0 coudre Fashion Mate 3342 poss\u00e8de les \u00e9l\u00e9ments de base dont vous avez besoin pour commencer \u00e0 coudre ! Cr\u00e9ez des objets d&rsquo;artisanat, des objets de d\u00e9coration simples ou des articles de mode &#8211; et vous ne manquerez probablement jamais d&rsquo;id\u00e9es de&hellip;<\/p>\n","protected":false},"featured_media":242,"comment_status":"open","ping_status":"closed","template":"","meta":{"om_disable_all_campaigns":false,"_monsterinsights_skip_tracking":false,"_monsterinsights_sitenote_active":false,"_monsterinsights_sitenote_note":"","_monsterinsights_sitenote_category":0,"_uf_show_specific_survey":0,"_uf_disable_surveys":false},"product_brand":[],"product_cat":[29,16,41],"product_tag":[],"giftcard-category":[],"class_list":{"0":"post-240","1":"product","2":"type-product","3":"status-publish","4":"has-post-thumbnail","6":"product_cat-machines","7":"product_cat-machines-menageres","8":"product_cat-mecanique","10":"first","11":"instock","12":"sale","13":"shipping-taxable","14":"purchasable","15":"product-type-simple"},"aioseo_notices":[],"jetpack_sharing_enabled":true,"_links":{"self":[{"href":"https:\/\/berninabrussels.be\/index.php?rest_route=\/wp\/v2\/product\/240","targetHints":{"allow":["GET"]}}],"collection":[{"href":"https:\/\/berninabrussels.be\/index.php?rest_route=\/wp\/v2\/product"}],"about":[{"href":"https:\/\/berninabrussels.be\/index.php?rest_route=\/wp\/v2\/types\/product"}],"replies":[{"embeddable":true,"href":"https:\/\/berninabrussels.be\/index.php?rest_route=%2Fwp%2Fv2%2Fcomments&post=240"}],"wp:featuredmedia":[{"embeddable":true,"href":"https:\/\/berninabrussels.be\/index.php?rest_route=\/wp\/v2\/media\/242"}],"wp:attachment":[{"href":"https:\/\/berninabrussels.be\/index.php?rest_route=%2Fwp%2Fv2%2Fmedia&parent=240"}],"wp:term":[{"taxonomy":"product_brand","embeddable":true,"href":"https:\/\/berninabrussels.be\/index.php?rest_route=%2Fwp%2Fv2%2Fproduct_brand&post=240"},{"taxonomy":"product_cat","embeddable":true,"href":"https:\/\/berninabrussels.be\/index.php?rest_route=%2Fwp%2Fv2%2Fproduct_cat&post=240"},{"taxonomy":"product_tag","embeddable":true,"href":"https:\/\/berninabrussels.be\/index.php?rest_route=%2Fwp%2Fv2%2Fproduct_tag&post=240"},{"taxonomy":"giftcard-category","embeddable":true,"href":"https:\/\/berninabrussels.be\/index.php?rest_route=%2Fwp%2Fv2%2Fgiftcard-category&post=240"}],"curies":[{"name":"wp","href":"https:\/\/api.w.org\/{rel}","templated":true}]}}