{"id":2390,"date":"2023-05-15T12:11:32","date_gmt":"2023-05-15T10:11:32","guid":{"rendered":"https:\/\/berninabrussels.be\/?post_type=product&#038;p=2390"},"modified":"2025-11-23T19:59:40","modified_gmt":"2025-11-23T18:59:40","slug":"machine-a-coudre-smarter-by-pfaff-140s","status":"publish","type":"product","link":"https:\/\/berninabrussels.be\/?product=machine-a-coudre-smarter-by-pfaff-140s","title":{"rendered":"Machine \u00e0 coudre SMARTER BY PFAFF\u2122 140s (expo)"},"content":{"rendered":"<h3 class=\"product-heading\"><span>Exprimez-Vous \u00c0 Travers La Couture<\/span><\/h3>\n<p><span>D\u00e9veloppez vos comp\u00e9tences en couture avec des fonctionnalit\u00e9s intelligentes, notamment un enfile-aiguille et 21 points avec une largeur r\u00e9glable de 6 mm.\u00a0<\/span><\/p>\n<h3 class=\"product-feature-title\"><span>En Bref<\/span><\/h3>\n<ul>\n<li><span>Enfile-aiguille int\u00e9gr\u00e9<\/span><\/li>\n<li><span>Largeur de point r\u00e9glable de 6 mm<\/span><\/li>\n<li><span>Lumi\u00e8re LED<\/span><\/li>\n<li><span>Couverture rigide incluse<\/span><\/li>\n<\/ul>\n","protected":false},"excerpt":{"rendered":"<p>Exprimez-Vous \u00c0 Travers La Couture D\u00e9veloppez vos comp\u00e9tences en couture avec des fonctionnalit\u00e9s intelligentes, notamment un enfile-aiguille et 21 points avec une largeur r\u00e9glable de 6 mm.\u00a0 En Bref Enfile-aiguille int\u00e9gr\u00e9 Largeur de point r\u00e9glable de 6 mm Lumi\u00e8re LED Couverture rigide incluse<\/p>\n","protected":false},"featured_media":2391,"comment_status":"open","ping_status":"closed","template":"","meta":{"om_disable_all_campaigns":false,"_monsterinsights_skip_tracking":false,"_monsterinsights_sitenote_active":false,"_monsterinsights_sitenote_note":"","_monsterinsights_sitenote_category":0,"_uf_show_specific_survey":0,"_uf_disable_surveys":false},"product_brand":[],"product_cat":[29,16,41],"product_tag":[],"giftcard-category":[],"class_list":{"0":"post-2390","1":"product","2":"type-product","3":"status-publish","4":"has-post-thumbnail","6":"product_cat-machines","7":"product_cat-machines-menageres","8":"product_cat-mecanique","10":"first","11":"instock","12":"sale","13":"shipping-taxable","14":"purchasable","15":"product-type-simple"},"aioseo_notices":[],"jetpack_sharing_enabled":true,"_links":{"self":[{"href":"https:\/\/berninabrussels.be\/index.php?rest_route=\/wp\/v2\/product\/2390","targetHints":{"allow":["GET"]}}],"collection":[{"href":"https:\/\/berninabrussels.be\/index.php?rest_route=\/wp\/v2\/product"}],"about":[{"href":"https:\/\/berninabrussels.be\/index.php?rest_route=\/wp\/v2\/types\/product"}],"replies":[{"embeddable":true,"href":"https:\/\/berninabrussels.be\/index.php?rest_route=%2Fwp%2Fv2%2Fcomments&post=2390"}],"wp:featuredmedia":[{"embeddable":true,"href":"https:\/\/berninabrussels.be\/index.php?rest_route=\/wp\/v2\/media\/2391"}],"wp:attachment":[{"href":"https:\/\/berninabrussels.be\/index.php?rest_route=%2Fwp%2Fv2%2Fmedia&parent=2390"}],"wp:term":[{"taxonomy":"product_brand","embeddable":true,"href":"https:\/\/berninabrussels.be\/index.php?rest_route=%2Fwp%2Fv2%2Fproduct_brand&post=2390"},{"taxonomy":"product_cat","embeddable":true,"href":"https:\/\/berninabrussels.be\/index.php?rest_route=%2Fwp%2Fv2%2Fproduct_cat&post=2390"},{"taxonomy":"product_tag","embeddable":true,"href":"https:\/\/berninabrussels.be\/index.php?rest_route=%2Fwp%2Fv2%2Fproduct_tag&post=2390"},{"taxonomy":"giftcard-category","embeddable":true,"href":"https:\/\/berninabrussels.be\/index.php?rest_route=%2Fwp%2Fv2%2Fgiftcard-category&post=2390"}],"curies":[{"name":"wp","href":"https:\/\/api.w.org\/{rel}","templated":true}]}}