{"id":2383,"date":"2023-05-15T11:43:14","date_gmt":"2023-05-15T09:43:14","guid":{"rendered":"https:\/\/berninabrussels.be\/?post_type=product&#038;p=2383"},"modified":"2025-11-23T20:13:53","modified_gmt":"2025-11-23T19:13:53","slug":"machine-veritas-bessie","status":"publish","type":"product","link":"https:\/\/berninabrussels.be\/?product=machine-veritas-bessie","title":{"rendered":"Machine Veritas Bessie"},"content":{"rendered":"<p><strong>Le grand \u00e9cran de la VERITAS Bessie affiche clairement tous les r\u00e9glages des points.<\/strong><\/p>\n<p>La longueur de point est r\u00e9glable entre 0 et 4,5 mm et la largeur entre 0 et 7 mm, puis enregistr\u00e9e \u00e0 l&rsquo;aide de la fonction de m\u00e9moire. Avec la VERITAS Bessie, coudre est facile, m\u00eame sans p\u00e9dale. La machine peut \u00e9galement \u00eatre command\u00e9e manuellement \u00e0 l&rsquo;aide de la touche Marche\/Arr\u00eat. L&rsquo;enfile-aiguille automatique et le coupe-fil automatique pour le fil sup\u00e9rieur et le fil de canette par simple appui sur une touche, ainsi que la touche point de renfort garantissent d&rsquo;excellents r\u00e9sultats.<\/p>\n","protected":false},"excerpt":{"rendered":"<p>Prix sur devis<\/p>\n","protected":false},"featured_media":2384,"comment_status":"open","ping_status":"closed","template":"","meta":{"om_disable_all_campaigns":false,"_monsterinsights_skip_tracking":false,"_monsterinsights_sitenote_active":false,"_monsterinsights_sitenote_note":"","_monsterinsights_sitenote_category":0,"_uf_show_specific_survey":0,"_uf_disable_surveys":false},"product_brand":[],"product_cat":[40,29,16],"product_tag":[],"giftcard-category":[],"class_list":{"0":"post-2383","1":"product","2":"type-product","3":"status-publish","4":"has-post-thumbnail","6":"product_cat-electronique","7":"product_cat-machines","8":"product_cat-machines-menageres","10":"first","11":"instock","12":"sale","13":"shipping-taxable","14":"purchasable","15":"product-type-simple"},"aioseo_notices":[],"jetpack_sharing_enabled":true,"_links":{"self":[{"href":"https:\/\/berninabrussels.be\/index.php?rest_route=\/wp\/v2\/product\/2383","targetHints":{"allow":["GET"]}}],"collection":[{"href":"https:\/\/berninabrussels.be\/index.php?rest_route=\/wp\/v2\/product"}],"about":[{"href":"https:\/\/berninabrussels.be\/index.php?rest_route=\/wp\/v2\/types\/product"}],"replies":[{"embeddable":true,"href":"https:\/\/berninabrussels.be\/index.php?rest_route=%2Fwp%2Fv2%2Fcomments&post=2383"}],"wp:featuredmedia":[{"embeddable":true,"href":"https:\/\/berninabrussels.be\/index.php?rest_route=\/wp\/v2\/media\/2384"}],"wp:attachment":[{"href":"https:\/\/berninabrussels.be\/index.php?rest_route=%2Fwp%2Fv2%2Fmedia&parent=2383"}],"wp:term":[{"taxonomy":"product_brand","embeddable":true,"href":"https:\/\/berninabrussels.be\/index.php?rest_route=%2Fwp%2Fv2%2Fproduct_brand&post=2383"},{"taxonomy":"product_cat","embeddable":true,"href":"https:\/\/berninabrussels.be\/index.php?rest_route=%2Fwp%2Fv2%2Fproduct_cat&post=2383"},{"taxonomy":"product_tag","embeddable":true,"href":"https:\/\/berninabrussels.be\/index.php?rest_route=%2Fwp%2Fv2%2Fproduct_tag&post=2383"},{"taxonomy":"giftcard-category","embeddable":true,"href":"https:\/\/berninabrussels.be\/index.php?rest_route=%2Fwp%2Fv2%2Fgiftcard-category&post=2383"}],"curies":[{"name":"wp","href":"https:\/\/api.w.org\/{rel}","templated":true}]}}