{"id":2378,"date":"2023-05-15T11:41:02","date_gmt":"2023-05-15T09:41:02","guid":{"rendered":"https:\/\/berninabrussels.be\/?post_type=product&#038;p=2378"},"modified":"2025-11-23T20:18:01","modified_gmt":"2025-11-23T19:18:01","slug":"machine-veritas-florence","status":"publish","type":"product","link":"https:\/\/berninabrussels.be\/?product=machine-veritas-florence","title":{"rendered":"Machine Veritas Florence"},"content":{"rendered":"<p><strong>Il n&rsquo;est pas facile de d\u00e9crire la diversit\u00e9 de VERITAS Florence, car ce n&rsquo;est pas seulement une machine \u00e0 broder de haute qualit\u00e9, mais aussi une excellente machine \u00e0 coudre !<\/strong><\/p>\n<p>L&rsquo;application correspondante peut \u00eatre utilis\u00e9e pour choisir des mod\u00e8les de broderie, m\u00eame ceux t\u00e9l\u00e9charg\u00e9s sur Internet, car l&rsquo;application peut g\u00e9rer tous les formats de fichiers courants. \u00c0 l&rsquo;\u00e9cran, les motifs peuvent \u00eatre modifi\u00e9s, adapt\u00e9s ou compl\u00e9t\u00e9s intuitivement au niveau de la couleur et de la taille. Ensuite, il vous suffit de les envoyer \u00e0 la machine \u00e0 coudre en appuyant sur une touche et \u00e0 enfiler le fil appropri\u00e9.<\/p>\n<p>La VERITAS Florence r\u00e9alise des travaux de couture de haute qualit\u00e9 en un tournemain. Gr\u00e2ce \u00e0 ses 120 types de points et \u00e0 ses nombreuses fonctionnalit\u00e9s pratiques, elle fait partie de la ligue sup\u00e9rieure des machines \u00e0 coudre et r\u00e9pond quasiment \u00e0 toutes les attentes.<\/p>\n","protected":false},"excerpt":{"rendered":"<p>Prix sur devis<\/p>\n","protected":false},"featured_media":2382,"comment_status":"open","ping_status":"closed","template":"","meta":{"om_disable_all_campaigns":false,"_monsterinsights_skip_tracking":false,"_monsterinsights_sitenote_active":false,"_monsterinsights_sitenote_note":"","_monsterinsights_sitenote_category":0,"_uf_show_specific_survey":0,"_uf_disable_surveys":false},"product_brand":[],"product_cat":[72,75,29],"product_tag":[],"giftcard-category":[],"class_list":{"0":"post-2378","1":"product","2":"type-product","3":"status-publish","4":"has-post-thumbnail","6":"product_cat-machine-a-broder","7":"product_cat-machine-combinee-couture-et-broderie","8":"product_cat-machines","10":"first","11":"instock","12":"sale","13":"shipping-taxable","14":"purchasable","15":"product-type-simple"},"aioseo_notices":[],"jetpack_sharing_enabled":true,"_links":{"self":[{"href":"https:\/\/berninabrussels.be\/index.php?rest_route=\/wp\/v2\/product\/2378","targetHints":{"allow":["GET"]}}],"collection":[{"href":"https:\/\/berninabrussels.be\/index.php?rest_route=\/wp\/v2\/product"}],"about":[{"href":"https:\/\/berninabrussels.be\/index.php?rest_route=\/wp\/v2\/types\/product"}],"replies":[{"embeddable":true,"href":"https:\/\/berninabrussels.be\/index.php?rest_route=%2Fwp%2Fv2%2Fcomments&post=2378"}],"wp:featuredmedia":[{"embeddable":true,"href":"https:\/\/berninabrussels.be\/index.php?rest_route=\/wp\/v2\/media\/2382"}],"wp:attachment":[{"href":"https:\/\/berninabrussels.be\/index.php?rest_route=%2Fwp%2Fv2%2Fmedia&parent=2378"}],"wp:term":[{"taxonomy":"product_brand","embeddable":true,"href":"https:\/\/berninabrussels.be\/index.php?rest_route=%2Fwp%2Fv2%2Fproduct_brand&post=2378"},{"taxonomy":"product_cat","embeddable":true,"href":"https:\/\/berninabrussels.be\/index.php?rest_route=%2Fwp%2Fv2%2Fproduct_cat&post=2378"},{"taxonomy":"product_tag","embeddable":true,"href":"https:\/\/berninabrussels.be\/index.php?rest_route=%2Fwp%2Fv2%2Fproduct_tag&post=2378"},{"taxonomy":"giftcard-category","embeddable":true,"href":"https:\/\/berninabrussels.be\/index.php?rest_route=%2Fwp%2Fv2%2Fgiftcard-category&post=2378"}],"curies":[{"name":"wp","href":"https:\/\/api.w.org\/{rel}","templated":true}]}}